{"id":7118,"date":"2025-04-04T10:59:38","date_gmt":"2025-04-04T08:59:38","guid":{"rendered":"https:\/\/www.cofidur-groupe.com\/sport-verbindet\/"},"modified":"2026-03-03T10:35:32","modified_gmt":"2026-03-03T09:35:32","slug":"sport-verbindet","status":"publish","type":"page","link":"https:\/\/www.cofidur-groupe.com\/de\/sport-verbindet\/","title":{"rendered":"Sport verbindet"},"content":{"rendered":"<section class=\"banner_page \"><div class=\"inner\"><p id=\"breadcrumbs\"><span><span><a href=\"https:\/\/www.cofidur-groupe.com\/de\/\">Groupe Cofidur<\/a><\/span><\/span><\/p><div class=\"banner_page_container banner_width \"><h1 class=\"title-deco\">Sport verbindet<\/h1><p class=\"\">Unterst\u00fctzen, Spitzenleistungen f\u00f6rdern, gewinnen: Als Partner und Sponsoren stehen wir Sportvereinen zur Seite, um mit ihnen zusammen neue H\u00f6chstleistungen zu erzielen.<\/p><\/div><\/div><\/section>\n<div style=\"height:70px\" aria-hidden=\"true\" class=\"wp-block-spacer\"><\/div>\n\n<section class=\"block block-partenaires container-fluid\">\n    <div class=\"inner\">\n        <div class=\"banner_page_container banner_width\">\n                    <\/div>\n        <div\n            class=\"partners overlay-vert row invert\">\n                                    <div class='partner pb-8 col-12 row'>\n                <div class=\"col-lg-6 col-md-6 col-sm-12\">\n                    <div class=\"image\">\n                        <a href=\"https:\/\/www.stade-lavallois.com\/\">\n                            <img decoding=\"async\" src=\"https:\/\/www.cofidur-groupe.com\/wp-content\/uploads\/2025\/03\/1200px-Logo_Stade_lavallois_MFC_2015.svg_-824x1024-1.webp\" alt=\"\"\n                                title=\"1200px Logo Stade lavallois MFC 2015.svg 824x1024\">\n                        <\/a>\n                    <\/div>\n                <\/div>\n                <div class=\"col-lg-6 col-md-6 col-sm-12\">\n                    <div class=\"text\">\n                        <h5 style=\"text-align: center;\" data-start=\"434\" data-end=\"463\"><strong data-start=\"438\" data-end=\"463\">LE STADE LAVALLOIS MAYENNE FC<\/strong><\/h5>\n<p class=\"\" data-start=\"199\" data-end=\"432\">Wir haben die Ehre, den Stade Lavallois zu unterst\u00fctzen, einen historischen franz\u00f6sischen Fu\u00dfballverein seit 1902. Durch diese Zusammenarbeit bekr\u00e4ftigen wir unser Engagement f\u00fcr Leistung, Leidenschaft und sportliche Exzellenz. <\/p>\n<h6 data-start=\"434\" data-end=\"463\"><strong data-start=\"438\" data-end=\"463\">Ein engagierter Partner<\/strong><\/h6>\n<p class=\"\" data-start=\"465\" data-end=\"777\">Als Partner unterst\u00fctzen wir den Stade Lavallois bei seinen Projekten und tragen so zu seiner Entwicklung und seiner Sichtbarkeit bei. Diese Partnerschaft bietet uns die M\u00f6glichkeit, einzigartige Momente mit den Fans und den Mitgliedern des Vereins zu erleben und st\u00e4rkt damit unsere Pr\u00e4senz und unser Engagement. <\/p>\n<p data-start=\"465\" data-end=\"777\">Wir gratulieren dem Stade Lavallois Mayenne FC, der den 7. Platz in der Ligue-2-Tabelle f\u00fcr die Saison 2024\/2025 erreicht hat.<\/p>\n<h6 data-start=\"779\" data-end=\"836\"><strong data-start=\"779\" data-end=\"836\">Kommen Sie und erleben Sie den Stade Lavallois hautnah!<\/strong><\/h6>\n                        <a class=\"bouton primary\" href=\"https:\/\/www.stade-lavallois.com\/\">Zur Webseite des Stade Lavallois Mayenne FC<\/a>\n                    <\/div>\n                <\/div>\n            <\/div>\n                        <div class='partner pb-8 col-12 row'>\n                <div class=\"col-lg-6 col-md-6 col-sm-12\">\n                    <div class=\"image\">\n                        <a href=\"https:\/\/www.boulazac-basket-dordogne.com\/\">\n                            <img decoding=\"async\" src=\"https:\/\/www.cofidur-groupe.com\/wp-content\/uploads\/2025\/03\/Design-sans-titre-38-e1743411315436.png\" alt=\"\"\n                                title=\"Design sans titre (38)\">\n                        <\/a>\n                    <\/div>\n                <\/div>\n                <div class=\"col-lg-6 col-md-6 col-sm-12\">\n                    <div class=\"text\">\n                        <h5 style=\"text-align: center;\" data-start=\"434\" data-end=\"463\"><strong data-start=\"438\" data-end=\"463\">LE BOULAZAC BASKET DORDOGNE<\/strong><\/h5>\n<p data-pm-slice=\"1 1 []\">Wir unterst\u00fctzen mit Begeisterung den Boulazac Basket Dordogne, einen bedeutenden Akteur des franz\u00f6sischen Basketballs. Diese Partnerschaft spiegelt unser Engagement f\u00fcr sportliche Exzellenz und unseren Wunsch wider, starke Werte zu f\u00f6rdern. <\/p>\n<h6>Eine engagierte Zusammenarbeit<\/h6>\n<p>An der Seite des BBD beteiligen wir uns an der Expansion des Vereins und an seiner Ausstrahlung, sowohl auf dem Spielfeld als auch in der Gemeinschaft. Diese Partnerschaft erm\u00f6glicht es uns, mit den Fans in Kontakt zu treten und unvergessliche Erinnerungen w\u00e4hrend der gesamten Saison zu schaffen. <\/p>\n<p>Herzlichen Gl\u00fcckwunsch an den BBD, Pro-B-Meister! Auf geht&#8217;s zur Betclic Elite f\u00fcr die Saison 2025\/2026. <\/p>\n<h6>Gemeinsam erleben wir die Leidenschaft des BBD!<\/h6>\n                        <a class=\"bouton primary\" href=\"https:\/\/www.boulazac-basket-dordogne.com\/\">Zur Webseite des Boulazac Basket Dordogne<\/a>\n                    <\/div>\n                <\/div>\n            <\/div>\n                        <div class='partner pb-8 col-12 row'>\n                <div class=\"col-lg-6 col-md-6 col-sm-12\">\n                    <div class=\"image\">\n                        <a href=\"https:\/\/www.capdrugby.fr\/\">\n                            <img decoding=\"async\" src=\"https:\/\/www.cofidur-groupe.com\/wp-content\/uploads\/2025\/03\/Design-sans-titre-39-e1743413573413.png\" alt=\"\"\n                                title=\"Design sans titre (39)\">\n                        <\/a>\n                    <\/div>\n                <\/div>\n                <div class=\"col-lg-6 col-md-6 col-sm-12\">\n                    <div class=\"text\">\n                        <h5 style=\"text-align: center;\" data-start=\"434\" data-end=\"463\"><strong data-start=\"438\" data-end=\"463\">DER ATHLETIKCLUB P\u00c9RIGUEUX RUGBY<\/strong><\/h5>\n<p data-pm-slice=\"1 1 []\"><span class=\"relative -mx-px my-[-0.2rem] rounded px-px py-[0.2rem]\">Wir sind stolz darauf, mit dem Club Athl\u00e9tique P\u00e9rigueux Rugby verbunden zu sein, der seit \u00fcber 100 Jahren auf den Werten Respekt, Solidarit\u00e4t und Kampfgeist gegr\u00fcndet ist.<\/span><\/p>\n<h6 data-start=\"222\" data-end=\"251\">Eine aktive Unterst\u00fctzung<\/h6>\n<p class=\"\" data-start=\"253\" data-end=\"372\">Wir unterst\u00fctzen den CAP bei seinen ehrgeizigen Projekten und tragen zu seiner Ausstrahlung bei, sowohl auf dem Spielfeld als auch in der Region. Diese Partnerschaft ist f\u00fcr uns eine Gelegenheit, unsere Pr\u00e4senz zu st\u00e4rken und authentische Momente an der Seite der Fans und Mitglieder des Vereins zu erleben. <\/p>\n<h6 data-start=\"253\" data-end=\"372\">Gemeinsam unterst\u00fctzen wir den CAP in diesem sch\u00f6nen Abenteuer!<\/h6>\n                        <a class=\"bouton primary\" href=\"https:\/\/www.capdrugby.fr\/\">Zur Webseite von CAP Rugby<\/a>\n                    <\/div>\n                <\/div>\n            <\/div>\n                        <div class='partner pb-8 col-12 row'>\n                <div class=\"col-lg-6 col-md-6 col-sm-12\">\n                    <div class=\"image\">\n                        <a href=\"https:\/\/www.snvba.fr\/\">\n                            <img decoding=\"async\" src=\"https:\/\/www.cofidur-groupe.com\/wp-content\/uploads\/2026\/01\/Saint-Nazaire_Volley-Ball_Atlantique_logo.png\" alt=\"\"\n                                title=\"Saint-Nazaire_Volley-Ball_Atlantique_(logo)\">\n                        <\/a>\n                    <\/div>\n                <\/div>\n                <div class=\"col-lg-6 col-md-6 col-sm-12\">\n                    <div class=\"text\">\n                        <h5 style=\"text-align: left;\" data-start=\"434\" data-end=\"463\"><strong data-start=\"438\" data-end=\"463\">LE SAINT-NAZAIRE VOLLEY-BALL ATLANTIQUE (SNVBA)<\/strong><\/h5>\n<p data-pm-slice=\"1 1 []\">Es ist mit gro\u00dfer Freude, dass wir unsere neue Partnerschaft mit dem Saint-Nazaire Volley-Ball Atlantique (SNVBA) ab der Saison 2025\/2026 ank\u00fcndigen. Diese Ann\u00e4herung an einen bedeutenden Akteur des franz\u00f6sischen Volleyballs markiert einen neuen Schritt in unserer Strategie zur Unterst\u00fctzung des Leistungssports. <\/p>\n<h6 data-start=\"222\" data-end=\"251\">Ein starkes territoriales Engagement<\/h6>\n<p class=\"\" data-start=\"253\" data-end=\"372\">Indem COFIDUR der Familie der SNVBA-Partner beitritt, bekr\u00e4ftigt es seine lokale Verankerung, insbesondere \u00fcber seinen Standort in Malville (Cofidur Seico). Diese Partnerschaft zeigt unseren Willen, zur F\u00f6rderung der Spitzenvereine in unseren Einsatzgebieten beizutragen. <\/p>\n<blockquote>\n<p data-start=\"253\" data-end=\"372\"><em data-renderer-mark=\"true\">\u00ab Unterst\u00fctzen, leisten, gewinnen: Wir begleiten die Clubs bei ihren Herausforderungen, um gemeinsam neue H\u00f6hen zu erreichen. Diese Partnerschaft wird die Entwicklung unserer Arbeitgebermarke vor Ort erm\u00f6glichen und unseren Mitarbeitern die Gelegenheit bieten, im Rhythmus der Erfolge des SNVBA mitzufiebern. \u00bb<\/em> \u2014 Herv\u00e9 OLRY, Direktor der Cofidur Seico-Standort.<\/p>\n<\/blockquote>\n<h6 data-start=\"253\" data-end=\"372\">Zusammenhalt und Teilen<\/h6>\n<p data-renderer-start-pos=\"1089\">\u00dcber die sportliche Leistung hinaus ist diese Partnerschaft in einem Ansatz der internen Koh\u00e4sion verankert. Sie bietet unseren 500 Mitarbeitenden neue Gelegenheiten, sich zu versammeln und die Werte der Selbst\u00fcberwindung und Solidarit\u00e4t zu teilen, die der Cofidur Gruppe am Herzen liegen. <\/p>\n<p data-renderer-start-pos=\"1357\">Ob es sich um Luftfahrt, Verteidigung oder Industrie handelt, die Anforderungen, die wir in unseren elektronischen Zulieferberufen stellen, finden eine direkte Entsprechung in der Pr\u00e4zision und dem Teamgeist des Volleyballs auf hohem Niveau.<\/p>\n<p data-renderer-start-pos=\"1584\"><strong data-renderer-mark=\"true\">Gemeinsam bringen wir den SNVBA in der Saison 2025\/2026 an die Spitze!<\/strong><\/p>\n                        <a class=\"bouton primary\" href=\"https:\/\/www.snvba.fr\/\">Siehe die Website des SNVBA<\/a>\n                    <\/div>\n                <\/div>\n            <\/div>\n                                <\/div>\n    <\/div>\n<\/section>\n<div style=\"height:0px\" aria-hidden=\"true\" class=\"wp-block-spacer\"><\/div>\n\n<section class=\"block block-arguments  container-fluid background-grey alignfull pb-10 pt-10\">\n    <div class=\"inner\">\n        <div class=\"row \">\n            <div class=\"col-sm-12 col-lg-8\">\n                <h2 class=\"title-deco\">\n                    Gemeinsam \u2013 auf dem Spielfeld und im Job \u2013 erreichen wir mehr!                <\/h2>\n                <div class=\"text\">\n                    <p>Wir unterst\u00fctzen professionelle Sportvereine in verschiedenen Disziplinen wie Fu\u00dfball, Basketball oder Rugby. Wir sind fest davon \u00fcberzeugt, dass Sport, ob auf dem Spielfeld oder au\u00dferhalb, Entschlossenheit, Teamarbeit und Leistungsf\u00e4higkeit f\u00f6rdert. <\/p>\n<p><!-- \/wp:paragraph --> <!-- wp:paragraph --><\/p>\n<p>Aber unser Engagement h\u00f6rt hier nicht auf. Wir ermutigen auch alle unsere Mitarbeiter, regelm\u00e4\u00dfig k\u00f6rperlich aktiv zu sein, denn wir wissen, dass die Vorteile von Sport vielf\u00e4ltig sind. Er verbessert die Gesundheit, reduziert Stress, steigert die Produktivit\u00e4t und st\u00e4rkt die Beziehungen unter Kollegen.  <\/p>\n<p><!-- \/wp:paragraph --> <!-- wp:paragraph --><\/p>\n<p>Deshalb haben unsere Mitarbeiter die M\u00f6glichkeit, verschiedene Sportarten innerhalb des Unternehmens auszu\u00fcben, sei es beim Firmen-Cross, Volleyball, Handball oder auch P\u00e9tanque. Diese Momente der Geselligkeit und des Austauschs bieten jedem die Gelegenheit, sich in einem wohlwollenden Umfeld zu \u00fcbertreffen und gleichzeitig den Teamgeist zu st\u00e4rken. <\/p>\n                <\/div>\n            <\/div>\n        <\/div>\n        <div class=\"row pt-5\">\n            <div class=\"col-lg-8 col-sm-8 col-md-12 offset-lg-2 offset-sm-2 offset-md-0 row\">\n                            <\/div>\n        <\/div>\n    <\/div>\n<\/section>\n<div class=\"wp-block-columns is-layout-flex wp-container-core-columns-is-layout-28f84493 wp-block-columns-is-layout-flex\">\n<div class=\"wp-block-column is-layout-flow wp-block-column-is-layout-flow\">\n<div class=\"wp-block-group has-vert-background-color has-background has-large-font-size is-layout-grid wp-container-core-group-is-layout-e02e6a2f wp-block-group-is-layout-grid\" style=\"margin-top:0;margin-bottom:0\">\n<figure class=\"wp-block-image size-full wp-container-content-a7057f16\"><img decoding=\"async\" width=\"640\" height=\"480\" src=\"https:\/\/www.cofidur-groupe.com\/wp-content\/uploads\/2025\/05\/IMG_5870-3.jpg\" alt=\"IMG 5870\" class=\"wp-image-3533\" style=\"aspect-ratio:3\/2;object-fit:cover\" srcset=\"https:\/\/www.cofidur-groupe.com\/wp-content\/uploads\/2025\/05\/IMG_5870-3.jpg 640w, https:\/\/www.cofidur-groupe.com\/wp-content\/uploads\/2025\/05\/IMG_5870-3-300x225.jpg 300w\" sizes=\"(max-width: 640px) 100vw, 640px\" \/><\/figure>\n\n\n\n<figure class=\"wp-block-image size-full wp-container-content-a7057f16\"><img decoding=\"async\" width=\"640\" height=\"640\" src=\"https:\/\/www.cofidur-groupe.com\/wp-content\/uploads\/2025\/04\/1-3.png\" alt=\"1\" class=\"wp-image-3178\" style=\"aspect-ratio:3\/2;object-fit:cover\" srcset=\"https:\/\/www.cofidur-groupe.com\/wp-content\/uploads\/2025\/04\/1-3.png 640w, https:\/\/www.cofidur-groupe.com\/wp-content\/uploads\/2025\/04\/1-3-300x300.png 300w, https:\/\/www.cofidur-groupe.com\/wp-content\/uploads\/2025\/04\/1-3-150x150.png 150w\" sizes=\"(max-width: 640px) 100vw, 640px\" \/><\/figure>\n\n\n\n<figure class=\"wp-block-image size-full\"><img decoding=\"async\" width=\"640\" height=\"640\" src=\"https:\/\/www.cofidur-groupe.com\/wp-content\/uploads\/2025\/04\/2-3.png\" alt=\"2\" class=\"wp-image-3179\" style=\"aspect-ratio:3\/2;object-fit:cover\" srcset=\"https:\/\/www.cofidur-groupe.com\/wp-content\/uploads\/2025\/04\/2-3.png 640w, https:\/\/www.cofidur-groupe.com\/wp-content\/uploads\/2025\/04\/2-3-300x300.png 300w, https:\/\/www.cofidur-groupe.com\/wp-content\/uploads\/2025\/04\/2-3-150x150.png 150w\" sizes=\"(max-width: 640px) 100vw, 640px\" \/><\/figure>\n\n\n\n<figure class=\"wp-block-image size-full wp-container-content-a7057f16\"><img decoding=\"async\" width=\"609\" height=\"465\" src=\"https:\/\/www.cofidur-groupe.com\/wp-content\/uploads\/2025\/04\/3-3-e1743755348741.png\" alt=\"3\" class=\"wp-image-3180\" style=\"aspect-ratio:3\/2;object-fit:cover\" srcset=\"https:\/\/www.cofidur-groupe.com\/wp-content\/uploads\/2025\/04\/3-3-e1743755348741.png 609w, https:\/\/www.cofidur-groupe.com\/wp-content\/uploads\/2025\/04\/3-3-e1743755348741-300x229.png 300w\" sizes=\"(max-width: 609px) 100vw, 609px\" \/><\/figure>\n<\/div>\n<\/div>\n<\/div>\n\n<p><\/p>\n","protected":false},"excerpt":{"rendered":"","protected":false},"author":3,"featured_media":0,"parent":0,"menu_order":5,"comment_status":"closed","ping_status":"closed","template":"","meta":{"_acf_changed":false,"footnotes":""},"class_list":["post-7118","page","type-page","status-publish","hentry"],"acf":[],"yoast_head":"<!-- This site is optimized with the Yoast SEO plugin v27.5 - https:\/\/yoast.com\/product\/yoast-seo-wordpress\/ -->\n<title>Sport verbindet - Groupe Cofidur<\/title>\n<meta name=\"robots\" content=\"index, follow, max-snippet:-1, max-image-preview:large, max-video-preview:-1\" \/>\n<link rel=\"canonical\" href=\"https:\/\/www.cofidur-groupe.com\/de\/sport-verbindet\/\" \/>\n<meta property=\"og:locale\" content=\"de_DE\" \/>\n<meta property=\"og:type\" content=\"article\" \/>\n<meta property=\"og:title\" content=\"Sport verbindet - Groupe Cofidur\" \/>\n<meta property=\"og:url\" content=\"https:\/\/www.cofidur-groupe.com\/de\/sport-verbindet\/\" \/>\n<meta property=\"og:site_name\" content=\"Groupe Cofidur\" \/>\n<meta property=\"article:modified_time\" content=\"2026-03-03T09:35:32+00:00\" \/>\n<meta property=\"og:image\" content=\"https:\/\/www.cofidur-groupe.com\/wp-content\/uploads\/2025\/05\/IMG_5870-3.jpg\" \/>\n<meta name=\"twitter:card\" content=\"summary_large_image\" \/>\n<script type=\"application\/ld+json\" class=\"yoast-schema-graph\">{\"@context\":\"https:\\\/\\\/schema.org\",\"@graph\":[{\"@type\":\"WebPage\",\"@id\":\"https:\\\/\\\/www.cofidur-groupe.com\\\/de\\\/sport-verbindet\\\/\",\"url\":\"https:\\\/\\\/www.cofidur-groupe.com\\\/de\\\/sport-verbindet\\\/\",\"name\":\"Sport verbindet - Groupe Cofidur\",\"isPartOf\":{\"@id\":\"https:\\\/\\\/www.cofidur-groupe.com\\\/de\\\/#website\"},\"primaryImageOfPage\":{\"@id\":\"https:\\\/\\\/www.cofidur-groupe.com\\\/de\\\/sport-verbindet\\\/#primaryimage\"},\"image\":{\"@id\":\"https:\\\/\\\/www.cofidur-groupe.com\\\/de\\\/sport-verbindet\\\/#primaryimage\"},\"thumbnailUrl\":\"https:\\\/\\\/www.cofidur-groupe.com\\\/wp-content\\\/uploads\\\/2025\\\/05\\\/IMG_5870-3.jpg\",\"datePublished\":\"2025-04-04T08:59:38+00:00\",\"dateModified\":\"2026-03-03T09:35:32+00:00\",\"breadcrumb\":{\"@id\":\"https:\\\/\\\/www.cofidur-groupe.com\\\/de\\\/sport-verbindet\\\/#breadcrumb\"},\"inLanguage\":\"de\",\"potentialAction\":[{\"@type\":\"ReadAction\",\"target\":[\"https:\\\/\\\/www.cofidur-groupe.com\\\/de\\\/sport-verbindet\\\/\"]}]},{\"@type\":\"ImageObject\",\"inLanguage\":\"de\",\"@id\":\"https:\\\/\\\/www.cofidur-groupe.com\\\/de\\\/sport-verbindet\\\/#primaryimage\",\"url\":\"https:\\\/\\\/www.cofidur-groupe.com\\\/wp-content\\\/uploads\\\/2025\\\/05\\\/IMG_5870-3.jpg\",\"contentUrl\":\"https:\\\/\\\/www.cofidur-groupe.com\\\/wp-content\\\/uploads\\\/2025\\\/05\\\/IMG_5870-3.jpg\"},{\"@type\":\"BreadcrumbList\",\"@id\":\"https:\\\/\\\/www.cofidur-groupe.com\\\/de\\\/sport-verbindet\\\/#breadcrumb\",\"itemListElement\":[{\"@type\":\"ListItem\",\"position\":1,\"name\":\"Groupe Cofidur\",\"item\":\"https:\\\/\\\/www.cofidur-groupe.com\\\/de\\\/\"},{\"@type\":\"ListItem\",\"position\":2,\"name\":\"Sport verbindet\"}]},{\"@type\":\"WebSite\",\"@id\":\"https:\\\/\\\/www.cofidur-groupe.com\\\/de\\\/#website\",\"url\":\"https:\\\/\\\/www.cofidur-groupe.com\\\/de\\\/\",\"name\":\"Groupe Cofidur\",\"description\":\"\",\"publisher\":{\"@id\":\"https:\\\/\\\/www.cofidur-groupe.com\\\/de\\\/#organization\"},\"potentialAction\":[{\"@type\":\"SearchAction\",\"target\":{\"@type\":\"EntryPoint\",\"urlTemplate\":\"https:\\\/\\\/www.cofidur-groupe.com\\\/de\\\/?s={search_term_string}\"},\"query-input\":{\"@type\":\"PropertyValueSpecification\",\"valueRequired\":true,\"valueName\":\"search_term_string\"}}],\"inLanguage\":\"de\"},{\"@type\":\"Organization\",\"@id\":\"https:\\\/\\\/www.cofidur-groupe.com\\\/de\\\/#organization\",\"name\":\"Groupe Cofidur\",\"url\":\"https:\\\/\\\/www.cofidur-groupe.com\\\/de\\\/\",\"logo\":{\"@type\":\"ImageObject\",\"inLanguage\":\"de\",\"@id\":\"https:\\\/\\\/www.cofidur-groupe.com\\\/de\\\/#\\\/schema\\\/logo\\\/image\\\/\",\"url\":\"https:\\\/\\\/www.cofidur-groupe.com\\\/wp-content\\\/uploads\\\/2024\\\/12\\\/logo_cofidur.svg\",\"contentUrl\":\"https:\\\/\\\/www.cofidur-groupe.com\\\/wp-content\\\/uploads\\\/2024\\\/12\\\/logo_cofidur.svg\",\"caption\":\"Groupe Cofidur\"},\"image\":{\"@id\":\"https:\\\/\\\/www.cofidur-groupe.com\\\/de\\\/#\\\/schema\\\/logo\\\/image\\\/\"},\"sameAs\":[\"https:\\\/\\\/www.linkedin.com\\\/company\\\/cofidur-ems\"]}]}<\/script>\n<!-- \/ Yoast SEO plugin. -->","yoast_head_json":{"title":"Sport verbindet - Groupe Cofidur","robots":{"index":"index","follow":"follow","max-snippet":"max-snippet:-1","max-image-preview":"max-image-preview:large","max-video-preview":"max-video-preview:-1"},"canonical":"https:\/\/www.cofidur-groupe.com\/de\/sport-verbindet\/","og_locale":"de_DE","og_type":"article","og_title":"Sport verbindet - Groupe Cofidur","og_url":"https:\/\/www.cofidur-groupe.com\/de\/sport-verbindet\/","og_site_name":"Groupe Cofidur","article_modified_time":"2026-03-03T09:35:32+00:00","og_image":[{"url":"https:\/\/www.cofidur-groupe.com\/wp-content\/uploads\/2025\/05\/IMG_5870-3.jpg","type":"","width":"","height":""}],"twitter_card":"summary_large_image","schema":{"@context":"https:\/\/schema.org","@graph":[{"@type":"WebPage","@id":"https:\/\/www.cofidur-groupe.com\/de\/sport-verbindet\/","url":"https:\/\/www.cofidur-groupe.com\/de\/sport-verbindet\/","name":"Sport verbindet - Groupe Cofidur","isPartOf":{"@id":"https:\/\/www.cofidur-groupe.com\/de\/#website"},"primaryImageOfPage":{"@id":"https:\/\/www.cofidur-groupe.com\/de\/sport-verbindet\/#primaryimage"},"image":{"@id":"https:\/\/www.cofidur-groupe.com\/de\/sport-verbindet\/#primaryimage"},"thumbnailUrl":"https:\/\/www.cofidur-groupe.com\/wp-content\/uploads\/2025\/05\/IMG_5870-3.jpg","datePublished":"2025-04-04T08:59:38+00:00","dateModified":"2026-03-03T09:35:32+00:00","breadcrumb":{"@id":"https:\/\/www.cofidur-groupe.com\/de\/sport-verbindet\/#breadcrumb"},"inLanguage":"de","potentialAction":[{"@type":"ReadAction","target":["https:\/\/www.cofidur-groupe.com\/de\/sport-verbindet\/"]}]},{"@type":"ImageObject","inLanguage":"de","@id":"https:\/\/www.cofidur-groupe.com\/de\/sport-verbindet\/#primaryimage","url":"https:\/\/www.cofidur-groupe.com\/wp-content\/uploads\/2025\/05\/IMG_5870-3.jpg","contentUrl":"https:\/\/www.cofidur-groupe.com\/wp-content\/uploads\/2025\/05\/IMG_5870-3.jpg"},{"@type":"BreadcrumbList","@id":"https:\/\/www.cofidur-groupe.com\/de\/sport-verbindet\/#breadcrumb","itemListElement":[{"@type":"ListItem","position":1,"name":"Groupe Cofidur","item":"https:\/\/www.cofidur-groupe.com\/de\/"},{"@type":"ListItem","position":2,"name":"Sport verbindet"}]},{"@type":"WebSite","@id":"https:\/\/www.cofidur-groupe.com\/de\/#website","url":"https:\/\/www.cofidur-groupe.com\/de\/","name":"Groupe Cofidur","description":"","publisher":{"@id":"https:\/\/www.cofidur-groupe.com\/de\/#organization"},"potentialAction":[{"@type":"SearchAction","target":{"@type":"EntryPoint","urlTemplate":"https:\/\/www.cofidur-groupe.com\/de\/?s={search_term_string}"},"query-input":{"@type":"PropertyValueSpecification","valueRequired":true,"valueName":"search_term_string"}}],"inLanguage":"de"},{"@type":"Organization","@id":"https:\/\/www.cofidur-groupe.com\/de\/#organization","name":"Groupe Cofidur","url":"https:\/\/www.cofidur-groupe.com\/de\/","logo":{"@type":"ImageObject","inLanguage":"de","@id":"https:\/\/www.cofidur-groupe.com\/de\/#\/schema\/logo\/image\/","url":"https:\/\/www.cofidur-groupe.com\/wp-content\/uploads\/2024\/12\/logo_cofidur.svg","contentUrl":"https:\/\/www.cofidur-groupe.com\/wp-content\/uploads\/2024\/12\/logo_cofidur.svg","caption":"Groupe Cofidur"},"image":{"@id":"https:\/\/www.cofidur-groupe.com\/de\/#\/schema\/logo\/image\/"},"sameAs":["https:\/\/www.linkedin.com\/company\/cofidur-ems"]}]}},"_links":{"self":[{"href":"https:\/\/www.cofidur-groupe.com\/de\/wp-json\/wp\/v2\/pages\/7118","targetHints":{"allow":["GET"]}}],"collection":[{"href":"https:\/\/www.cofidur-groupe.com\/de\/wp-json\/wp\/v2\/pages"}],"about":[{"href":"https:\/\/www.cofidur-groupe.com\/de\/wp-json\/wp\/v2\/types\/page"}],"author":[{"embeddable":true,"href":"https:\/\/www.cofidur-groupe.com\/de\/wp-json\/wp\/v2\/users\/3"}],"replies":[{"embeddable":true,"href":"https:\/\/www.cofidur-groupe.com\/de\/wp-json\/wp\/v2\/comments?post=7118"}],"version-history":[{"count":2,"href":"https:\/\/www.cofidur-groupe.com\/de\/wp-json\/wp\/v2\/pages\/7118\/revisions"}],"predecessor-version":[{"id":10575,"href":"https:\/\/www.cofidur-groupe.com\/de\/wp-json\/wp\/v2\/pages\/7118\/revisions\/10575"}],"wp:attachment":[{"href":"https:\/\/www.cofidur-groupe.com\/de\/wp-json\/wp\/v2\/media?parent=7118"}],"curies":[{"name":"wp","href":"https:\/\/api.w.org\/{rel}","templated":true}]}}