{"id":7127,"date":"2024-12-04T15:23:22","date_gmt":"2024-12-04T14:23:22","guid":{"rendered":"https:\/\/www.cofidur-groupe.com\/kontakt\/"},"modified":"2025-08-12T12:06:59","modified_gmt":"2025-08-12T10:06:59","slug":"kontakt","status":"publish","type":"page","link":"https:\/\/www.cofidur-groupe.com\/de\/kontakt\/","title":{"rendered":"Kontakt"},"content":{"rendered":"\n<div style=\"height:50px\" aria-hidden=\"true\" class=\"wp-block-spacer\"><\/div>\n\n\n<section class=\"banner_page \"><div class=\"inner\"><p id=\"breadcrumbs\"><span><span><a href=\"https:\/\/www.cofidur-groupe.com\/de\/\">Groupe Cofidur<\/a><\/span><\/span><\/p><div class=\"banner_page_container banner_width \"><h1 class=\"title-deco\">Kontaktieren Sie uns<\/h1><\/div><\/div><\/section>\n\n\n<div style=\"height:50px\" aria-hidden=\"true\" class=\"wp-block-spacer\"><\/div>\n\n\n\n<section\n    class=\"block block-contact  container-fluid background-violet  main\">\n    \n    <div class=\"row\">\n        <div class=\"col-lg-4 col-sm-12 col-md-4 p-0\">\n                        <div class=\"image\">\n                <img decoding=\"async\" src=\"https:\/\/www.cofidur-groupe.com\/wp-content\/uploads\/2024\/12\/cofidur-scientist-1.jpg\" alt=\"\"\n                    title=\"cofidur scientist\">\n            <\/div>\n                    <\/div>\n        <div class=\"col-lg-6 col-sm-12 col-md-6 mr-auto pb-6 pt-6 pl-1 pr-2\">\n            \n<div class=\"wpcf7 no-js\" id=\"wpcf7-f7491-o1\" lang=\"de-DE\" dir=\"ltr\" data-wpcf7-id=\"7491\">\n<div class=\"screen-reader-response\"><p role=\"status\" aria-live=\"polite\" aria-atomic=\"true\"><\/p> <ul><\/ul><\/div>\n<form action=\"\/de\/wp-json\/wp\/v2\/pages\/7127#wpcf7-f7491-o1\" method=\"post\" class=\"wpcf7-form init\" aria-label=\"Kontaktformular\" novalidate=\"novalidate\" data-status=\"init\">\n<fieldset class=\"hidden-fields-container\"><input type=\"hidden\" name=\"_wpcf7\" value=\"7491\" \/><input type=\"hidden\" name=\"_wpcf7_version\" value=\"6.1.5\" \/><input type=\"hidden\" name=\"_wpcf7_locale\" value=\"de_DE\" \/><input type=\"hidden\" name=\"_wpcf7_unit_tag\" value=\"wpcf7-f7491-o1\" \/><input type=\"hidden\" name=\"_wpcf7_container_post\" value=\"0\" \/><input type=\"hidden\" name=\"_wpcf7_posted_data_hash\" value=\"\" \/>\n<\/fieldset>\n<label>Name*<span class=\"wpcf7-form-control-wrap\" data-name=\"nom\"><input size=\"40\" maxlength=\"400\" class=\"wpcf7-form-control wpcf7-text wpcf7-validates-as-required\" aria-required=\"true\" aria-invalid=\"false\" placeholder=\"Geben Sie Ihren Namen ein...\" value=\"\" type=\"text\" name=\"nom\" \/><\/span><\/label>\n<label>Vorname*<span class=\"wpcf7-form-control-wrap\" data-name=\"prenom\"><input size=\"40\" maxlength=\"400\" class=\"wpcf7-form-control wpcf7-text wpcf7-validates-as-required\" aria-required=\"true\" aria-invalid=\"false\" placeholder=\"Geben Sie Ihren Vornamen ein...\" value=\"\" type=\"text\" name=\"prenom\" \/><\/span><\/label>\n<label>E-Mail*<span class=\"wpcf7-form-control-wrap\" data-name=\"email\"><input size=\"40\" maxlength=\"400\" class=\"wpcf7-form-control wpcf7-email wpcf7-validates-as-required wpcf7-text wpcf7-validates-as-email\" aria-required=\"true\" aria-invalid=\"false\" placeholder=\"Geben Sie Ihre E-Mail-Adresse ein...\" value=\"\" type=\"email\" name=\"email\" \/><\/span><\/label>\n<label>Telefon*<span class=\"wpcf7-form-control-wrap\" data-name=\"telephone\"><input size=\"40\" maxlength=\"400\" class=\"wpcf7-form-control wpcf7-tel wpcf7-validates-as-required wpcf7-text wpcf7-validates-as-tel\" aria-required=\"true\" aria-invalid=\"false\" placeholder=\"Geben Sie Ihre Telefonnummer ein...\" value=\"\" type=\"tel\" name=\"telephone\" \/><\/span><\/label>\n<label>Postleitzahl*<span class=\"wpcf7-form-control-wrap\" data-name=\"codepostal\"><input size=\"40\" maxlength=\"400\" class=\"wpcf7-form-control wpcf7-text wpcf7-validates-as-required\" aria-required=\"true\" aria-invalid=\"false\" placeholder=\"Geben Sie Ihre Postleitzahl ein...\" value=\"\" type=\"text\" name=\"codepostal\" \/><\/span><\/label>\n<label class=\"mt-2 mb-2\">Ihre Anfrage betrifft<span class=\"wpcf7-form-control-wrap\" data-name=\"objet\"><select class=\"wpcf7-form-control wpcf7-select\" aria-invalid=\"false\" name=\"objet\"><option value=\"Ich m\u00f6chte von einem Handelsvertreter kontaktiert werden.\">Ich m\u00f6chte von einem Handelsvertreter kontaktiert werden.<\/option><option value=\"Ich h\u00e4tte gerne Informationen f\u00fcr den Start eines neuen Projekts\">Ich h\u00e4tte gerne Informationen f\u00fcr den Start eines neuen Projekts<\/option><option value=\"Ich bin auf der Suche nach einer Beratung und Betreuung f\u00fcr die Entwicklung eines neuen Projekts\">Ich bin auf der Suche nach einer Beratung und Betreuung f\u00fcr die Entwicklung eines neuen Projekts<\/option><option value=\"Ein anderes Thema?\">Ein anderes Thema?<\/option><\/select><\/span><\/label>\n<label class=\"mt-2 mb-2\">Nachricht*<span class=\"wpcf7-form-control-wrap\" data-name=\"message\"><textarea cols=\"40\" rows=\"10\" maxlength=\"2000\" class=\"wpcf7-form-control wpcf7-textarea wpcf7-validates-as-required\" aria-required=\"true\" aria-invalid=\"false\" name=\"message\">Hallo,<\/textarea><\/span><\/label>\n<span class=\"wpcf7-form-control-wrap\" data-name=\"acceptance\"><span class=\"wpcf7-form-control wpcf7-acceptance\"><span class=\"wpcf7-list-item\"><label><input type=\"checkbox\" name=\"acceptance\" value=\"1\" aria-invalid=\"false\" \/><span class=\"wpcf7-list-item-label\">Wenn Sie dieses K\u00e4stchen ausw\u00e4hlen, erteilen Sie Ihre Einwilligung daf\u00fcr, dass COFIDUR Ihre personenbezogenen Daten f\u00fcr die Bearbeitung Ihrer Anfrage verwenden kann. Sie verf\u00fcgen in Bezug auf diese Daten \u00fcber ein Recht auf Auskunft, Berichtigung oder L\u00f6schung. F\u00fcr weiterf\u00fchrende Informationen klicken Sie bitte <a href=\"\/politique-de-confidentialite\/\">HIER<\/a><\/span><\/label><\/span><\/span><\/span>\n<span class=\"wpcf7-form-control-wrap\" data-name=\"hcap-cf7\">\t\t<input\n\t\t\t\ttype=\"hidden\"\n\t\t\t\tclass=\"hcaptcha-widget-id\"\n\t\t\t\tname=\"hcaptcha-widget-id\"\n\t\t\t\tvalue=\"eyJzb3VyY2UiOlsiY29udGFjdC1mb3JtLTdcL3dwLWNvbnRhY3QtZm9ybS03LnBocCJdLCJmb3JtX2lkIjowfQ==-46fc97132f72070ae21f1e40b0c3d607\">\n\t\t\t\t<span id=\"hcap_cf7-69fa4dfba6c0a7.81832628\" class=\"wpcf7-form-control h-captcha \"\n\t\t\tdata-sitekey=\"c886d302-4dc0-4b9c-b980-c7024ba4bdf0\"\n\t\t\tdata-theme=\"light\"\n\t\t\tdata-size=\"invisible\"\n\t\t\tdata-auto=\"false\"\n\t\t\tdata-ajax=\"false\"\n\t\t\tdata-force=\"false\">\n\t\t<\/span>\n\t\t<input type=\"hidden\" id=\"_wpnonce\" name=\"_wpnonce\" value=\"ebcd5c7648\" \/><input type=\"hidden\" name=\"_wp_http_referer\" value=\"\/de\/wp-json\/wp\/v2\/pages\/7127\" \/>\t\t<label for=\"hcap_hp_vZgUjxWlQSUo\"><\/label>\n\t\t<input\n\t\t\t\ttype=\"text\" id=\"hcap_hp_vZgUjxWlQSUo\" name=\"hcap_hp_vZgUjxWlQSUo\" value=\"\"\n\t\t\t\treadonly inputmode=\"none\" autocomplete=\"new-password\" tabindex=\"-1\" aria-hidden=\"true\"\n\t\t\t\tstyle=\"position:absolute; left:-9999px; top:auto; height:0; width:0; opacity:0;\"\/>\n\t\t<input type=\"hidden\" name=\"hcap_hp_sig\" value=\"dbe937f71e\"\/>\n\t\t<\/span><input class=\"wpcf7-form-control wpcf7-submit has-spinner btn_send_mail btn\" type=\"submit\" value=\"Versenden\" \/><div class=\"wpcf7-response-output\" aria-hidden=\"true\"><\/div>\n<\/form>\n<\/div>\n        <\/div>\n    <\/div>\n<\/section>","protected":false},"excerpt":{"rendered":"","protected":false},"author":2,"featured_media":0,"parent":0,"menu_order":5,"comment_status":"closed","ping_status":"closed","template":"","meta":{"_acf_changed":false,"footnotes":""},"class_list":["post-7127","page","type-page","status-publish","hentry"],"acf":[],"yoast_head":"<!-- This site is optimized with the Yoast SEO plugin v27.5 - https:\/\/yoast.com\/product\/yoast-seo-wordpress\/ -->\n<title>Kontakt - Groupe Cofidur<\/title>\n<meta name=\"description\" content=\"Kontaktieren Sie die Cofidur-Gruppe, wenn Sie Informationen oder eine Zusammenarbeit w\u00fcnschen. Unser Team steht Ihnen gerne zur Verf\u00fcgung, um Ihre Fragen zu unserer elektronischen Auftragsfertigung, unseren Technologiel\u00f6sungen und unseren Stellenangeboten zu beantworten.\" \/>\n<meta name=\"robots\" content=\"index, follow, max-snippet:-1, max-image-preview:large, max-video-preview:-1\" \/>\n<link rel=\"canonical\" href=\"https:\/\/www.cofidur-groupe.com\/de\/kontakt\/\" \/>\n<meta property=\"og:locale\" content=\"de_DE\" \/>\n<meta property=\"og:type\" content=\"article\" \/>\n<meta property=\"og:title\" content=\"Kontakt - Groupe Cofidur\" \/>\n<meta property=\"og:description\" content=\"Kontaktieren Sie die Cofidur-Gruppe, wenn Sie Informationen oder eine Zusammenarbeit w\u00fcnschen. Unser Team steht Ihnen gerne zur Verf\u00fcgung, um Ihre Fragen zu unserer elektronischen Auftragsfertigung, unseren Technologiel\u00f6sungen und unseren Stellenangeboten zu beantworten.\" \/>\n<meta property=\"og:url\" content=\"https:\/\/www.cofidur-groupe.com\/de\/kontakt\/\" \/>\n<meta property=\"og:site_name\" content=\"Groupe Cofidur\" \/>\n<meta property=\"article:modified_time\" content=\"2025-08-12T10:06:59+00:00\" \/>\n<meta property=\"og:image\" content=\"https:\/\/www.cofidur-groupe.com\/wp-content\/uploads\/2025\/01\/cofidur-site.jpg\" \/>\n\t<meta property=\"og:image:width\" content=\"1200\" \/>\n\t<meta property=\"og:image:height\" content=\"675\" \/>\n\t<meta property=\"og:image:type\" content=\"image\/jpeg\" \/>\n<meta name=\"twitter:card\" content=\"summary_large_image\" \/>\n<meta name=\"twitter:label1\" content=\"Gesch\u00e4tzte Lesezeit\" \/>\n\t<meta name=\"twitter:data1\" content=\"1\u00a0Minute\" \/>\n<script type=\"application\/ld+json\" class=\"yoast-schema-graph\">{\"@context\":\"https:\\\/\\\/schema.org\",\"@graph\":[{\"@type\":\"WebPage\",\"@id\":\"https:\\\/\\\/www.cofidur-groupe.com\\\/de\\\/kontakt\\\/\",\"url\":\"https:\\\/\\\/www.cofidur-groupe.com\\\/de\\\/kontakt\\\/\",\"name\":\"Kontakt - Groupe Cofidur\",\"isPartOf\":{\"@id\":\"https:\\\/\\\/www.cofidur-groupe.com\\\/de\\\/#website\"},\"datePublished\":\"2024-12-04T14:23:22+00:00\",\"dateModified\":\"2025-08-12T10:06:59+00:00\",\"description\":\"Kontaktieren Sie die Cofidur-Gruppe, wenn Sie Informationen oder eine Zusammenarbeit w\u00fcnschen. Unser Team steht Ihnen gerne zur Verf\u00fcgung, um Ihre Fragen zu unserer elektronischen Auftragsfertigung, unseren Technologiel\u00f6sungen und unseren Stellenangeboten zu beantworten.\",\"breadcrumb\":{\"@id\":\"https:\\\/\\\/www.cofidur-groupe.com\\\/de\\\/kontakt\\\/#breadcrumb\"},\"inLanguage\":\"de\",\"potentialAction\":[{\"@type\":\"ReadAction\",\"target\":[\"https:\\\/\\\/www.cofidur-groupe.com\\\/de\\\/kontakt\\\/\"]}]},{\"@type\":\"BreadcrumbList\",\"@id\":\"https:\\\/\\\/www.cofidur-groupe.com\\\/de\\\/kontakt\\\/#breadcrumb\",\"itemListElement\":[{\"@type\":\"ListItem\",\"position\":1,\"name\":\"Groupe Cofidur\",\"item\":\"https:\\\/\\\/www.cofidur-groupe.com\\\/de\\\/\"},{\"@type\":\"ListItem\",\"position\":2,\"name\":\"Kontakt\"}]},{\"@type\":\"WebSite\",\"@id\":\"https:\\\/\\\/www.cofidur-groupe.com\\\/de\\\/#website\",\"url\":\"https:\\\/\\\/www.cofidur-groupe.com\\\/de\\\/\",\"name\":\"Groupe Cofidur\",\"description\":\"\",\"publisher\":{\"@id\":\"https:\\\/\\\/www.cofidur-groupe.com\\\/de\\\/#organization\"},\"potentialAction\":[{\"@type\":\"SearchAction\",\"target\":{\"@type\":\"EntryPoint\",\"urlTemplate\":\"https:\\\/\\\/www.cofidur-groupe.com\\\/de\\\/?s={search_term_string}\"},\"query-input\":{\"@type\":\"PropertyValueSpecification\",\"valueRequired\":true,\"valueName\":\"search_term_string\"}}],\"inLanguage\":\"de\"},{\"@type\":\"Organization\",\"@id\":\"https:\\\/\\\/www.cofidur-groupe.com\\\/de\\\/#organization\",\"name\":\"Groupe Cofidur\",\"url\":\"https:\\\/\\\/www.cofidur-groupe.com\\\/de\\\/\",\"logo\":{\"@type\":\"ImageObject\",\"inLanguage\":\"de\",\"@id\":\"https:\\\/\\\/www.cofidur-groupe.com\\\/de\\\/#\\\/schema\\\/logo\\\/image\\\/\",\"url\":\"https:\\\/\\\/www.cofidur-groupe.com\\\/wp-content\\\/uploads\\\/2024\\\/12\\\/logo_cofidur.svg\",\"contentUrl\":\"https:\\\/\\\/www.cofidur-groupe.com\\\/wp-content\\\/uploads\\\/2024\\\/12\\\/logo_cofidur.svg\",\"caption\":\"Groupe Cofidur\"},\"image\":{\"@id\":\"https:\\\/\\\/www.cofidur-groupe.com\\\/de\\\/#\\\/schema\\\/logo\\\/image\\\/\"},\"sameAs\":[\"https:\\\/\\\/www.linkedin.com\\\/company\\\/cofidur-ems\"]}]}<\/script>\n<!-- \/ Yoast SEO plugin. -->","yoast_head_json":{"title":"Kontakt - Groupe Cofidur","description":"Kontaktieren Sie die Cofidur-Gruppe, wenn Sie Informationen oder eine Zusammenarbeit w\u00fcnschen. Unser Team steht Ihnen gerne zur Verf\u00fcgung, um Ihre Fragen zu unserer elektronischen Auftragsfertigung, unseren Technologiel\u00f6sungen und unseren Stellenangeboten zu beantworten.","robots":{"index":"index","follow":"follow","max-snippet":"max-snippet:-1","max-image-preview":"max-image-preview:large","max-video-preview":"max-video-preview:-1"},"canonical":"https:\/\/www.cofidur-groupe.com\/de\/kontakt\/","og_locale":"de_DE","og_type":"article","og_title":"Kontakt - Groupe Cofidur","og_description":"Kontaktieren Sie die Cofidur-Gruppe, wenn Sie Informationen oder eine Zusammenarbeit w\u00fcnschen. Unser Team steht Ihnen gerne zur Verf\u00fcgung, um Ihre Fragen zu unserer elektronischen Auftragsfertigung, unseren Technologiel\u00f6sungen und unseren Stellenangeboten zu beantworten.","og_url":"https:\/\/www.cofidur-groupe.com\/de\/kontakt\/","og_site_name":"Groupe Cofidur","article_modified_time":"2025-08-12T10:06:59+00:00","og_image":[{"width":1200,"height":675,"url":"https:\/\/www.cofidur-groupe.com\/wp-content\/uploads\/2025\/01\/cofidur-site.jpg","type":"image\/jpeg"}],"twitter_card":"summary_large_image","twitter_misc":{"Gesch\u00e4tzte Lesezeit":"1\u00a0Minute"},"schema":{"@context":"https:\/\/schema.org","@graph":[{"@type":"WebPage","@id":"https:\/\/www.cofidur-groupe.com\/de\/kontakt\/","url":"https:\/\/www.cofidur-groupe.com\/de\/kontakt\/","name":"Kontakt - Groupe Cofidur","isPartOf":{"@id":"https:\/\/www.cofidur-groupe.com\/de\/#website"},"datePublished":"2024-12-04T14:23:22+00:00","dateModified":"2025-08-12T10:06:59+00:00","description":"Kontaktieren Sie die Cofidur-Gruppe, wenn Sie Informationen oder eine Zusammenarbeit w\u00fcnschen. Unser Team steht Ihnen gerne zur Verf\u00fcgung, um Ihre Fragen zu unserer elektronischen Auftragsfertigung, unseren Technologiel\u00f6sungen und unseren Stellenangeboten zu beantworten.","breadcrumb":{"@id":"https:\/\/www.cofidur-groupe.com\/de\/kontakt\/#breadcrumb"},"inLanguage":"de","potentialAction":[{"@type":"ReadAction","target":["https:\/\/www.cofidur-groupe.com\/de\/kontakt\/"]}]},{"@type":"BreadcrumbList","@id":"https:\/\/www.cofidur-groupe.com\/de\/kontakt\/#breadcrumb","itemListElement":[{"@type":"ListItem","position":1,"name":"Groupe Cofidur","item":"https:\/\/www.cofidur-groupe.com\/de\/"},{"@type":"ListItem","position":2,"name":"Kontakt"}]},{"@type":"WebSite","@id":"https:\/\/www.cofidur-groupe.com\/de\/#website","url":"https:\/\/www.cofidur-groupe.com\/de\/","name":"Groupe Cofidur","description":"","publisher":{"@id":"https:\/\/www.cofidur-groupe.com\/de\/#organization"},"potentialAction":[{"@type":"SearchAction","target":{"@type":"EntryPoint","urlTemplate":"https:\/\/www.cofidur-groupe.com\/de\/?s={search_term_string}"},"query-input":{"@type":"PropertyValueSpecification","valueRequired":true,"valueName":"search_term_string"}}],"inLanguage":"de"},{"@type":"Organization","@id":"https:\/\/www.cofidur-groupe.com\/de\/#organization","name":"Groupe Cofidur","url":"https:\/\/www.cofidur-groupe.com\/de\/","logo":{"@type":"ImageObject","inLanguage":"de","@id":"https:\/\/www.cofidur-groupe.com\/de\/#\/schema\/logo\/image\/","url":"https:\/\/www.cofidur-groupe.com\/wp-content\/uploads\/2024\/12\/logo_cofidur.svg","contentUrl":"https:\/\/www.cofidur-groupe.com\/wp-content\/uploads\/2024\/12\/logo_cofidur.svg","caption":"Groupe Cofidur"},"image":{"@id":"https:\/\/www.cofidur-groupe.com\/de\/#\/schema\/logo\/image\/"},"sameAs":["https:\/\/www.linkedin.com\/company\/cofidur-ems"]}]}},"_links":{"self":[{"href":"https:\/\/www.cofidur-groupe.com\/de\/wp-json\/wp\/v2\/pages\/7127","targetHints":{"allow":["GET"]}}],"collection":[{"href":"https:\/\/www.cofidur-groupe.com\/de\/wp-json\/wp\/v2\/pages"}],"about":[{"href":"https:\/\/www.cofidur-groupe.com\/de\/wp-json\/wp\/v2\/types\/page"}],"author":[{"embeddable":true,"href":"https:\/\/www.cofidur-groupe.com\/de\/wp-json\/wp\/v2\/users\/2"}],"replies":[{"embeddable":true,"href":"https:\/\/www.cofidur-groupe.com\/de\/wp-json\/wp\/v2\/comments?post=7127"}],"version-history":[{"count":2,"href":"https:\/\/www.cofidur-groupe.com\/de\/wp-json\/wp\/v2\/pages\/7127\/revisions"}],"predecessor-version":[{"id":8775,"href":"https:\/\/www.cofidur-groupe.com\/de\/wp-json\/wp\/v2\/pages\/7127\/revisions\/8775"}],"wp:attachment":[{"href":"https:\/\/www.cofidur-groupe.com\/de\/wp-json\/wp\/v2\/media?parent=7127"}],"curies":[{"name":"wp","href":"https:\/\/api.w.org\/{rel}","templated":true}]}}