{"id":7138,"date":"2024-07-02T15:01:55","date_gmt":"2024-07-02T13:01:55","guid":{"rendered":"https:\/\/www.cofidur-groupe.com\/cookie-richtlinie\/"},"modified":"2025-08-07T10:36:43","modified_gmt":"2025-08-07T08:36:43","slug":"cookie-richtlinie","status":"publish","type":"page","link":"https:\/\/www.cofidur-groupe.com\/de\/cookie-richtlinie\/","title":{"rendered":"Cookie-Richtlinie"},"content":{"rendered":"<section class=\"banner_page \"><div class=\"inner\"><p id=\"breadcrumbs\"><span><span><a href=\"https:\/\/www.cofidur-groupe.com\/de\/\">Groupe Cofidur<\/a><\/span><\/span><\/p><div class=\"banner_page_container banner_width \"><h1 class=\"title-deco\">Cookie-Richtlinie<\/h1><p class=\"\">Beim Besuch der Website nomdusite.fr k\u00f6nnen Informationen \u00fcber die Navigation Ihres Endger\u00e4ts (Computer, Tablet, Smartphone usw.) entsprechend den von Ihnen getroffenen Einstellungen, die Sie jederzeit \u00e4ndern k\u00f6nnen, in sogenannten \u201eCookies\u201c gespeichert und auf diesem Endger\u00e4t abgelegt werden.<\/p><\/div><\/div><\/section>\n<div style=\"height:5rem\" aria-hidden=\"true\" class=\"wp-block-spacer\"><\/div>\n\n<div class=\"wp-block-group is-layout-constrained wp-block-group-is-layout-constrained\">\n<h2 class=\"wp-block-heading\"><strong>1. Definition von Cookies\u00a0<\/strong><\/h2>\n\n\n\n<p>Ein Cookie ist eine Textdatei, die vorbehaltlich Ihrer Voreinstellungen in einem bestimmten Bereich des Speicherplatzes Ihres Endger\u00e4ts gespeichert werden kann, wenn Sie mithilfe Ihrer Browsersoftware einen Online-Dienst aufrufen. Eine Cookie-Datei erm\u00f6glicht es ihrem Herausgeber, das Endger\u00e4t, in dem sie gespeichert ist, f\u00fcr die Dauer der G\u00fcltigkeit oder Speicherung des Cookies zu identifizieren.<\/p>\n\n\n\n<h2 class=\"wp-block-heading\"><strong>2. Welche Cookies werden verwendet und zu welchen Zwecken?\u00a0<\/strong><\/h2>\n\n\n\n<p>Im Rahmen des Betriebs der Website werden Sie dar\u00fcber informiert, dass wir direkt oder indirekt die unten aufgelisteten Cookies einsetzen.<\/p>\n\n\n\n<h3 class=\"wp-block-heading\"><strong>2.1 Performance-Cookies zur Messung der Besucherzahlen auf der Website<\/strong><\/h3>\n\n\n\n<p>Diese Cookies sammeln Informationen dar\u00fcber, wie Sie die Website nutzen (z. B.: welche Seiten der Website am h\u00e4ufigsten aufgerufen werden). Diese Cookies dienen der Erstellung von Statistiken sowie der Analyse der Besucherzahlen und der Nutzung der verschiedenen Bereiche unserer Website (aufgerufene Rubriken und Inhalte, Navigationsverhalten). Sie unterst\u00fctzen uns dabei, die Attraktivit\u00e4t und Benutzerfreundlichkeit unserer Dienste zu optimieren.<\/p>\n\n\n\n<figure class=\"wp-block-table\"><table class=\"has-fixed-layout\"><tbody><tr><td>Name des Cookies<\/td><td>Zweck(e)<\/td><td>G\u00fcltigkeitsdauer\u00a0<\/td><\/tr><tr><td>Google Analytics<\/td><td>Analyse des Besucherverkehrs<\/td><td>13 Monate<\/td><\/tr><tr><td>Google Recaptcha<\/td><td>\u00dcberpr\u00fcfen, dass der Nutzer kein Roboter ist<\/td><td>Dauer der Verbindung<\/td><\/tr><\/tbody><\/table><\/figure>\n\n\n\n<h2 class=\"wp-block-heading\"><strong>3. Wie lange werden Cookies gespeichert?\u00a0<\/strong><\/h2>\n\n\n\n<p>Bitte beachten Sie, dass Cookies entweder nur f\u00fcr die Dauer Ihres Besuchs auf der Website verwendet und beim Verlassen automatisch gel\u00f6scht werden (Session-Cookies) oder f\u00fcr einen festgelegten Zeitraum nach Ihrem Besuch gespeichert bleiben (persistente Cookies). In jedem Fall darf die Dauer der Speicherung von Cookies dreizehn (13) Monate nicht \u00fcberschreiten.\u00a0<\/p>\n\n\n\n<h2 class=\"wp-block-heading\"><strong>4. Wie k\u00f6nnen Sie Ihre Wahl bez\u00fcglich der Hinterlegung von Cookies ausdr\u00fccken?\u00a0<\/strong><\/h2>\n\n\n\n<h3 class=\"wp-block-heading\"><strong>4.1 Zustimmung zur Hinterlegung von Cookies der Website<\/strong><\/h3>\n\n\n\n<p>Das Ablegen von Cookies setzt die ausdr\u00fcckliche Einwilligung des Nutzers voraus, die dieser jederzeit \u00fcber die ihm von seinem Browser angebotenen Einstellungsm\u00f6glichkeiten erteilen oder \u00e4ndern kann. Das Ablegen und Auslesen von Cookies erfolgt nicht:<\/p>\n\n\n\n<ul class=\"wp-block-list\">\n<li>wenn der Nutzer die Website (Startseite oder direkt eine andere Seite der Website) aufruft und nicht weiter navigiert; oder<\/li>\n\n\n\n<li>wenn der Nutzer auf den Link im Banner klickt, der ihm die Einstellung der Cookies erm\u00f6glicht, und gegebenenfalls die Speicherung von Cookies ablehnt.<\/li>\n<\/ul>\n\n\n\n<h3 class=\"wp-block-heading\"><strong>4.2 Die allgemeine Zustimmung zur Hinterlegung von Cookies<\/strong><\/h3>\n\n\n\n<p>Sie k\u00f6nnen die Hinterlegung von Cookies jederzeit ablehnen, indem Sie Ihren Browser entsprechend konfigurieren.\u00a0<\/p>\n\n\n\n<p>Wir weisen darauf hin, dass das L\u00f6schen eines Cookies oder das Ablehnen der Ablage von Cookies auf Ihren Ger\u00e4ten Ihr Navigationserlebnis beeintr\u00e4chtigen und Sie daran hindern kann, bestimmte Dienste der Website zu nutzen.<\/p>\n\n\n\n<p>F\u00fcr die Verwaltung der Cookies und Ihrer Einstellungen unterscheidet sich die Konfiguration je nach Browser.\u00a0<\/p>\n\n\n\n<p>Zu Ihrer Hilfe finden Sie im Folgenden Anweisungen zur Verwaltung von Cookies in den am h\u00e4ufigsten verwendeten Browsern:<\/p>\n\n\n\n<p>Windows Internet Explorer\u00ae:<\/p>\n\n\n\n<figure class=\"wp-block-embed\"><div class=\"wp-block-embed__wrapper\">\nhttps:\/\/support.microsoft.com\/de-de\/help\/17442\/windows-internet-explorer-delete-manage-cookies\n<\/div><\/figure>\n\n\n\n<p>Mozilla Firefox:\u00a0<\/p>\n\n\n\n<figure class=\"wp-block-embed\"><div class=\"wp-block-embed__wrapper\">\nhttps:\/\/support.mozilla.org\/de\/kb\/verbesserter-schutz-aktivitatenverfolgung-desktop?redirectslug=activer-desactiver-cookies&#038;redirectlocale=de\n<\/div><\/figure>\n\n\n\n<p>Google Chrome:\u00a0<\/p>\n\n\n\n<figure class=\"wp-block-embed\"><div class=\"wp-block-embed__wrapper\">\nhttps:\/\/support.google.com\/chrome\/answer\/95647?hl=de\n<\/div><\/figure>\n\n\n\n<p>Apple:\u00a0<\/p>\n\n\n\n<p>https:\/\/support.apple.com\/de-de\/105082<\/p>\n\n\n\n<p>Weitere Informationen \u00fcber die Tools zur Verwaltung von Cookies finden Sie auf der Website der Commission Nationale de l&#8217;Informatique et des Libert\u00e9s (CNIL) unter folgendem Link: https: <a href=\"https:\/\/www.cnil.fr\/fr\/cookies-et-autres-traceurs\/comment-se-proteger\/maitriser-votre-navigateur\">\/\/www.cnil.fr\/fr\/cookies-et-autres-traceurs\/comment-se-proteger\/maitriser-votre-navigateur<\/a><\/p>\n<\/div>\n\n<div style=\"height:10rem\" aria-hidden=\"true\" class=\"wp-block-spacer\"><\/div>\n","protected":false},"excerpt":{"rendered":"<p>1. Definition von Cookies\u00a0 Ein Cookie ist eine Textdatei, die vorbehaltlich Ihrer Voreinstellungen in einem bestimmten Bereich des Speicherplatzes Ihres Endger\u00e4ts gespeichert werden kann, wenn Sie mithilfe Ihrer Browsersoftware einen Online-Dienst aufrufen. Eine Cookie-Datei erm\u00f6glicht es ihrem Herausgeber, das Endger\u00e4t, in dem sie gespeichert ist, f\u00fcr die Dauer der G\u00fcltigkeit oder Speicherung des Cookies zu [&hellip;]<\/p>\n","protected":false},"author":2,"featured_media":0,"parent":0,"menu_order":9,"comment_status":"closed","ping_status":"closed","template":"","meta":{"_acf_changed":false,"footnotes":""},"class_list":["post-7138","page","type-page","status-publish","hentry"],"acf":[],"yoast_head":"<!-- This site is optimized with the Yoast SEO plugin v27.5 - https:\/\/yoast.com\/product\/yoast-seo-wordpress\/ -->\n<title>Cookie-Richtlinie - Groupe Cofidur<\/title>\n<meta name=\"description\" content=\"Lesen Sie unsere Cookie-Richtlinie, um zu verstehen, wie wir Cookies auf unserer Website verwenden, um Ihre Nutzererfahrung zu optimieren und die Navigation individuell anzupassen. Sehen Sie sich die Details an und verwalten Sie Ihre Einstellungen.\" \/>\n<meta name=\"robots\" content=\"index, follow, max-snippet:-1, max-image-preview:large, max-video-preview:-1\" \/>\n<link rel=\"canonical\" href=\"https:\/\/www.cofidur-groupe.com\/de\/cookie-richtlinie\/\" \/>\n<meta property=\"og:locale\" content=\"de_DE\" \/>\n<meta property=\"og:type\" content=\"article\" \/>\n<meta property=\"og:title\" content=\"Cookie-Richtlinie - Groupe Cofidur\" \/>\n<meta property=\"og:description\" content=\"Lesen Sie unsere Cookie-Richtlinie, um zu verstehen, wie wir Cookies auf unserer Website verwenden, um Ihre Nutzererfahrung zu optimieren und die Navigation individuell anzupassen. Sehen Sie sich die Details an und verwalten Sie Ihre Einstellungen.\" \/>\n<meta property=\"og:url\" content=\"https:\/\/www.cofidur-groupe.com\/de\/cookie-richtlinie\/\" \/>\n<meta property=\"og:site_name\" content=\"Groupe Cofidur\" \/>\n<meta property=\"article:modified_time\" content=\"2025-08-07T08:36:43+00:00\" \/>\n<meta property=\"og:image\" content=\"https:\/\/www.cofidur-groupe.com\/wp-content\/uploads\/2025\/01\/cofidur-site.jpg\" \/>\n\t<meta property=\"og:image:width\" content=\"1200\" \/>\n\t<meta property=\"og:image:height\" content=\"675\" \/>\n\t<meta property=\"og:image:type\" content=\"image\/jpeg\" \/>\n<meta name=\"twitter:card\" content=\"summary_large_image\" \/>\n<meta name=\"twitter:label1\" content=\"Gesch\u00e4tzte Lesezeit\" \/>\n\t<meta name=\"twitter:data1\" content=\"3\u00a0Minuten\" \/>\n<script type=\"application\/ld+json\" class=\"yoast-schema-graph\">{\"@context\":\"https:\\\/\\\/schema.org\",\"@graph\":[{\"@type\":\"WebPage\",\"@id\":\"https:\\\/\\\/www.cofidur-groupe.com\\\/de\\\/cookie-richtlinie\\\/\",\"url\":\"https:\\\/\\\/www.cofidur-groupe.com\\\/de\\\/cookie-richtlinie\\\/\",\"name\":\"Cookie-Richtlinie - Groupe Cofidur\",\"isPartOf\":{\"@id\":\"https:\\\/\\\/www.cofidur-groupe.com\\\/de\\\/#website\"},\"datePublished\":\"2024-07-02T13:01:55+00:00\",\"dateModified\":\"2025-08-07T08:36:43+00:00\",\"description\":\"Lesen Sie unsere Cookie-Richtlinie, um zu verstehen, wie wir Cookies auf unserer Website verwenden, um Ihre Nutzererfahrung zu optimieren und die Navigation individuell anzupassen. Sehen Sie sich die Details an und verwalten Sie Ihre Einstellungen.\",\"breadcrumb\":{\"@id\":\"https:\\\/\\\/www.cofidur-groupe.com\\\/de\\\/cookie-richtlinie\\\/#breadcrumb\"},\"inLanguage\":\"de\",\"potentialAction\":[{\"@type\":\"ReadAction\",\"target\":[\"https:\\\/\\\/www.cofidur-groupe.com\\\/de\\\/cookie-richtlinie\\\/\"]}]},{\"@type\":\"BreadcrumbList\",\"@id\":\"https:\\\/\\\/www.cofidur-groupe.com\\\/de\\\/cookie-richtlinie\\\/#breadcrumb\",\"itemListElement\":[{\"@type\":\"ListItem\",\"position\":1,\"name\":\"Groupe Cofidur\",\"item\":\"https:\\\/\\\/www.cofidur-groupe.com\\\/de\\\/\"},{\"@type\":\"ListItem\",\"position\":2,\"name\":\"Cookie-Richtlinie\"}]},{\"@type\":\"WebSite\",\"@id\":\"https:\\\/\\\/www.cofidur-groupe.com\\\/de\\\/#website\",\"url\":\"https:\\\/\\\/www.cofidur-groupe.com\\\/de\\\/\",\"name\":\"Groupe Cofidur\",\"description\":\"\",\"publisher\":{\"@id\":\"https:\\\/\\\/www.cofidur-groupe.com\\\/de\\\/#organization\"},\"potentialAction\":[{\"@type\":\"SearchAction\",\"target\":{\"@type\":\"EntryPoint\",\"urlTemplate\":\"https:\\\/\\\/www.cofidur-groupe.com\\\/de\\\/?s={search_term_string}\"},\"query-input\":{\"@type\":\"PropertyValueSpecification\",\"valueRequired\":true,\"valueName\":\"search_term_string\"}}],\"inLanguage\":\"de\"},{\"@type\":\"Organization\",\"@id\":\"https:\\\/\\\/www.cofidur-groupe.com\\\/de\\\/#organization\",\"name\":\"Groupe Cofidur\",\"url\":\"https:\\\/\\\/www.cofidur-groupe.com\\\/de\\\/\",\"logo\":{\"@type\":\"ImageObject\",\"inLanguage\":\"de\",\"@id\":\"https:\\\/\\\/www.cofidur-groupe.com\\\/de\\\/#\\\/schema\\\/logo\\\/image\\\/\",\"url\":\"https:\\\/\\\/www.cofidur-groupe.com\\\/wp-content\\\/uploads\\\/2024\\\/12\\\/logo_cofidur.svg\",\"contentUrl\":\"https:\\\/\\\/www.cofidur-groupe.com\\\/wp-content\\\/uploads\\\/2024\\\/12\\\/logo_cofidur.svg\",\"caption\":\"Groupe Cofidur\"},\"image\":{\"@id\":\"https:\\\/\\\/www.cofidur-groupe.com\\\/de\\\/#\\\/schema\\\/logo\\\/image\\\/\"},\"sameAs\":[\"https:\\\/\\\/www.linkedin.com\\\/company\\\/cofidur-ems\"]}]}<\/script>\n<!-- \/ Yoast SEO plugin. -->","yoast_head_json":{"title":"Cookie-Richtlinie - Groupe Cofidur","description":"Lesen Sie unsere Cookie-Richtlinie, um zu verstehen, wie wir Cookies auf unserer Website verwenden, um Ihre Nutzererfahrung zu optimieren und die Navigation individuell anzupassen. Sehen Sie sich die Details an und verwalten Sie Ihre Einstellungen.","robots":{"index":"index","follow":"follow","max-snippet":"max-snippet:-1","max-image-preview":"max-image-preview:large","max-video-preview":"max-video-preview:-1"},"canonical":"https:\/\/www.cofidur-groupe.com\/de\/cookie-richtlinie\/","og_locale":"de_DE","og_type":"article","og_title":"Cookie-Richtlinie - Groupe Cofidur","og_description":"Lesen Sie unsere Cookie-Richtlinie, um zu verstehen, wie wir Cookies auf unserer Website verwenden, um Ihre Nutzererfahrung zu optimieren und die Navigation individuell anzupassen. Sehen Sie sich die Details an und verwalten Sie Ihre Einstellungen.","og_url":"https:\/\/www.cofidur-groupe.com\/de\/cookie-richtlinie\/","og_site_name":"Groupe Cofidur","article_modified_time":"2025-08-07T08:36:43+00:00","og_image":[{"width":1200,"height":675,"url":"https:\/\/www.cofidur-groupe.com\/wp-content\/uploads\/2025\/01\/cofidur-site.jpg","type":"image\/jpeg"}],"twitter_card":"summary_large_image","twitter_misc":{"Gesch\u00e4tzte Lesezeit":"3\u00a0Minuten"},"schema":{"@context":"https:\/\/schema.org","@graph":[{"@type":"WebPage","@id":"https:\/\/www.cofidur-groupe.com\/de\/cookie-richtlinie\/","url":"https:\/\/www.cofidur-groupe.com\/de\/cookie-richtlinie\/","name":"Cookie-Richtlinie - Groupe Cofidur","isPartOf":{"@id":"https:\/\/www.cofidur-groupe.com\/de\/#website"},"datePublished":"2024-07-02T13:01:55+00:00","dateModified":"2025-08-07T08:36:43+00:00","description":"Lesen Sie unsere Cookie-Richtlinie, um zu verstehen, wie wir Cookies auf unserer Website verwenden, um Ihre Nutzererfahrung zu optimieren und die Navigation individuell anzupassen. Sehen Sie sich die Details an und verwalten Sie Ihre Einstellungen.","breadcrumb":{"@id":"https:\/\/www.cofidur-groupe.com\/de\/cookie-richtlinie\/#breadcrumb"},"inLanguage":"de","potentialAction":[{"@type":"ReadAction","target":["https:\/\/www.cofidur-groupe.com\/de\/cookie-richtlinie\/"]}]},{"@type":"BreadcrumbList","@id":"https:\/\/www.cofidur-groupe.com\/de\/cookie-richtlinie\/#breadcrumb","itemListElement":[{"@type":"ListItem","position":1,"name":"Groupe Cofidur","item":"https:\/\/www.cofidur-groupe.com\/de\/"},{"@type":"ListItem","position":2,"name":"Cookie-Richtlinie"}]},{"@type":"WebSite","@id":"https:\/\/www.cofidur-groupe.com\/de\/#website","url":"https:\/\/www.cofidur-groupe.com\/de\/","name":"Groupe Cofidur","description":"","publisher":{"@id":"https:\/\/www.cofidur-groupe.com\/de\/#organization"},"potentialAction":[{"@type":"SearchAction","target":{"@type":"EntryPoint","urlTemplate":"https:\/\/www.cofidur-groupe.com\/de\/?s={search_term_string}"},"query-input":{"@type":"PropertyValueSpecification","valueRequired":true,"valueName":"search_term_string"}}],"inLanguage":"de"},{"@type":"Organization","@id":"https:\/\/www.cofidur-groupe.com\/de\/#organization","name":"Groupe Cofidur","url":"https:\/\/www.cofidur-groupe.com\/de\/","logo":{"@type":"ImageObject","inLanguage":"de","@id":"https:\/\/www.cofidur-groupe.com\/de\/#\/schema\/logo\/image\/","url":"https:\/\/www.cofidur-groupe.com\/wp-content\/uploads\/2024\/12\/logo_cofidur.svg","contentUrl":"https:\/\/www.cofidur-groupe.com\/wp-content\/uploads\/2024\/12\/logo_cofidur.svg","caption":"Groupe Cofidur"},"image":{"@id":"https:\/\/www.cofidur-groupe.com\/de\/#\/schema\/logo\/image\/"},"sameAs":["https:\/\/www.linkedin.com\/company\/cofidur-ems"]}]}},"_links":{"self":[{"href":"https:\/\/www.cofidur-groupe.com\/de\/wp-json\/wp\/v2\/pages\/7138","targetHints":{"allow":["GET"]}}],"collection":[{"href":"https:\/\/www.cofidur-groupe.com\/de\/wp-json\/wp\/v2\/pages"}],"about":[{"href":"https:\/\/www.cofidur-groupe.com\/de\/wp-json\/wp\/v2\/types\/page"}],"author":[{"embeddable":true,"href":"https:\/\/www.cofidur-groupe.com\/de\/wp-json\/wp\/v2\/users\/2"}],"replies":[{"embeddable":true,"href":"https:\/\/www.cofidur-groupe.com\/de\/wp-json\/wp\/v2\/comments?post=7138"}],"version-history":[{"count":1,"href":"https:\/\/www.cofidur-groupe.com\/de\/wp-json\/wp\/v2\/pages\/7138\/revisions"}],"predecessor-version":[{"id":7139,"href":"https:\/\/www.cofidur-groupe.com\/de\/wp-json\/wp\/v2\/pages\/7138\/revisions\/7139"}],"wp:attachment":[{"href":"https:\/\/www.cofidur-groupe.com\/de\/wp-json\/wp\/v2\/media?parent=7138"}],"curies":[{"name":"wp","href":"https:\/\/api.w.org\/{rel}","templated":true}]}}