{"id":7000,"date":"2024-07-02T15:01:55","date_gmt":"2024-07-02T13:01:55","guid":{"rendered":"https:\/\/www.cofidur-groupe.com\/politica-de-cookies\/"},"modified":"2025-08-07T10:22:52","modified_gmt":"2025-08-07T08:22:52","slug":"politica-de-cookies","status":"publish","type":"page","link":"https:\/\/www.cofidur-groupe.com\/es\/politica-de-cookies\/","title":{"rendered":"Pol\u00edtica de cookies"},"content":{"rendered":"<section class=\"banner_page \"><div class=\"inner\"><p id=\"breadcrumbs\"><span><span><a href=\"https:\/\/www.cofidur-groupe.com\/es\/\">Groupe Cofidur<\/a><\/span><\/span><\/p><div class=\"banner_page_container banner_width \"><h1 class=\"title-deco\">Pol\u00edtica de cookies<\/h1><p class=\"\">Cuando visita el sitio web nomdusite.fr, la informaci\u00f3n relativa a la navegaci\u00f3n de su terminal (ordenador, tableta, smartphone, etc.) puede quedar registrada en archivos \u00abcookie\u00bb instalados en su terminal, en funci\u00f3n de las elecciones que haya realizado y que puede modificar en cualquier momento.<\/p><\/div><\/div><\/section>\n<div style=\"height:5rem\" aria-hidden=\"true\" class=\"wp-block-spacer\"><\/div>\n\n<div class=\"wp-block-group is-layout-constrained wp-block-group-is-layout-constrained\">\n<h2 class=\"wp-block-heading\"><strong>1. Definici\u00f3n de cookies\u00a0<\/strong><\/h2>\n\n\n\n<p>Una cookie es un archivo de texto que puede guardarse, en funci\u00f3n de sus elecciones, en un espacio de almacenamiento espec\u00edfico de su terminal cuando consulta un servicio en l\u00ednea utilizando su programa de navegaci\u00f3n. Un archivo Cookie permite a su emisor identificar el terminal en el que se almacena, durante el periodo de validez o almacenamiento de la Cookie.<\/p>\n\n\n\n<h2 class=\"wp-block-heading\"><strong>2. \u00bfQu\u00e9 cookies se utilizan y con qu\u00e9 fines?\u00a0<\/strong><\/h2>\n\n\n\n<p>Como parte del funcionamiento del Sitio, se le informa de que utilizamos, directa o indirectamente, las cookies que se enumeran a continuaci\u00f3n.<\/p>\n\n\n\n<h3 class=\"wp-block-heading\"><strong>2.1. Cookies de rendimiento para medir la audiencia del Sitio<\/strong><\/h3>\n\n\n\n<p>Estas cookies nos permiten recopilar informaci\u00f3n sobre la forma en que usted utiliza el Sitio (por ejemplo, las p\u00e1ginas del Sitio que se consultan con m\u00e1s frecuencia). Estas cookies nos permiten elaborar estad\u00edsticas y vol\u00famenes de visitas y de utilizaci\u00f3n de los distintos componentes de nuestro Sitio (secciones y contenidos visitados, recorrido realizado), lo que nos ayuda a mejorar el inter\u00e9s y la ergonom\u00eda de nuestros servicios.<\/p>\n\n\n\n<figure class=\"wp-block-table\"><table class=\"has-fixed-layout\"><tbody><tr><td>Nombre de la cookie<\/td><td>Objetivos<\/td><td>Caducidad\u00a0<\/td><\/tr><tr><td>Google Analytics<\/td><td>An\u00e1lisis del tr\u00e1fico<\/td><td>13 meses<\/td><\/tr><tr><td>Google Recaptcha<\/td><td>Comprobar que el usuario no es un robot<\/td><td>Tiempo de conexi\u00f3n<\/td><\/tr><\/tbody><\/table><\/figure>\n\n\n\n<h2 class=\"wp-block-heading\"><strong>3. \u00bfCu\u00e1nto tiempo se almacenan las cookies?\u00a0<\/strong><\/h2>\n\n\n\n<p>Le informamos de que el uso de Cookies puede limitarse a la duraci\u00f3n de su navegaci\u00f3n en el Sitio con eliminaci\u00f3n autom\u00e1tica cuando abandona el Sitio (Cookies de sesi\u00f3n) o puede conservarse durante un per\u00edodo de tiempo definido despu\u00e9s de su visita al Sitio (Cookies persistentes). En cualquier caso, las Cookies no se conservan m\u00e1s de trece (13) meses.\u00a0<\/p>\n\n\n\n<h2 class=\"wp-block-heading\"><strong>4. \u00bfC\u00f3mo puede expresar sus opciones en relaci\u00f3n con el dep\u00f3sito de Cookies?\u00a0<\/strong><\/h2>\n\n\n\n<h3 class=\"wp-block-heading\"><strong>4.1. Consentimiento para el dep\u00f3sito de cookies del sitio web<\/strong><\/h3>\n\n\n\n<p>El dep\u00f3sito de Cookies est\u00e1 sujeto a la voluntad expresa del Usuario, que podr\u00e1 manifestar y modificar en cualquier momento, mediante las opciones que le ofrece su programa de navegaci\u00f3n. No se depositar\u00e1n ni leer\u00e1n cookies:<\/p>\n\n\n\n<ul class=\"wp-block-list\">\n<li>Si el Usuario accede al Sitio (p\u00e1gina de inicio o directamente a otra p\u00e1gina del Sitio) y no contin\u00faa navegando; o<\/li>\n\n\n\n<li>Si el Usuario hace clic en el enlace del banner que le permite configurar los par\u00e1metros de las Cookies y, en su caso, rechaza el dep\u00f3sito de Cookies.<\/li>\n<\/ul>\n\n\n\n<h3 class=\"wp-block-heading\"><strong>4.2. Consentimiento general para el dep\u00f3sito de Cookies<\/strong><\/h3>\n\n\n\n<p>Puede negarse a aceptar cookies en cualquier momento configurando su navegador.\u00a0<\/p>\n\n\n\n<p>Tenga en cuenta que desinstalar una Cookie u oponerse a la instalaci\u00f3n de Cookies en su equipo puede alterar su experiencia de navegaci\u00f3n e impedirle beneficiarse de determinados servicios del Sitio.<\/p>\n\n\n\n<p>Para gestionar las cookies y sus opciones, la configuraci\u00f3n de cada navegador es diferente.\u00a0<\/p>\n\n\n\n<p>Para ayudarte, aqu\u00ed tienes las instrucciones para gestionar las cookies en los navegadores m\u00e1s utilizados:<\/p>\n\n\n\n<p>Windows Internet Explorer\u00ae :<\/p>\n\n\n\n<figure class=\"wp-block-embed\"><div class=\"wp-block-embed__wrapper\">\nhttps:\/\/support.microsoft.com\/fr-fr\/help\/17442\/windows-internet-explorer-delete-manage-cookies\n<\/div><\/figure>\n\n\n\n<p>Mozilla Firefox :\u00a0<\/p>\n\n\n\n<figure class=\"wp-block-embed\"><div class=\"wp-block-embed__wrapper\">\nhttps:\/\/support.mozilla.org\/fr\/kb\/activer-desactiver-cookies\n<\/div><\/figure>\n\n\n\n<p>Google Chrome:\u00a0<\/p>\n\n\n\n<figure class=\"wp-block-embed\"><div class=\"wp-block-embed__wrapper\">\nhttps:\/\/support.google.com\/chrome\/answer\/95647?hl=fr\n<\/div><\/figure>\n\n\n\n<p>Manzana :\u00a0<\/p>\n\n\n\n<p><a href=\"http:\/\/support.apple.com\/kb\/HT1677?viewlocale=fr_FR&amp;locale=fr_FR\">http:\/\/support.apple.com\/kb\/HT1677?viewlocale=fr_FR&amp;locale=en_FR<\/a><\/p>\n\n\n\n<p>Si desea m\u00e1s informaci\u00f3n sobre las herramientas de control de las cookies, consulte el sitio web de la Comisi\u00f3n Nacional de Inform\u00e1tica y Libertades (CNIL) haciendo clic en el siguiente enlace: https: <a href=\"https:\/\/www.cnil.fr\/fr\/cookies-et-autres-traceurs\/comment-se-proteger\/maitriser-votre-navigateur\">\/\/www.cnil.fr\/fr\/cookies-et-autres-traceurs\/comment-se-proteger\/maitriser-votre-navigateur<\/a><\/p>\n<\/div>\n\n<div style=\"height:10rem\" aria-hidden=\"true\" class=\"wp-block-spacer\"><\/div>\n","protected":false},"excerpt":{"rendered":"<p>1. Definici\u00f3n de cookies\u00a0 Una cookie es un archivo de texto que puede guardarse, en funci\u00f3n de sus elecciones, en un espacio de almacenamiento espec\u00edfico de su terminal cuando consulta un servicio en l\u00ednea utilizando su programa de navegaci\u00f3n. Un archivo Cookie permite a su emisor identificar el terminal en el que se almacena, durante [&hellip;]<\/p>\n","protected":false},"author":2,"featured_media":0,"parent":0,"menu_order":9,"comment_status":"closed","ping_status":"closed","template":"","meta":{"_acf_changed":false,"footnotes":""},"class_list":["post-7000","page","type-page","status-publish","hentry"],"acf":[],"yoast_head":"<!-- This site is optimized with the Yoast SEO plugin v27.5 - https:\/\/yoast.com\/product\/yoast-seo-wordpress\/ -->\n<title>Pol\u00edtica de cookies - Groupe Cofidur<\/title>\n<meta name=\"description\" content=\"Lea nuestra Pol\u00edtica de Cookies para saber c\u00f3mo utilizamos las cookies en nuestro sitio web para mejorar su experiencia de usuario y personalizar su navegaci\u00f3n. Consulta los detalles y gestiona tus preferencias.\" \/>\n<meta name=\"robots\" content=\"index, follow, max-snippet:-1, max-image-preview:large, max-video-preview:-1\" \/>\n<link rel=\"canonical\" href=\"https:\/\/www.cofidur-groupe.com\/es\/politica-de-cookies\/\" \/>\n<meta property=\"og:locale\" content=\"es_ES\" \/>\n<meta property=\"og:type\" content=\"article\" \/>\n<meta property=\"og:title\" content=\"Pol\u00edtica de cookies - Groupe Cofidur\" \/>\n<meta property=\"og:description\" content=\"Lea nuestra Pol\u00edtica de Cookies para saber c\u00f3mo utilizamos las cookies en nuestro sitio web para mejorar su experiencia de usuario y personalizar su navegaci\u00f3n. Consulta los detalles y gestiona tus preferencias.\" \/>\n<meta property=\"og:url\" content=\"https:\/\/www.cofidur-groupe.com\/es\/politica-de-cookies\/\" \/>\n<meta property=\"og:site_name\" content=\"Groupe Cofidur\" \/>\n<meta property=\"article:modified_time\" content=\"2025-08-07T08:22:52+00:00\" \/>\n<meta property=\"og:image\" content=\"https:\/\/www.cofidur-groupe.com\/wp-content\/uploads\/2025\/01\/cofidur-site.jpg\" \/>\n\t<meta property=\"og:image:width\" content=\"1200\" \/>\n\t<meta property=\"og:image:height\" content=\"675\" \/>\n\t<meta property=\"og:image:type\" content=\"image\/jpeg\" \/>\n<meta name=\"twitter:card\" content=\"summary_large_image\" \/>\n<meta name=\"twitter:label1\" content=\"Tiempo de lectura\" \/>\n\t<meta name=\"twitter:data1\" content=\"3 minutos\" \/>\n<script type=\"application\/ld+json\" class=\"yoast-schema-graph\">{\"@context\":\"https:\\\/\\\/schema.org\",\"@graph\":[{\"@type\":\"WebPage\",\"@id\":\"https:\\\/\\\/www.cofidur-groupe.com\\\/es\\\/politica-de-cookies\\\/\",\"url\":\"https:\\\/\\\/www.cofidur-groupe.com\\\/es\\\/politica-de-cookies\\\/\",\"name\":\"Pol\u00edtica de cookies - Groupe Cofidur\",\"isPartOf\":{\"@id\":\"https:\\\/\\\/www.cofidur-groupe.com\\\/es\\\/#website\"},\"datePublished\":\"2024-07-02T13:01:55+00:00\",\"dateModified\":\"2025-08-07T08:22:52+00:00\",\"description\":\"Lea nuestra Pol\u00edtica de Cookies para saber c\u00f3mo utilizamos las cookies en nuestro sitio web para mejorar su experiencia de usuario y personalizar su navegaci\u00f3n. Consulta los detalles y gestiona tus preferencias.\",\"breadcrumb\":{\"@id\":\"https:\\\/\\\/www.cofidur-groupe.com\\\/es\\\/politica-de-cookies\\\/#breadcrumb\"},\"inLanguage\":\"es\",\"potentialAction\":[{\"@type\":\"ReadAction\",\"target\":[\"https:\\\/\\\/www.cofidur-groupe.com\\\/es\\\/politica-de-cookies\\\/\"]}]},{\"@type\":\"BreadcrumbList\",\"@id\":\"https:\\\/\\\/www.cofidur-groupe.com\\\/es\\\/politica-de-cookies\\\/#breadcrumb\",\"itemListElement\":[{\"@type\":\"ListItem\",\"position\":1,\"name\":\"Groupe Cofidur\",\"item\":\"https:\\\/\\\/www.cofidur-groupe.com\\\/es\\\/\"},{\"@type\":\"ListItem\",\"position\":2,\"name\":\"Pol\u00edtica de cookies\"}]},{\"@type\":\"WebSite\",\"@id\":\"https:\\\/\\\/www.cofidur-groupe.com\\\/es\\\/#website\",\"url\":\"https:\\\/\\\/www.cofidur-groupe.com\\\/es\\\/\",\"name\":\"Groupe Cofidur\",\"description\":\"\",\"publisher\":{\"@id\":\"https:\\\/\\\/www.cofidur-groupe.com\\\/es\\\/#organization\"},\"potentialAction\":[{\"@type\":\"SearchAction\",\"target\":{\"@type\":\"EntryPoint\",\"urlTemplate\":\"https:\\\/\\\/www.cofidur-groupe.com\\\/es\\\/?s={search_term_string}\"},\"query-input\":{\"@type\":\"PropertyValueSpecification\",\"valueRequired\":true,\"valueName\":\"search_term_string\"}}],\"inLanguage\":\"es\"},{\"@type\":\"Organization\",\"@id\":\"https:\\\/\\\/www.cofidur-groupe.com\\\/es\\\/#organization\",\"name\":\"Groupe Cofidur\",\"url\":\"https:\\\/\\\/www.cofidur-groupe.com\\\/es\\\/\",\"logo\":{\"@type\":\"ImageObject\",\"inLanguage\":\"es\",\"@id\":\"https:\\\/\\\/www.cofidur-groupe.com\\\/es\\\/#\\\/schema\\\/logo\\\/image\\\/\",\"url\":\"https:\\\/\\\/www.cofidur-groupe.com\\\/wp-content\\\/uploads\\\/2024\\\/12\\\/logo_cofidur.svg\",\"contentUrl\":\"https:\\\/\\\/www.cofidur-groupe.com\\\/wp-content\\\/uploads\\\/2024\\\/12\\\/logo_cofidur.svg\",\"caption\":\"Groupe Cofidur\"},\"image\":{\"@id\":\"https:\\\/\\\/www.cofidur-groupe.com\\\/es\\\/#\\\/schema\\\/logo\\\/image\\\/\"},\"sameAs\":[\"https:\\\/\\\/www.linkedin.com\\\/company\\\/cofidur-ems\"]}]}<\/script>\n<!-- \/ Yoast SEO plugin. -->","yoast_head_json":{"title":"Pol\u00edtica de cookies - Groupe Cofidur","description":"Lea nuestra Pol\u00edtica de Cookies para saber c\u00f3mo utilizamos las cookies en nuestro sitio web para mejorar su experiencia de usuario y personalizar su navegaci\u00f3n. Consulta los detalles y gestiona tus preferencias.","robots":{"index":"index","follow":"follow","max-snippet":"max-snippet:-1","max-image-preview":"max-image-preview:large","max-video-preview":"max-video-preview:-1"},"canonical":"https:\/\/www.cofidur-groupe.com\/es\/politica-de-cookies\/","og_locale":"es_ES","og_type":"article","og_title":"Pol\u00edtica de cookies - Groupe Cofidur","og_description":"Lea nuestra Pol\u00edtica de Cookies para saber c\u00f3mo utilizamos las cookies en nuestro sitio web para mejorar su experiencia de usuario y personalizar su navegaci\u00f3n. Consulta los detalles y gestiona tus preferencias.","og_url":"https:\/\/www.cofidur-groupe.com\/es\/politica-de-cookies\/","og_site_name":"Groupe Cofidur","article_modified_time":"2025-08-07T08:22:52+00:00","og_image":[{"width":1200,"height":675,"url":"https:\/\/www.cofidur-groupe.com\/wp-content\/uploads\/2025\/01\/cofidur-site.jpg","type":"image\/jpeg"}],"twitter_card":"summary_large_image","twitter_misc":{"Tiempo de lectura":"3 minutos"},"schema":{"@context":"https:\/\/schema.org","@graph":[{"@type":"WebPage","@id":"https:\/\/www.cofidur-groupe.com\/es\/politica-de-cookies\/","url":"https:\/\/www.cofidur-groupe.com\/es\/politica-de-cookies\/","name":"Pol\u00edtica de cookies - Groupe Cofidur","isPartOf":{"@id":"https:\/\/www.cofidur-groupe.com\/es\/#website"},"datePublished":"2024-07-02T13:01:55+00:00","dateModified":"2025-08-07T08:22:52+00:00","description":"Lea nuestra Pol\u00edtica de Cookies para saber c\u00f3mo utilizamos las cookies en nuestro sitio web para mejorar su experiencia de usuario y personalizar su navegaci\u00f3n. Consulta los detalles y gestiona tus preferencias.","breadcrumb":{"@id":"https:\/\/www.cofidur-groupe.com\/es\/politica-de-cookies\/#breadcrumb"},"inLanguage":"es","potentialAction":[{"@type":"ReadAction","target":["https:\/\/www.cofidur-groupe.com\/es\/politica-de-cookies\/"]}]},{"@type":"BreadcrumbList","@id":"https:\/\/www.cofidur-groupe.com\/es\/politica-de-cookies\/#breadcrumb","itemListElement":[{"@type":"ListItem","position":1,"name":"Groupe Cofidur","item":"https:\/\/www.cofidur-groupe.com\/es\/"},{"@type":"ListItem","position":2,"name":"Pol\u00edtica de cookies"}]},{"@type":"WebSite","@id":"https:\/\/www.cofidur-groupe.com\/es\/#website","url":"https:\/\/www.cofidur-groupe.com\/es\/","name":"Groupe Cofidur","description":"","publisher":{"@id":"https:\/\/www.cofidur-groupe.com\/es\/#organization"},"potentialAction":[{"@type":"SearchAction","target":{"@type":"EntryPoint","urlTemplate":"https:\/\/www.cofidur-groupe.com\/es\/?s={search_term_string}"},"query-input":{"@type":"PropertyValueSpecification","valueRequired":true,"valueName":"search_term_string"}}],"inLanguage":"es"},{"@type":"Organization","@id":"https:\/\/www.cofidur-groupe.com\/es\/#organization","name":"Groupe Cofidur","url":"https:\/\/www.cofidur-groupe.com\/es\/","logo":{"@type":"ImageObject","inLanguage":"es","@id":"https:\/\/www.cofidur-groupe.com\/es\/#\/schema\/logo\/image\/","url":"https:\/\/www.cofidur-groupe.com\/wp-content\/uploads\/2024\/12\/logo_cofidur.svg","contentUrl":"https:\/\/www.cofidur-groupe.com\/wp-content\/uploads\/2024\/12\/logo_cofidur.svg","caption":"Groupe Cofidur"},"image":{"@id":"https:\/\/www.cofidur-groupe.com\/es\/#\/schema\/logo\/image\/"},"sameAs":["https:\/\/www.linkedin.com\/company\/cofidur-ems"]}]}},"_links":{"self":[{"href":"https:\/\/www.cofidur-groupe.com\/es\/wp-json\/wp\/v2\/pages\/7000","targetHints":{"allow":["GET"]}}],"collection":[{"href":"https:\/\/www.cofidur-groupe.com\/es\/wp-json\/wp\/v2\/pages"}],"about":[{"href":"https:\/\/www.cofidur-groupe.com\/es\/wp-json\/wp\/v2\/types\/page"}],"author":[{"embeddable":true,"href":"https:\/\/www.cofidur-groupe.com\/es\/wp-json\/wp\/v2\/users\/2"}],"replies":[{"embeddable":true,"href":"https:\/\/www.cofidur-groupe.com\/es\/wp-json\/wp\/v2\/comments?post=7000"}],"version-history":[{"count":3,"href":"https:\/\/www.cofidur-groupe.com\/es\/wp-json\/wp\/v2\/pages\/7000\/revisions"}],"predecessor-version":[{"id":7094,"href":"https:\/\/www.cofidur-groupe.com\/es\/wp-json\/wp\/v2\/pages\/7000\/revisions\/7094"}],"wp:attachment":[{"href":"https:\/\/www.cofidur-groupe.com\/es\/wp-json\/wp\/v2\/media?parent=7000"}],"curies":[{"name":"wp","href":"https:\/\/api.w.org\/{rel}","templated":true}]}}