{"id":7011,"date":"2024-12-04T15:23:22","date_gmt":"2024-12-04T14:23:22","guid":{"rendered":"https:\/\/www.cofidur-groupe.com\/contacto\/"},"modified":"2025-08-07T17:03:02","modified_gmt":"2025-08-07T15:03:02","slug":"contacto","status":"publish","type":"page","link":"https:\/\/www.cofidur-groupe.com\/es\/contacto\/","title":{"rendered":"Contacto"},"content":{"rendered":"\n<div style=\"height:50px\" aria-hidden=\"true\" class=\"wp-block-spacer\"><\/div>\n\n\n<section class=\"banner_page \"><div class=\"inner\"><p id=\"breadcrumbs\"><span><span><a href=\"https:\/\/www.cofidur-groupe.com\/es\/\">Groupe Cofidur<\/a><\/span><\/span><\/p><div class=\"banner_page_container banner_width \"><h1 class=\"title-deco\">P\u00f3ngase en contacto con nosotros<\/h1><\/div><\/div><\/section>\n\n\n<div style=\"height:50px\" aria-hidden=\"true\" class=\"wp-block-spacer\"><\/div>\n\n\n\n<section\n    class=\"block block-contact  container-fluid background-violet  main\">\n    \n    <div class=\"row\">\n        <div class=\"col-lg-4 col-sm-12 col-md-4 p-0\">\n                        <div class=\"image\">\n                <img decoding=\"async\" src=\"https:\/\/www.cofidur-groupe.com\/wp-content\/uploads\/2024\/12\/cofidur-scientist-1.jpg\" alt=\"\"\n                    title=\"cofidur scientist\">\n            <\/div>\n                    <\/div>\n        <div class=\"col-lg-6 col-sm-12 col-md-6 mr-auto pb-6 pt-6 pl-1 pr-2\">\n            \n<div class=\"wpcf7 no-js\" id=\"wpcf7-f6905-o1\" lang=\"es-ES\" dir=\"ltr\" data-wpcf7-id=\"6905\">\n<div class=\"screen-reader-response\"><p role=\"status\" aria-live=\"polite\" aria-atomic=\"true\"><\/p> <ul><\/ul><\/div>\n<form action=\"\/es\/wp-json\/wp\/v2\/pages\/7011#wpcf7-f6905-o1\" method=\"post\" class=\"wpcf7-form init\" aria-label=\"Formulario de contacto\" novalidate=\"novalidate\" data-status=\"init\">\n<fieldset class=\"hidden-fields-container\"><input type=\"hidden\" name=\"_wpcf7\" value=\"6905\" \/><input type=\"hidden\" name=\"_wpcf7_version\" value=\"6.1.5\" \/><input type=\"hidden\" name=\"_wpcf7_locale\" value=\"es_ES\" \/><input type=\"hidden\" name=\"_wpcf7_unit_tag\" value=\"wpcf7-f6905-o1\" \/><input type=\"hidden\" name=\"_wpcf7_container_post\" value=\"0\" \/><input type=\"hidden\" name=\"_wpcf7_posted_data_hash\" value=\"\" \/>\n<\/fieldset>\n<label>Nombre<span class=\"wpcf7-form-control-wrap\" data-name=\"nom\"><input size=\"40\" maxlength=\"400\" class=\"wpcf7-form-control wpcf7-text wpcf7-validates-as-required\" aria-required=\"true\" aria-invalid=\"false\" placeholder=\"Introduzca su nombre ..\" value=\"\" type=\"text\" name=\"nom\" \/><\/span><\/label>\n<label>Nombre<span class=\"wpcf7-form-control-wrap\" data-name=\"prenom\"><input size=\"40\" maxlength=\"400\" class=\"wpcf7-form-control wpcf7-text wpcf7-validates-as-required\" aria-required=\"true\" aria-invalid=\"false\" placeholder=\"Introduzca su nombre ..\" value=\"\" type=\"text\" name=\"prenom\" \/><\/span><\/label>\n<label>Correo electr\u00f3nico<span class=\"wpcf7-form-control-wrap\" data-name=\"email\"><input size=\"40\" maxlength=\"400\" class=\"wpcf7-form-control wpcf7-email wpcf7-validates-as-required wpcf7-text wpcf7-validates-as-email\" aria-required=\"true\" aria-invalid=\"false\" placeholder=\"Introduce tu e-mail ..\" value=\"\" type=\"email\" name=\"email\" \/><\/span><\/label>\n<label>N\u00famero de tel\u00e9fono<span class=\"wpcf7-form-control-wrap\" data-name=\"telephone\"><input size=\"40\" maxlength=\"400\" class=\"wpcf7-form-control wpcf7-tel wpcf7-validates-as-required wpcf7-text wpcf7-validates-as-tel\" aria-required=\"true\" aria-invalid=\"false\" placeholder=\"Introduce tu tel\u00e9fono ..\" value=\"\" type=\"tel\" name=\"telephone\" \/><\/span><\/label>\n<label>C\u00f3digo postal<span class=\"wpcf7-form-control-wrap\" data-name=\"codepostal\"><input size=\"40\" maxlength=\"400\" class=\"wpcf7-form-control wpcf7-text wpcf7-validates-as-required\" aria-required=\"true\" aria-invalid=\"false\" placeholder=\"Introduzca su c\u00f3digo postal ..\" value=\"\" type=\"text\" name=\"codepostal\" \/><\/span><\/label>\n<label class=\"mt-2 mb-2\">Su solicitud se refiere a<span class=\"wpcf7-form-control-wrap\" data-name=\"objet\"><select class=\"wpcf7-form-control wpcf7-select\" aria-invalid=\"false\" name=\"objet\"><option value=\"Deseo que un comercial se ponga en contacto conmigo\">Deseo que un comercial se ponga en contacto conmigo<\/option><option value=\"Deseo informaci\u00f3n sobre el lanzamiento de un nuevo proyecto\">Deseo informaci\u00f3n sobre el lanzamiento de un nuevo proyecto<\/option><option value=\"Busco asesoramiento y apoyo para desarrollar un nuevo producto\">Busco asesoramiento y apoyo para desarrollar un nuevo producto<\/option><option value=\"\u00bfAlgo m\u00e1s?\">\u00bfAlgo m\u00e1s?<\/option><\/select><\/span><\/label>\n<label class=\"mt-2 mb-2\">Mensaje<span class=\"wpcf7-form-control-wrap\" data-name=\"message\"><textarea cols=\"40\" rows=\"10\" maxlength=\"2000\" class=\"wpcf7-form-control wpcf7-textarea wpcf7-validates-as-required\" aria-required=\"true\" aria-invalid=\"false\" name=\"message\">Hola,<\/textarea><\/span><\/label>\n<span class=\"wpcf7-form-control-wrap\" data-name=\"acceptance\"><span class=\"wpcf7-form-control wpcf7-acceptance\"><span class=\"wpcf7-list-item\"><label><input type=\"checkbox\" name=\"acceptance\" value=\"1\" aria-invalid=\"false\" \/><span class=\"wpcf7-list-item-label\">Al marcar esta casilla, acepta que Cofidur utilice sus datos personales para tramitar su solicitud. Tiene derecho a acceder a estos datos, rectificarlos o suprimirlos. Para m\u00e1s informaci\u00f3n, pulse <a href=\"\/politique-de-confidentialite\/\">aqu\u00ed<\/a><\/span><\/label><\/span><\/span><\/span>\n<span class=\"wpcf7-form-control-wrap\" data-name=\"hcap-cf7\">\t\t<input\n\t\t\t\ttype=\"hidden\"\n\t\t\t\tclass=\"hcaptcha-widget-id\"\n\t\t\t\tname=\"hcaptcha-widget-id\"\n\t\t\t\tvalue=\"eyJzb3VyY2UiOlsiY29udGFjdC1mb3JtLTdcL3dwLWNvbnRhY3QtZm9ybS03LnBocCJdLCJmb3JtX2lkIjowfQ==-46fc97132f72070ae21f1e40b0c3d607\">\n\t\t\t\t<span id=\"hcap_cf7-69fa576ee0e136.74008834\" class=\"wpcf7-form-control h-captcha \"\n\t\t\tdata-sitekey=\"c886d302-4dc0-4b9c-b980-c7024ba4bdf0\"\n\t\t\tdata-theme=\"light\"\n\t\t\tdata-size=\"invisible\"\n\t\t\tdata-auto=\"false\"\n\t\t\tdata-ajax=\"false\"\n\t\t\tdata-force=\"false\">\n\t\t<\/span>\n\t\t<input type=\"hidden\" id=\"_wpnonce\" name=\"_wpnonce\" value=\"ebcd5c7648\" \/><input type=\"hidden\" name=\"_wp_http_referer\" value=\"\/es\/wp-json\/wp\/v2\/pages\/7011\" \/>\t\t<label for=\"hcap_hp_EmTyTxn11f9d\"><\/label>\n\t\t<input\n\t\t\t\ttype=\"text\" id=\"hcap_hp_EmTyTxn11f9d\" name=\"hcap_hp_EmTyTxn11f9d\" value=\"\"\n\t\t\t\treadonly inputmode=\"none\" autocomplete=\"new-password\" tabindex=\"-1\" aria-hidden=\"true\"\n\t\t\t\tstyle=\"position:absolute; left:-9999px; top:auto; height:0; width:0; opacity:0;\"\/>\n\t\t<input type=\"hidden\" name=\"hcap_hp_sig\" value=\"56286c8f9f\"\/>\n\t\t<\/span><input class=\"wpcf7-form-control wpcf7-submit has-spinner btn_send_mail btn\" type=\"submit\" value=\"Enviar\" \/><div class=\"wpcf7-response-output\" aria-hidden=\"true\"><\/div>\n<\/form>\n<\/div>\n        <\/div>\n    <\/div>\n<\/section>","protected":false},"excerpt":{"rendered":"","protected":false},"author":2,"featured_media":0,"parent":0,"menu_order":5,"comment_status":"closed","ping_status":"closed","template":"","meta":{"_acf_changed":false,"footnotes":""},"class_list":["post-7011","page","type-page","status-publish","hentry"],"acf":[],"yoast_head":"<!-- This site is optimized with the Yoast SEO plugin v27.5 - https:\/\/yoast.com\/product\/yoast-seo-wordpress\/ -->\n<title>Contacto - Groupe Cofidur<\/title>\n<meta name=\"description\" content=\"P\u00f3ngase en contacto con el Grupo Cofidur para cualquier informaci\u00f3n o solicitud de colaboraci\u00f3n. Nuestro equipo estar\u00e1 encantado de responder a cualquier pregunta que pueda tener sobre nuestros servicios de externalizaci\u00f3n electr\u00f3nica, soluciones tecnol\u00f3gicas y oportunidades de empleo.\" \/>\n<meta name=\"robots\" content=\"index, follow, max-snippet:-1, max-image-preview:large, max-video-preview:-1\" \/>\n<link rel=\"canonical\" href=\"https:\/\/www.cofidur-groupe.com\/es\/contacto\/\" \/>\n<meta property=\"og:locale\" content=\"es_ES\" \/>\n<meta property=\"og:type\" content=\"article\" \/>\n<meta property=\"og:title\" content=\"Contacto - Groupe Cofidur\" \/>\n<meta property=\"og:description\" content=\"P\u00f3ngase en contacto con el Grupo Cofidur para cualquier informaci\u00f3n o solicitud de colaboraci\u00f3n. Nuestro equipo estar\u00e1 encantado de responder a cualquier pregunta que pueda tener sobre nuestros servicios de externalizaci\u00f3n electr\u00f3nica, soluciones tecnol\u00f3gicas y oportunidades de empleo.\" \/>\n<meta property=\"og:url\" content=\"https:\/\/www.cofidur-groupe.com\/es\/contacto\/\" \/>\n<meta property=\"og:site_name\" content=\"Groupe Cofidur\" \/>\n<meta property=\"article:modified_time\" content=\"2025-08-07T15:03:02+00:00\" \/>\n<meta property=\"og:image\" content=\"https:\/\/www.cofidur-groupe.com\/wp-content\/uploads\/2025\/01\/cofidur-site.jpg\" \/>\n\t<meta property=\"og:image:width\" content=\"1200\" \/>\n\t<meta property=\"og:image:height\" content=\"675\" \/>\n\t<meta property=\"og:image:type\" content=\"image\/jpeg\" \/>\n<meta name=\"twitter:card\" content=\"summary_large_image\" \/>\n<meta name=\"twitter:label1\" content=\"Tiempo de lectura\" \/>\n\t<meta name=\"twitter:data1\" content=\"1 minuto\" \/>\n<script type=\"application\/ld+json\" class=\"yoast-schema-graph\">{\"@context\":\"https:\\\/\\\/schema.org\",\"@graph\":[{\"@type\":\"WebPage\",\"@id\":\"https:\\\/\\\/www.cofidur-groupe.com\\\/es\\\/contacto\\\/\",\"url\":\"https:\\\/\\\/www.cofidur-groupe.com\\\/es\\\/contacto\\\/\",\"name\":\"Contacto - Groupe Cofidur\",\"isPartOf\":{\"@id\":\"https:\\\/\\\/www.cofidur-groupe.com\\\/es\\\/#website\"},\"datePublished\":\"2024-12-04T14:23:22+00:00\",\"dateModified\":\"2025-08-07T15:03:02+00:00\",\"description\":\"P\u00f3ngase en contacto con el Grupo Cofidur para cualquier informaci\u00f3n o solicitud de colaboraci\u00f3n. Nuestro equipo estar\u00e1 encantado de responder a cualquier pregunta que pueda tener sobre nuestros servicios de externalizaci\u00f3n electr\u00f3nica, soluciones tecnol\u00f3gicas y oportunidades de empleo.\",\"breadcrumb\":{\"@id\":\"https:\\\/\\\/www.cofidur-groupe.com\\\/es\\\/contacto\\\/#breadcrumb\"},\"inLanguage\":\"es\",\"potentialAction\":[{\"@type\":\"ReadAction\",\"target\":[\"https:\\\/\\\/www.cofidur-groupe.com\\\/es\\\/contacto\\\/\"]}]},{\"@type\":\"BreadcrumbList\",\"@id\":\"https:\\\/\\\/www.cofidur-groupe.com\\\/es\\\/contacto\\\/#breadcrumb\",\"itemListElement\":[{\"@type\":\"ListItem\",\"position\":1,\"name\":\"Groupe Cofidur\",\"item\":\"https:\\\/\\\/www.cofidur-groupe.com\\\/es\\\/\"},{\"@type\":\"ListItem\",\"position\":2,\"name\":\"Contacto\"}]},{\"@type\":\"WebSite\",\"@id\":\"https:\\\/\\\/www.cofidur-groupe.com\\\/es\\\/#website\",\"url\":\"https:\\\/\\\/www.cofidur-groupe.com\\\/es\\\/\",\"name\":\"Groupe Cofidur\",\"description\":\"\",\"publisher\":{\"@id\":\"https:\\\/\\\/www.cofidur-groupe.com\\\/es\\\/#organization\"},\"potentialAction\":[{\"@type\":\"SearchAction\",\"target\":{\"@type\":\"EntryPoint\",\"urlTemplate\":\"https:\\\/\\\/www.cofidur-groupe.com\\\/es\\\/?s={search_term_string}\"},\"query-input\":{\"@type\":\"PropertyValueSpecification\",\"valueRequired\":true,\"valueName\":\"search_term_string\"}}],\"inLanguage\":\"es\"},{\"@type\":\"Organization\",\"@id\":\"https:\\\/\\\/www.cofidur-groupe.com\\\/es\\\/#organization\",\"name\":\"Groupe Cofidur\",\"url\":\"https:\\\/\\\/www.cofidur-groupe.com\\\/es\\\/\",\"logo\":{\"@type\":\"ImageObject\",\"inLanguage\":\"es\",\"@id\":\"https:\\\/\\\/www.cofidur-groupe.com\\\/es\\\/#\\\/schema\\\/logo\\\/image\\\/\",\"url\":\"https:\\\/\\\/www.cofidur-groupe.com\\\/wp-content\\\/uploads\\\/2024\\\/12\\\/logo_cofidur.svg\",\"contentUrl\":\"https:\\\/\\\/www.cofidur-groupe.com\\\/wp-content\\\/uploads\\\/2024\\\/12\\\/logo_cofidur.svg\",\"caption\":\"Groupe Cofidur\"},\"image\":{\"@id\":\"https:\\\/\\\/www.cofidur-groupe.com\\\/es\\\/#\\\/schema\\\/logo\\\/image\\\/\"},\"sameAs\":[\"https:\\\/\\\/www.linkedin.com\\\/company\\\/cofidur-ems\"]}]}<\/script>\n<!-- \/ Yoast SEO plugin. -->","yoast_head_json":{"title":"Contacto - Groupe Cofidur","description":"P\u00f3ngase en contacto con el Grupo Cofidur para cualquier informaci\u00f3n o solicitud de colaboraci\u00f3n. Nuestro equipo estar\u00e1 encantado de responder a cualquier pregunta que pueda tener sobre nuestros servicios de externalizaci\u00f3n electr\u00f3nica, soluciones tecnol\u00f3gicas y oportunidades de empleo.","robots":{"index":"index","follow":"follow","max-snippet":"max-snippet:-1","max-image-preview":"max-image-preview:large","max-video-preview":"max-video-preview:-1"},"canonical":"https:\/\/www.cofidur-groupe.com\/es\/contacto\/","og_locale":"es_ES","og_type":"article","og_title":"Contacto - Groupe Cofidur","og_description":"P\u00f3ngase en contacto con el Grupo Cofidur para cualquier informaci\u00f3n o solicitud de colaboraci\u00f3n. Nuestro equipo estar\u00e1 encantado de responder a cualquier pregunta que pueda tener sobre nuestros servicios de externalizaci\u00f3n electr\u00f3nica, soluciones tecnol\u00f3gicas y oportunidades de empleo.","og_url":"https:\/\/www.cofidur-groupe.com\/es\/contacto\/","og_site_name":"Groupe Cofidur","article_modified_time":"2025-08-07T15:03:02+00:00","og_image":[{"width":1200,"height":675,"url":"https:\/\/www.cofidur-groupe.com\/wp-content\/uploads\/2025\/01\/cofidur-site.jpg","type":"image\/jpeg"}],"twitter_card":"summary_large_image","twitter_misc":{"Tiempo de lectura":"1 minuto"},"schema":{"@context":"https:\/\/schema.org","@graph":[{"@type":"WebPage","@id":"https:\/\/www.cofidur-groupe.com\/es\/contacto\/","url":"https:\/\/www.cofidur-groupe.com\/es\/contacto\/","name":"Contacto - Groupe Cofidur","isPartOf":{"@id":"https:\/\/www.cofidur-groupe.com\/es\/#website"},"datePublished":"2024-12-04T14:23:22+00:00","dateModified":"2025-08-07T15:03:02+00:00","description":"P\u00f3ngase en contacto con el Grupo Cofidur para cualquier informaci\u00f3n o solicitud de colaboraci\u00f3n. Nuestro equipo estar\u00e1 encantado de responder a cualquier pregunta que pueda tener sobre nuestros servicios de externalizaci\u00f3n electr\u00f3nica, soluciones tecnol\u00f3gicas y oportunidades de empleo.","breadcrumb":{"@id":"https:\/\/www.cofidur-groupe.com\/es\/contacto\/#breadcrumb"},"inLanguage":"es","potentialAction":[{"@type":"ReadAction","target":["https:\/\/www.cofidur-groupe.com\/es\/contacto\/"]}]},{"@type":"BreadcrumbList","@id":"https:\/\/www.cofidur-groupe.com\/es\/contacto\/#breadcrumb","itemListElement":[{"@type":"ListItem","position":1,"name":"Groupe Cofidur","item":"https:\/\/www.cofidur-groupe.com\/es\/"},{"@type":"ListItem","position":2,"name":"Contacto"}]},{"@type":"WebSite","@id":"https:\/\/www.cofidur-groupe.com\/es\/#website","url":"https:\/\/www.cofidur-groupe.com\/es\/","name":"Groupe Cofidur","description":"","publisher":{"@id":"https:\/\/www.cofidur-groupe.com\/es\/#organization"},"potentialAction":[{"@type":"SearchAction","target":{"@type":"EntryPoint","urlTemplate":"https:\/\/www.cofidur-groupe.com\/es\/?s={search_term_string}"},"query-input":{"@type":"PropertyValueSpecification","valueRequired":true,"valueName":"search_term_string"}}],"inLanguage":"es"},{"@type":"Organization","@id":"https:\/\/www.cofidur-groupe.com\/es\/#organization","name":"Groupe Cofidur","url":"https:\/\/www.cofidur-groupe.com\/es\/","logo":{"@type":"ImageObject","inLanguage":"es","@id":"https:\/\/www.cofidur-groupe.com\/es\/#\/schema\/logo\/image\/","url":"https:\/\/www.cofidur-groupe.com\/wp-content\/uploads\/2024\/12\/logo_cofidur.svg","contentUrl":"https:\/\/www.cofidur-groupe.com\/wp-content\/uploads\/2024\/12\/logo_cofidur.svg","caption":"Groupe Cofidur"},"image":{"@id":"https:\/\/www.cofidur-groupe.com\/es\/#\/schema\/logo\/image\/"},"sameAs":["https:\/\/www.linkedin.com\/company\/cofidur-ems"]}]}},"_links":{"self":[{"href":"https:\/\/www.cofidur-groupe.com\/es\/wp-json\/wp\/v2\/pages\/7011","targetHints":{"allow":["GET"]}}],"collection":[{"href":"https:\/\/www.cofidur-groupe.com\/es\/wp-json\/wp\/v2\/pages"}],"about":[{"href":"https:\/\/www.cofidur-groupe.com\/es\/wp-json\/wp\/v2\/types\/page"}],"author":[{"embeddable":true,"href":"https:\/\/www.cofidur-groupe.com\/es\/wp-json\/wp\/v2\/users\/2"}],"replies":[{"embeddable":true,"href":"https:\/\/www.cofidur-groupe.com\/es\/wp-json\/wp\/v2\/comments?post=7011"}],"version-history":[{"count":4,"href":"https:\/\/www.cofidur-groupe.com\/es\/wp-json\/wp\/v2\/pages\/7011\/revisions"}],"predecessor-version":[{"id":8716,"href":"https:\/\/www.cofidur-groupe.com\/es\/wp-json\/wp\/v2\/pages\/7011\/revisions\/8716"}],"wp:attachment":[{"href":"https:\/\/www.cofidur-groupe.com\/es\/wp-json\/wp\/v2\/media?parent=7011"}],"curies":[{"name":"wp","href":"https:\/\/api.w.org\/{rel}","templated":true}]}}