{"id":7070,"date":"2025-04-04T10:59:38","date_gmt":"2025-04-04T08:59:38","guid":{"rendered":"https:\/\/www.cofidur-groupe.com\/deporte-juntos\/"},"modified":"2026-03-03T14:37:40","modified_gmt":"2026-03-03T13:37:40","slug":"deporte-juntos","status":"publish","type":"page","link":"https:\/\/www.cofidur-groupe.com\/es\/deporte-juntos\/","title":{"rendered":"Deporte, juntos"},"content":{"rendered":"<section class=\"banner_page \"><div class=\"inner\"><p id=\"breadcrumbs\"><span><span><a href=\"https:\/\/www.cofidur-groupe.com\/es\/\">Groupe Cofidur<\/a><\/span><\/span><\/p><div class=\"banner_page_container banner_width \"><h1 class=\"title-deco\">Deporte, juntos<\/h1><p class=\"\">Apoyar, rendir, ganar: somos socios y patrocinadores de clubes deportivos, ayud\u00e1ndoles a superar sus retos y alcanzar juntos nuevas cotas.<\/p><\/div><\/div><\/section>\n<div style=\"height:70px\" aria-hidden=\"true\" class=\"wp-block-spacer\"><\/div>\n\n<section class=\"block block-partenaires container-fluid\">\n    <div class=\"inner\">\n        <div class=\"banner_page_container banner_width\">\n                    <\/div>\n        <div\n            class=\"partners overlay-vert row invert\">\n                                    <div class='partner pb-8 col-12 row'>\n                <div class=\"col-lg-6 col-md-6 col-sm-12\">\n                    <div class=\"image\">\n                        <a href=\"https:\/\/www.stade-lavallois.com\/\">\n                            <img decoding=\"async\" src=\"https:\/\/www.cofidur-groupe.com\/wp-content\/uploads\/2025\/03\/1200px-Logo_Stade_lavallois_MFC_2015.svg_-824x1024-1.webp\" alt=\"\"\n                                title=\"1200px Logo Stade lavallois MFC 2015.svg 824x1024\">\n                        <\/a>\n                    <\/div>\n                <\/div>\n                <div class=\"col-lg-6 col-md-6 col-sm-12\">\n                    <div class=\"text\">\n                        <h5 style=\"text-align: center;\" data-start=\"434\" data-end=\"463\"><strong data-start=\"438\" data-end=\"463\">LE STADE LAVALLOIS MAYENNE FC<\/strong><\/h5>\n<p class=\"\" data-start=\"199\" data-end=\"432\">Tenemos el honor de apoyar al Stade Lavallois, un club hist\u00f3rico del f\u00fatbol franc\u00e9s desde 1902. A trav\u00e9s de esta colaboraci\u00f3n, reafirmamos nuestro compromiso con el rendimiento, la pasi\u00f3n y la excelencia deportiva. <\/p>\n<h6 data-start=\"434\" data-end=\"463\"><strong data-start=\"438\" data-end=\"463\">Un Socio Invertido<\/strong><\/h6>\n<p class=\"\" data-start=\"465\" data-end=\"777\">Como socio, acompa\u00f1amos al Stade Lavallois en sus proyectos, contribuyendo as\u00ed a su desarrollo y a su visibilidad. Esta asociaci\u00f3n nos ofrece la oportunidad de vivir momentos \u00fanicos con los aficionados y los miembros del club, reforzando as\u00ed nuestra presencia y nuestra implicaci\u00f3n. <\/p>\n<p data-start=\"465\" data-end=\"777\">Felicitamos al Stade Lavallois Mayenne FC que alcanza el 7\u00ba lugar en la clasificaci\u00f3n de la Ligue 2 para la temporada 2024 \/ 2025.<\/p>\n<h6 data-start=\"779\" data-end=\"836\"><strong data-start=\"779\" data-end=\"836\">\u00a1Ven a vibrar con el Stade Lavallois!<\/strong><\/h6>\n                        <a class=\"bouton primary\" href=\"https:\/\/www.stade-lavallois.com\/\">Visite el sitio web del Stade Lavallois Mayenne FC<\/a>\n                    <\/div>\n                <\/div>\n            <\/div>\n                        <div class='partner pb-8 col-12 row'>\n                <div class=\"col-lg-6 col-md-6 col-sm-12\">\n                    <div class=\"image\">\n                        <a href=\"https:\/\/www.boulazac-basket-dordogne.com\/\">\n                            <img decoding=\"async\" src=\"https:\/\/www.cofidur-groupe.com\/wp-content\/uploads\/2025\/03\/Design-sans-titre-38-e1743411315436.png\" alt=\"\"\n                                title=\"Design sans titre (38)\">\n                        <\/a>\n                    <\/div>\n                <\/div>\n                <div class=\"col-lg-6 col-md-6 col-sm-12\">\n                    <div class=\"text\">\n                        <h5 style=\"text-align: center;\" data-start=\"434\" data-end=\"463\"><strong data-start=\"438\" data-end=\"463\">LE BOULAZAC BASKET DORDOGNE<\/strong><\/h5>\n<p data-pm-slice=\"1 1 []\">Es con entusiasmo que apoyamos al Boulazac Basket Dordogne, un actor importante del baloncesto franc\u00e9s. Esta asociaci\u00f3n refleja nuestro compromiso con la excelencia deportiva y nuestra voluntad de promover valores s\u00f3lidos. <\/p>\n<h6>Una Colaboraci\u00f3n Comprometida<\/h6>\n<p>Junto al BBD, participamos en la expansi\u00f3n del club y en su proyecci\u00f3n, tanto en el campo como en la comunidad. Esta asociaci\u00f3n nos permite conectarnos con los aficionados y crear recuerdos inolvidables a lo largo de la temporada. <\/p>\n<p>\u00a1Felicidades al BBD, Campe\u00f3n de Pro B! \u00a1Rumbo a la Betclic Elite para la temporada 2025 \/ 2026. <\/p>\n<h6>\u00a1Juntos, vivamos la pasi\u00f3n del BBD!<\/h6>\n                        <a class=\"bouton primary\" href=\"https:\/\/www.boulazac-basket-dordogne.com\/\">Ver el sitio web de Boulazac Basket Dordogne<\/a>\n                    <\/div>\n                <\/div>\n            <\/div>\n                        <div class='partner pb-8 col-12 row'>\n                <div class=\"col-lg-6 col-md-6 col-sm-12\">\n                    <div class=\"image\">\n                        <a href=\"https:\/\/www.capdrugby.fr\/\">\n                            <img decoding=\"async\" src=\"https:\/\/www.cofidur-groupe.com\/wp-content\/uploads\/2025\/03\/Design-sans-titre-39-e1743413573413.png\" alt=\"\"\n                                title=\"Design sans titre (39)\">\n                        <\/a>\n                    <\/div>\n                <\/div>\n                <div class=\"col-lg-6 col-md-6 col-sm-12\">\n                    <div class=\"text\">\n                        <h5 style=\"text-align: center;\" data-start=\"434\" data-end=\"463\"><strong data-start=\"438\" data-end=\"463\">LE CLUB ATHL\u00c9TIQUE P\u00c9RIGUEUX RUGBY<\/strong><\/h5>\n<p data-pm-slice=\"1 1 []\"><span class=\"relative -mx-px my-[-0.2rem] rounded px-px py-[0.2rem]\">Estamos orgullosos de estar asociados con el Club Atl\u00e9tico P\u00e9rigueux Rugby, fundado sobre valores de respeto, solidaridad y combatividad desde hace m\u00e1s de 100 a\u00f1os.<\/span><\/p>\n<h6 data-start=\"222\" data-end=\"251\">Un apoyo activo<\/h6>\n<p class=\"\" data-start=\"253\" data-end=\"372\">Apoyamos al CAP en sus proyectos ambiciosos y contribuimos a su difusi\u00f3n, tanto en el campo como en la regi\u00f3n. Esta asociaci\u00f3n es para nosotros la oportunidad de fortalecer nuestra presencia y de vivir momentos aut\u00e9nticos junto a los aficionados y miembros del club. <\/p>\n<h6 data-start=\"253\" data-end=\"372\">\u00a1Juntos, apoyemos el CAP en esta hermosa aventura!<\/h6>\n                        <a class=\"bouton primary\" href=\"https:\/\/www.capdrugby.fr\/\">Consulte el sitio web de CAP Rugby<\/a>\n                    <\/div>\n                <\/div>\n            <\/div>\n                        <div class='partner pb-8 col-12 row'>\n                <div class=\"col-lg-6 col-md-6 col-sm-12\">\n                    <div class=\"image\">\n                        <a href=\"https:\/\/www.snvba.fr\/\">\n                            <img decoding=\"async\" src=\"https:\/\/www.cofidur-groupe.com\/wp-content\/uploads\/2026\/01\/Saint-Nazaire_Volley-Ball_Atlantique_logo.png\" alt=\"\"\n                                title=\"Saint-Nazaire_Volley-Ball_Atlantique_(logo)\">\n                        <\/a>\n                    <\/div>\n                <\/div>\n                <div class=\"col-lg-6 col-md-6 col-sm-12\">\n                    <div class=\"text\">\n                        <h5 style=\"text-align: left;\" data-start=\"434\" data-end=\"463\"><strong data-start=\"438\" data-end=\"463\">LE SAINT-NAZAIRE VOLLEY-BALL ATLANTIQUE (SNVBA)<\/strong><\/h5>\n<p data-pm-slice=\"1 1 []\">Es con gran orgullo que anunciamos nuestra nueva asociaci\u00f3n con el Saint-Nazaire Volley-Ball Atlantique (SNVBA) a partir de la temporada 2025\/2026. Este acercamiento con un actor importante del voleibol franc\u00e9s marca un nuevo paso en nuestra estrategia de apoyo al deporte de alto nivel. <\/p>\n<h6 data-start=\"222\" data-end=\"251\">Un compromiso territorial fuerte<\/h6>\n<p class=\"\" data-start=\"253\" data-end=\"372\">Al unirse a la familia de socios de SNVBA, COFIDUR reafirma su arraigo local, especialmente a trav\u00e9s de su sitio en Malville (Cofidur Seico). Esta asociaci\u00f3n ilustra nuestra voluntad de contribuir al prestigio de los clubes de excelencia en nuestros territorios de implantaci\u00f3n. <\/p>\n<blockquote>\n<p data-start=\"253\" data-end=\"372\"><em data-renderer-mark=\"true\">\u00ab Apoyar, rendir, ganar: acompa\u00f1amos a los clubes en sus desaf\u00edos para alcanzar nuevas alturas juntos. Esta colaboraci\u00f3n permitir\u00e1 el desarrollo de nuestra Marca Empleadora a nivel local y ofrecer\u00e1 a nuestros empleados la oportunidad de vibrar al ritmo de los logros del SNVBA. \u00bb<\/em> \u2014 Herv\u00e9 OLRY, Director del sitio Cofidur Seico.<\/p>\n<\/blockquote>\n<h6 data-start=\"253\" data-end=\"372\">Cohesi\u00f3n y compartici\u00f3n<\/h6>\n<p data-renderer-start-pos=\"1089\">M\u00e1s all\u00e1 del rendimiento deportivo, esta colaboraci\u00f3n se inscribe en un enfoque de cohesi\u00f3n interna. Ofrece a nuestros 500 colaboradores nuevas oportunidades de reunirse y compartir los valores de superaci\u00f3n personal y solidaridad, tan apreciados por el Grupo Cofidur. <\/p>\n<p data-renderer-start-pos=\"1357\">Ya se trate de Aeron\u00e1utica, Defensa o Industria, la exigencia que ponemos en nuestros oficios de subcontrataci\u00f3n electr\u00f3nica encuentra un eco directo en la precisi\u00f3n y el esp\u00edritu de equipo del voleibol de alto nivel.<\/p>\n<p data-renderer-start-pos=\"1584\"><strong data-renderer-mark=\"true\">\u00a1Juntos, llevemos al SNVBA a las alturas para la temporada 2025\/2026!<\/strong><\/p>\n                        <a class=\"bouton primary\" href=\"https:\/\/www.snvba.fr\/\">Ver el sitio del SNVBA<\/a>\n                    <\/div>\n                <\/div>\n            <\/div>\n                                <\/div>\n    <\/div>\n<\/section>\n<div style=\"height:0px\" aria-hidden=\"true\" class=\"wp-block-spacer\"><\/div>\n\n<section class=\"block block-arguments  container-fluid background-grey alignfull pb-10 pt-10\">\n    <div class=\"inner\">\n        <div class=\"row \">\n            <div class=\"col-sm-12 col-lg-8\">\n                <h2 class=\"title-deco\">\n                    Juntos, en el campo y en el trabajo, \u00a1llegaremos m\u00e1s lejos!                <\/h2>\n                <div class=\"text\">\n                    <p>Apoyamos a clubes deportivos profesionales en disciplinas variadas como el f\u00fatbol, el baloncesto o el rugby. Creemos firmemente que el deporte, ya sea practicado en el campo o fuera de \u00e9l, fomenta la determinaci\u00f3n, el trabajo en equipo y el rendimiento. <\/p>\n<p><!-- \/wp:paragraph --> <!-- wp:paragraph --><\/p>\n<p>Pero nuestro compromiso no se detiene ah\u00ed. Tambi\u00e9n animamos a todos nuestros colaboradores a adoptar una actividad f\u00edsica regular, ya que sabemos que los beneficios del deporte son m\u00faltiples. Mejora la salud, reduce el estr\u00e9s, aumenta la productividad y fortalece los lazos entre colegas.  <\/p>\n<p><!-- \/wp:paragraph --> <!-- wp:paragraph --><\/p>\n<p>Es por eso que nuestros colaboradores tienen la posibilidad de practicar diversos deportes dentro de la empresa, ya sea a trav\u00e9s del cross corpo, el voleibol, el balonmano o incluso la petanca. Estos momentos de convivencia y de intercambio ofrecen a cada uno la oportunidad de superarse en un entorno amable mientras se refuerza el esp\u00edritu de equipo. <\/p>\n                <\/div>\n            <\/div>\n        <\/div>\n        <div class=\"row pt-5\">\n            <div class=\"col-lg-8 col-sm-8 col-md-12 offset-lg-2 offset-sm-2 offset-md-0 row\">\n                            <\/div>\n        <\/div>\n    <\/div>\n<\/section>\n<div class=\"wp-block-columns is-layout-flex wp-container-core-columns-is-layout-28f84493 wp-block-columns-is-layout-flex\">\n<div class=\"wp-block-column is-layout-flow wp-block-column-is-layout-flow\">\n<div class=\"wp-block-group has-vert-background-color has-background has-large-font-size is-layout-grid wp-container-core-group-is-layout-e02e6a2f wp-block-group-is-layout-grid\" style=\"margin-top:0;margin-bottom:0\">\n<figure class=\"wp-block-image size-full wp-container-content-a7057f16\"><img decoding=\"async\" width=\"640\" height=\"480\" src=\"https:\/\/www.cofidur-groupe.com\/wp-content\/uploads\/2025\/05\/IMG_5870-3.jpg\" alt=\"IMG 5870\" class=\"wp-image-3533\" style=\"aspect-ratio:3\/2;object-fit:cover\" srcset=\"https:\/\/www.cofidur-groupe.com\/wp-content\/uploads\/2025\/05\/IMG_5870-3.jpg 640w, https:\/\/www.cofidur-groupe.com\/wp-content\/uploads\/2025\/05\/IMG_5870-3-300x225.jpg 300w\" sizes=\"(max-width: 640px) 100vw, 640px\" \/><\/figure>\n\n\n\n<figure class=\"wp-block-image size-full wp-container-content-a7057f16\"><img decoding=\"async\" width=\"640\" height=\"640\" src=\"https:\/\/www.cofidur-groupe.com\/wp-content\/uploads\/2025\/04\/1-3.png\" alt=\"1\" class=\"wp-image-3178\" style=\"aspect-ratio:3\/2;object-fit:cover\" srcset=\"https:\/\/www.cofidur-groupe.com\/wp-content\/uploads\/2025\/04\/1-3.png 640w, https:\/\/www.cofidur-groupe.com\/wp-content\/uploads\/2025\/04\/1-3-300x300.png 300w, https:\/\/www.cofidur-groupe.com\/wp-content\/uploads\/2025\/04\/1-3-150x150.png 150w\" sizes=\"(max-width: 640px) 100vw, 640px\" \/><\/figure>\n\n\n\n<figure class=\"wp-block-image size-full\"><img decoding=\"async\" width=\"640\" height=\"640\" src=\"https:\/\/www.cofidur-groupe.com\/wp-content\/uploads\/2025\/04\/2-3.png\" alt=\"2\" class=\"wp-image-3179\" style=\"aspect-ratio:3\/2;object-fit:cover\" srcset=\"https:\/\/www.cofidur-groupe.com\/wp-content\/uploads\/2025\/04\/2-3.png 640w, https:\/\/www.cofidur-groupe.com\/wp-content\/uploads\/2025\/04\/2-3-300x300.png 300w, https:\/\/www.cofidur-groupe.com\/wp-content\/uploads\/2025\/04\/2-3-150x150.png 150w\" sizes=\"(max-width: 640px) 100vw, 640px\" \/><\/figure>\n\n\n\n<figure class=\"wp-block-image size-full wp-container-content-a7057f16\"><img decoding=\"async\" width=\"609\" height=\"465\" src=\"https:\/\/www.cofidur-groupe.com\/wp-content\/uploads\/2025\/04\/3-3-e1743755348741.png\" alt=\"3\" class=\"wp-image-3180\" style=\"aspect-ratio:3\/2;object-fit:cover\" srcset=\"https:\/\/www.cofidur-groupe.com\/wp-content\/uploads\/2025\/04\/3-3-e1743755348741.png 609w, https:\/\/www.cofidur-groupe.com\/wp-content\/uploads\/2025\/04\/3-3-e1743755348741-300x229.png 300w\" sizes=\"(max-width: 609px) 100vw, 609px\" \/><\/figure>\n<\/div>\n<\/div>\n<\/div>\n\n<p><\/p>\n","protected":false},"excerpt":{"rendered":"","protected":false},"author":3,"featured_media":0,"parent":0,"menu_order":5,"comment_status":"closed","ping_status":"closed","template":"","meta":{"_acf_changed":false,"footnotes":""},"class_list":["post-7070","page","type-page","status-publish","hentry"],"acf":[],"yoast_head":"<!-- This site is optimized with the Yoast SEO plugin v27.5 - https:\/\/yoast.com\/product\/yoast-seo-wordpress\/ -->\n<title>Deporte, juntos - Groupe Cofidur<\/title>\n<meta name=\"robots\" content=\"index, follow, max-snippet:-1, max-image-preview:large, max-video-preview:-1\" \/>\n<link rel=\"canonical\" href=\"https:\/\/www.cofidur-groupe.com\/es\/deporte-juntos\/\" \/>\n<meta property=\"og:locale\" content=\"es_ES\" \/>\n<meta property=\"og:type\" content=\"article\" \/>\n<meta property=\"og:title\" content=\"Deporte, juntos - Groupe Cofidur\" \/>\n<meta property=\"og:url\" content=\"https:\/\/www.cofidur-groupe.com\/es\/deporte-juntos\/\" \/>\n<meta property=\"og:site_name\" content=\"Groupe Cofidur\" \/>\n<meta property=\"article:modified_time\" content=\"2026-03-03T13:37:40+00:00\" \/>\n<meta property=\"og:image\" content=\"https:\/\/www.cofidur-groupe.com\/wp-content\/uploads\/2025\/05\/IMG_5870-3.jpg\" \/>\n<meta name=\"twitter:card\" content=\"summary_large_image\" \/>\n<script type=\"application\/ld+json\" class=\"yoast-schema-graph\">{\"@context\":\"https:\\\/\\\/schema.org\",\"@graph\":[{\"@type\":\"WebPage\",\"@id\":\"https:\\\/\\\/www.cofidur-groupe.com\\\/es\\\/deporte-juntos\\\/\",\"url\":\"https:\\\/\\\/www.cofidur-groupe.com\\\/es\\\/deporte-juntos\\\/\",\"name\":\"Deporte, juntos - Groupe Cofidur\",\"isPartOf\":{\"@id\":\"https:\\\/\\\/www.cofidur-groupe.com\\\/es\\\/#website\"},\"primaryImageOfPage\":{\"@id\":\"https:\\\/\\\/www.cofidur-groupe.com\\\/es\\\/deporte-juntos\\\/#primaryimage\"},\"image\":{\"@id\":\"https:\\\/\\\/www.cofidur-groupe.com\\\/es\\\/deporte-juntos\\\/#primaryimage\"},\"thumbnailUrl\":\"https:\\\/\\\/www.cofidur-groupe.com\\\/wp-content\\\/uploads\\\/2025\\\/05\\\/IMG_5870-3.jpg\",\"datePublished\":\"2025-04-04T08:59:38+00:00\",\"dateModified\":\"2026-03-03T13:37:40+00:00\",\"breadcrumb\":{\"@id\":\"https:\\\/\\\/www.cofidur-groupe.com\\\/es\\\/deporte-juntos\\\/#breadcrumb\"},\"inLanguage\":\"es\",\"potentialAction\":[{\"@type\":\"ReadAction\",\"target\":[\"https:\\\/\\\/www.cofidur-groupe.com\\\/es\\\/deporte-juntos\\\/\"]}]},{\"@type\":\"ImageObject\",\"inLanguage\":\"es\",\"@id\":\"https:\\\/\\\/www.cofidur-groupe.com\\\/es\\\/deporte-juntos\\\/#primaryimage\",\"url\":\"https:\\\/\\\/www.cofidur-groupe.com\\\/wp-content\\\/uploads\\\/2025\\\/05\\\/IMG_5870-3.jpg\",\"contentUrl\":\"https:\\\/\\\/www.cofidur-groupe.com\\\/wp-content\\\/uploads\\\/2025\\\/05\\\/IMG_5870-3.jpg\"},{\"@type\":\"BreadcrumbList\",\"@id\":\"https:\\\/\\\/www.cofidur-groupe.com\\\/es\\\/deporte-juntos\\\/#breadcrumb\",\"itemListElement\":[{\"@type\":\"ListItem\",\"position\":1,\"name\":\"Groupe Cofidur\",\"item\":\"https:\\\/\\\/www.cofidur-groupe.com\\\/es\\\/\"},{\"@type\":\"ListItem\",\"position\":2,\"name\":\"Deporte, juntos\"}]},{\"@type\":\"WebSite\",\"@id\":\"https:\\\/\\\/www.cofidur-groupe.com\\\/es\\\/#website\",\"url\":\"https:\\\/\\\/www.cofidur-groupe.com\\\/es\\\/\",\"name\":\"Groupe Cofidur\",\"description\":\"\",\"publisher\":{\"@id\":\"https:\\\/\\\/www.cofidur-groupe.com\\\/es\\\/#organization\"},\"potentialAction\":[{\"@type\":\"SearchAction\",\"target\":{\"@type\":\"EntryPoint\",\"urlTemplate\":\"https:\\\/\\\/www.cofidur-groupe.com\\\/es\\\/?s={search_term_string}\"},\"query-input\":{\"@type\":\"PropertyValueSpecification\",\"valueRequired\":true,\"valueName\":\"search_term_string\"}}],\"inLanguage\":\"es\"},{\"@type\":\"Organization\",\"@id\":\"https:\\\/\\\/www.cofidur-groupe.com\\\/es\\\/#organization\",\"name\":\"Groupe Cofidur\",\"url\":\"https:\\\/\\\/www.cofidur-groupe.com\\\/es\\\/\",\"logo\":{\"@type\":\"ImageObject\",\"inLanguage\":\"es\",\"@id\":\"https:\\\/\\\/www.cofidur-groupe.com\\\/es\\\/#\\\/schema\\\/logo\\\/image\\\/\",\"url\":\"https:\\\/\\\/www.cofidur-groupe.com\\\/wp-content\\\/uploads\\\/2024\\\/12\\\/logo_cofidur.svg\",\"contentUrl\":\"https:\\\/\\\/www.cofidur-groupe.com\\\/wp-content\\\/uploads\\\/2024\\\/12\\\/logo_cofidur.svg\",\"caption\":\"Groupe Cofidur\"},\"image\":{\"@id\":\"https:\\\/\\\/www.cofidur-groupe.com\\\/es\\\/#\\\/schema\\\/logo\\\/image\\\/\"},\"sameAs\":[\"https:\\\/\\\/www.linkedin.com\\\/company\\\/cofidur-ems\"]}]}<\/script>\n<!-- \/ Yoast SEO plugin. -->","yoast_head_json":{"title":"Deporte, juntos - Groupe Cofidur","robots":{"index":"index","follow":"follow","max-snippet":"max-snippet:-1","max-image-preview":"max-image-preview:large","max-video-preview":"max-video-preview:-1"},"canonical":"https:\/\/www.cofidur-groupe.com\/es\/deporte-juntos\/","og_locale":"es_ES","og_type":"article","og_title":"Deporte, juntos - Groupe Cofidur","og_url":"https:\/\/www.cofidur-groupe.com\/es\/deporte-juntos\/","og_site_name":"Groupe Cofidur","article_modified_time":"2026-03-03T13:37:40+00:00","og_image":[{"url":"https:\/\/www.cofidur-groupe.com\/wp-content\/uploads\/2025\/05\/IMG_5870-3.jpg","type":"","width":"","height":""}],"twitter_card":"summary_large_image","schema":{"@context":"https:\/\/schema.org","@graph":[{"@type":"WebPage","@id":"https:\/\/www.cofidur-groupe.com\/es\/deporte-juntos\/","url":"https:\/\/www.cofidur-groupe.com\/es\/deporte-juntos\/","name":"Deporte, juntos - Groupe Cofidur","isPartOf":{"@id":"https:\/\/www.cofidur-groupe.com\/es\/#website"},"primaryImageOfPage":{"@id":"https:\/\/www.cofidur-groupe.com\/es\/deporte-juntos\/#primaryimage"},"image":{"@id":"https:\/\/www.cofidur-groupe.com\/es\/deporte-juntos\/#primaryimage"},"thumbnailUrl":"https:\/\/www.cofidur-groupe.com\/wp-content\/uploads\/2025\/05\/IMG_5870-3.jpg","datePublished":"2025-04-04T08:59:38+00:00","dateModified":"2026-03-03T13:37:40+00:00","breadcrumb":{"@id":"https:\/\/www.cofidur-groupe.com\/es\/deporte-juntos\/#breadcrumb"},"inLanguage":"es","potentialAction":[{"@type":"ReadAction","target":["https:\/\/www.cofidur-groupe.com\/es\/deporte-juntos\/"]}]},{"@type":"ImageObject","inLanguage":"es","@id":"https:\/\/www.cofidur-groupe.com\/es\/deporte-juntos\/#primaryimage","url":"https:\/\/www.cofidur-groupe.com\/wp-content\/uploads\/2025\/05\/IMG_5870-3.jpg","contentUrl":"https:\/\/www.cofidur-groupe.com\/wp-content\/uploads\/2025\/05\/IMG_5870-3.jpg"},{"@type":"BreadcrumbList","@id":"https:\/\/www.cofidur-groupe.com\/es\/deporte-juntos\/#breadcrumb","itemListElement":[{"@type":"ListItem","position":1,"name":"Groupe Cofidur","item":"https:\/\/www.cofidur-groupe.com\/es\/"},{"@type":"ListItem","position":2,"name":"Deporte, juntos"}]},{"@type":"WebSite","@id":"https:\/\/www.cofidur-groupe.com\/es\/#website","url":"https:\/\/www.cofidur-groupe.com\/es\/","name":"Groupe Cofidur","description":"","publisher":{"@id":"https:\/\/www.cofidur-groupe.com\/es\/#organization"},"potentialAction":[{"@type":"SearchAction","target":{"@type":"EntryPoint","urlTemplate":"https:\/\/www.cofidur-groupe.com\/es\/?s={search_term_string}"},"query-input":{"@type":"PropertyValueSpecification","valueRequired":true,"valueName":"search_term_string"}}],"inLanguage":"es"},{"@type":"Organization","@id":"https:\/\/www.cofidur-groupe.com\/es\/#organization","name":"Groupe Cofidur","url":"https:\/\/www.cofidur-groupe.com\/es\/","logo":{"@type":"ImageObject","inLanguage":"es","@id":"https:\/\/www.cofidur-groupe.com\/es\/#\/schema\/logo\/image\/","url":"https:\/\/www.cofidur-groupe.com\/wp-content\/uploads\/2024\/12\/logo_cofidur.svg","contentUrl":"https:\/\/www.cofidur-groupe.com\/wp-content\/uploads\/2024\/12\/logo_cofidur.svg","caption":"Groupe Cofidur"},"image":{"@id":"https:\/\/www.cofidur-groupe.com\/es\/#\/schema\/logo\/image\/"},"sameAs":["https:\/\/www.linkedin.com\/company\/cofidur-ems"]}]}},"_links":{"self":[{"href":"https:\/\/www.cofidur-groupe.com\/es\/wp-json\/wp\/v2\/pages\/7070","targetHints":{"allow":["GET"]}}],"collection":[{"href":"https:\/\/www.cofidur-groupe.com\/es\/wp-json\/wp\/v2\/pages"}],"about":[{"href":"https:\/\/www.cofidur-groupe.com\/es\/wp-json\/wp\/v2\/types\/page"}],"author":[{"embeddable":true,"href":"https:\/\/www.cofidur-groupe.com\/es\/wp-json\/wp\/v2\/users\/3"}],"replies":[{"embeddable":true,"href":"https:\/\/www.cofidur-groupe.com\/es\/wp-json\/wp\/v2\/comments?post=7070"}],"version-history":[{"count":8,"href":"https:\/\/www.cofidur-groupe.com\/es\/wp-json\/wp\/v2\/pages\/7070\/revisions"}],"predecessor-version":[{"id":10577,"href":"https:\/\/www.cofidur-groupe.com\/es\/wp-json\/wp\/v2\/pages\/7070\/revisions\/10577"}],"wp:attachment":[{"href":"https:\/\/www.cofidur-groupe.com\/es\/wp-json\/wp\/v2\/media?parent=7070"}],"curies":[{"name":"wp","href":"https:\/\/api.w.org\/{rel}","templated":true}]}}