{"id":8164,"date":"2025-04-04T10:59:38","date_gmt":"2025-04-04T08:59:38","guid":{"rendered":"https:\/\/www.cofidur-groupe.com\/lo-sport-insieme\/"},"modified":"2026-03-03T14:31:12","modified_gmt":"2026-03-03T13:31:12","slug":"lo-sport-insieme","status":"publish","type":"page","link":"https:\/\/www.cofidur-groupe.com\/it\/lo-sport-insieme\/","title":{"rendered":"Lo sport, insieme"},"content":{"rendered":"<section class=\"banner_page \"><div class=\"inner\"><p id=\"breadcrumbs\"><span><span><a href=\"https:\/\/www.cofidur-groupe.com\/it\/\">Groupe Cofidur<\/a><\/span><\/span><\/p><div class=\"banner_page_container banner_width \"><h1 class=\"title-deco\">Lo sport, insieme<\/h1><p class=\"\">Sostenere, gareggiare, vincere: siamo partner e sponsor di societ\u00e0 sportive, aiutandole ad affrontare le loro sfide e a raggiungere insieme nuovi traguardi.<\/p><\/div><\/div><\/section>\n<div style=\"height:70px\" aria-hidden=\"true\" class=\"wp-block-spacer\"><\/div>\n\n<section class=\"block block-partenaires container-fluid\">\n    <div class=\"inner\">\n        <div class=\"banner_page_container banner_width\">\n                    <\/div>\n        <div\n            class=\"partners overlay-vert row invert\">\n                                    <div class='partner pb-8 col-12 row'>\n                <div class=\"col-lg-6 col-md-6 col-sm-12\">\n                    <div class=\"image\">\n                        <a href=\"https:\/\/www.stade-lavallois.com\/\">\n                            <img decoding=\"async\" src=\"https:\/\/www.cofidur-groupe.com\/wp-content\/uploads\/2025\/03\/1200px-Logo_Stade_lavallois_MFC_2015.svg_-824x1024-1.webp\" alt=\"\"\n                                title=\"1200px Logo Stade lavallois MFC 2015.svg 824x1024\">\n                        <\/a>\n                    <\/div>\n                <\/div>\n                <div class=\"col-lg-6 col-md-6 col-sm-12\">\n                    <div class=\"text\">\n                        <h5 style=\"text-align: center;\" data-start=\"434\" data-end=\"463\"><strong data-start=\"438\" data-end=\"463\">LE STADE LAVALLOIS MAYENNE FC<\/strong><\/h5>\n<p class=\"\" data-start=\"199\" data-end=\"432\">Abbiamo l&#8217;onore di sostenere lo Stade Lavallois, un club storico del calcio francese dal 1902. Attraverso questa collaborazione, riaffermiamo il nostro impegno a favore della performance, della passione e dell&#8217;eccellenza sportiva. <\/p>\n<h6 data-start=\"434\" data-end=\"463\"><strong data-start=\"438\" data-end=\"463\">Un Partner Impegnato<\/strong><\/h6>\n<p class=\"\" data-start=\"465\" data-end=\"777\">Come partner, accompagniamo lo Stade Lavallois nei suoi progetti, contribuendo cos\u00ec al suo sviluppo e alla sua visibilit\u00e0. Questa partnership ci offre l&#8217;opportunit\u00e0 di vivere momenti unici con i tifosi e i membri del club, rafforzando cos\u00ec la nostra presenza e il nostro coinvolgimento. <\/p>\n<p data-start=\"465\" data-end=\"777\">Ci congratuliamo con lo Stade Lavallois Mayenne FC che raggiunge il 7\u00ba posto nella classifica della Ligue 2 per la stagione 2024 \/ 2025.<\/p>\n<h6 data-start=\"779\" data-end=\"836\"><strong data-start=\"779\" data-end=\"836\">Venite a vibrare con lo Stade Lavallois!<\/strong><\/h6>\n                        <a class=\"bouton primary\" href=\"https:\/\/www.stade-lavallois.com\/\">Visita il sito web dello Stadio Lavallois Mayenne FC<\/a>\n                    <\/div>\n                <\/div>\n            <\/div>\n                        <div class='partner pb-8 col-12 row'>\n                <div class=\"col-lg-6 col-md-6 col-sm-12\">\n                    <div class=\"image\">\n                        <a href=\"https:\/\/www.boulazac-basket-dordogne.com\/\">\n                            <img decoding=\"async\" src=\"https:\/\/www.cofidur-groupe.com\/wp-content\/uploads\/2025\/03\/Design-sans-titre-38-e1743411315436.png\" alt=\"\"\n                                title=\"Design sans titre (38)\">\n                        <\/a>\n                    <\/div>\n                <\/div>\n                <div class=\"col-lg-6 col-md-6 col-sm-12\">\n                    <div class=\"text\">\n                        <h5 style=\"text-align: center;\" data-start=\"434\" data-end=\"463\"><strong data-start=\"438\" data-end=\"463\">LE BOULAZAC BASKET DORDOGNE<\/strong><\/h5>\n<p data-pm-slice=\"1 1 []\">\u00c8 con entusiasmo che sosteniamo il Boulazac Basket Dordogne, attore principale del basket francese. Questa collaborazione riflette il nostro impegno per l\u2019eccellenza sportiva e la nostra volont\u00e0 di promuovere valori forti. <\/p>\n<h6>Una Collaborazione Impegnata<\/h6>\n<p>Accanto al BBD, partecipiamo all&#8217;espansione del club e alla sua risonanza, sia sul campo che nella comunit\u00e0. Questa collaborazione ci permette di connetterci con i tifosi e di creare ricordi indimenticabili per tutta la stagione. <\/p>\n<p>Congratulazioni al BBD, Campione di Pro B! Direzione la Betclic Elite per la stagione 2025\/2026. <\/p>\n<h6>Insieme, viviamo la passione del BBD!<\/h6>\n                        <a class=\"bouton primary\" href=\"https:\/\/www.boulazac-basket-dordogne.com\/\">Vedi il sito Boulazac Basket Dordogne<\/a>\n                    <\/div>\n                <\/div>\n            <\/div>\n                        <div class='partner pb-8 col-12 row'>\n                <div class=\"col-lg-6 col-md-6 col-sm-12\">\n                    <div class=\"image\">\n                        <a href=\"https:\/\/www.capdrugby.fr\/\">\n                            <img decoding=\"async\" src=\"https:\/\/www.cofidur-groupe.com\/wp-content\/uploads\/2025\/03\/Design-sans-titre-39-e1743413573413.png\" alt=\"\"\n                                title=\"Design sans titre (39)\">\n                        <\/a>\n                    <\/div>\n                <\/div>\n                <div class=\"col-lg-6 col-md-6 col-sm-12\">\n                    <div class=\"text\">\n                        <h5 style=\"text-align: center;\" data-start=\"434\" data-end=\"463\"><strong data-start=\"438\" data-end=\"463\">IL CLUB ATLETICO P\u00c9RIGUEUX RUGBY<\/strong><\/h5>\n<p data-pm-slice=\"1 1 []\"><span class=\"relative -mx-px my-[-0.2rem] rounded px-px py-[0.2rem]\">Siamo orgogliosi di essere associati al Club Atletico P\u00e9rigueux Rugby, fondato su valori di rispetto, solidariet\u00e0 e combattivit\u00e0 da oltre 100 anni.<\/span><\/p>\n<h6 data-start=\"222\" data-end=\"251\">Un sostegno attivo<\/h6>\n<p class=\"\" data-start=\"253\" data-end=\"372\">Sosteniamo il CAP nei suoi progetti ambiziosi e contribuiamo alla sua visibilit\u00e0, sia sul campo che nella regione. Questa collaborazione \u00e8 per noi un&#8217;occasione per rafforzare la nostra presenza e vivere momenti autentici accanto ai tifosi e ai membri del club. <\/p>\n<h6 data-start=\"253\" data-end=\"372\">Insieme, sosteniamo il CAP in questa bella avventura!<\/h6>\n                        <a class=\"bouton primary\" href=\"https:\/\/www.capdrugby.fr\/\">Vedi il sito web del CAP Rugby<\/a>\n                    <\/div>\n                <\/div>\n            <\/div>\n                        <div class='partner pb-8 col-12 row'>\n                <div class=\"col-lg-6 col-md-6 col-sm-12\">\n                    <div class=\"image\">\n                        <a href=\"https:\/\/www.snvba.fr\/\">\n                            <img decoding=\"async\" src=\"https:\/\/www.cofidur-groupe.com\/wp-content\/uploads\/2026\/01\/Saint-Nazaire_Volley-Ball_Atlantique_logo.png\" alt=\"\"\n                                title=\"Saint-Nazaire_Volley-Ball_Atlantique_(logo)\">\n                        <\/a>\n                    <\/div>\n                <\/div>\n                <div class=\"col-lg-6 col-md-6 col-sm-12\">\n                    <div class=\"text\">\n                        <h5 style=\"text-align: left;\" data-start=\"434\" data-end=\"463\"><strong data-start=\"438\" data-end=\"463\">IL SAINT-NAZAIRE VOLLEY-BALL ATLANTIQUE (SNVBA)<\/strong><\/h5>\n<p data-pm-slice=\"1 1 []\">\u00c8 con grande orgoglio che annunciamo la nostra nuova partnership con il Saint-Nazaire Volley-Ball Atlantique (SNVBA) a partire dalla stagione 2025\/2026. Questo avvicinamento a un attore principale della pallavolo francese segna una nuova tappa nella nostra strategia di sostegno allo sport ad alto livello. <\/p>\n<h6 data-start=\"222\" data-end=\"251\">Un forte impegno territoriale<\/h6>\n<p class=\"\" data-start=\"253\" data-end=\"372\">Unendosi alla famiglia dei partner del SNVBA, COFIDUR riafferma il suo radicamento locale, in particolare tramite il suo sito di Malville (Cofidur Seico). Questa partnership illustra la nostra volont\u00e0 di contribuire alla diffusione dei club d&#8217;eccellenza nei nostri territori di insediamento. <\/p>\n<blockquote>\n<p data-start=\"253\" data-end=\"372\"><em data-renderer-mark=\"true\">\u00ab Sostenere, performare, vincere: accompagniamo i club nelle loro sfide per raggiungere insieme nuove vette. Questa partnership permetter\u00e0 lo sviluppo del nostro Marchio del Datore di Lavoro a livello locale e offrir\u00e0 ai nostri dipendenti l&#8217;opportunit\u00e0 di vibrare al ritmo delle imprese del SNVBA. \u00bb<\/em> \u2014 Herv\u00e9 OLRY, Direttore del sito Cofidur Seico.<\/p>\n<\/blockquote>\n<h6 data-start=\"253\" data-end=\"372\">Coesione e condivisione<\/h6>\n<p data-renderer-start-pos=\"1089\">Al di l\u00e0 della performance sportiva, questa collaborazione si inserisce in un percorso di coesione interna. Offre ai nostri 500 collaboratori nuove occasioni per riunirsi e condividere i valori di superamento di s\u00e9 e di solidariet\u00e0, cari al Gruppo Cofidur. <\/p>\n<p data-renderer-start-pos=\"1357\">Che si tratti di Aeronautica, Difesa o Industria, l&#8217;esigenza che mettiamo nei nostri mestieri di subappalto elettronico trova un riscontro diretto nella precisione e nello spirito di squadra della pallavolo ad alto livello.<\/p>\n<p data-renderer-start-pos=\"1584\"><strong data-renderer-mark=\"true\">Insieme, portiamo l&#8217;SNVBA verso le vette per la stagione 2025\/2026!<\/strong><\/p>\n                        <a class=\"bouton primary\" href=\"https:\/\/www.snvba.fr\/\">Vedere il sito del SNVBA<\/a>\n                    <\/div>\n                <\/div>\n            <\/div>\n                                <\/div>\n    <\/div>\n<\/section>\n<div style=\"height:0px\" aria-hidden=\"true\" class=\"wp-block-spacer\"><\/div>\n\n<section class=\"block block-arguments  container-fluid background-grey alignfull pb-10 pt-10\">\n    <div class=\"inner\">\n        <div class=\"row \">\n            <div class=\"col-sm-12 col-lg-8\">\n                <h2 class=\"title-deco\">\n                    Insieme, in campo come al lavoro, stiamo andando oltre!                <\/h2>\n                <div class=\"text\">\n                    <p>Supportiamo club sportivi professionisti in discipline varie come il calcio, la pallacanestro o il rugby. Crediamo fermamente che lo sport, sia praticato sul campo sia al di fuori, favorisca la determinazione, il lavoro di squadra e la performance. <\/p>\n<p><!-- \/wp:paragraph --> <!-- wp:paragraph --><\/p>\n<p>Ma il nostro impegno non si ferma qui. Incoraggiamo anche tutti i nostri collaboratori a praticare regolarmente attivit\u00e0 fisica, perch\u00e9 sappiamo che i benefici dello sport sono molteplici. Migliora la salute, riduce lo stress, aumenta la produttivit\u00e0 e rafforza i legami tra colleghi.  <\/p>\n<p><!-- \/wp:paragraph --> <!-- wp:paragraph --><\/p>\n<p>Ecco perch\u00e9 i nostri collaboratori hanno la possibilit\u00e0 di praticare diversi sport all&#8217;interno dell&#8217;azienda, sia attraverso il cross corpo, la pallavolo, la pallamano o ancora la p\u00e9tanque. Questi momenti di convivialit\u00e0 e condivisione offrono a ciascuno l&#8217;opportunit\u00e0 di superarsi in un contesto accogliente, rafforzando allo stesso tempo lo spirito di squadra. <\/p>\n                <\/div>\n            <\/div>\n        <\/div>\n        <div class=\"row pt-5\">\n            <div class=\"col-lg-8 col-sm-8 col-md-12 offset-lg-2 offset-sm-2 offset-md-0 row\">\n                            <\/div>\n        <\/div>\n    <\/div>\n<\/section>\n<div class=\"wp-block-columns is-layout-flex wp-container-core-columns-is-layout-28f84493 wp-block-columns-is-layout-flex\">\n<div class=\"wp-block-column is-layout-flow wp-block-column-is-layout-flow\">\n<div class=\"wp-block-group has-vert-background-color has-background has-large-font-size is-layout-grid wp-container-core-group-is-layout-e02e6a2f wp-block-group-is-layout-grid\" style=\"margin-top:0;margin-bottom:0\">\n<figure class=\"wp-block-image size-full wp-container-content-a7057f16\"><img decoding=\"async\" width=\"640\" height=\"480\" src=\"https:\/\/www.cofidur-groupe.com\/wp-content\/uploads\/2025\/05\/IMG_5870-3.jpg\" alt=\"IMG 5870\" class=\"wp-image-3533\" style=\"aspect-ratio:3\/2;object-fit:cover\" srcset=\"https:\/\/www.cofidur-groupe.com\/wp-content\/uploads\/2025\/05\/IMG_5870-3.jpg 640w, https:\/\/www.cofidur-groupe.com\/wp-content\/uploads\/2025\/05\/IMG_5870-3-300x225.jpg 300w\" sizes=\"(max-width: 640px) 100vw, 640px\" \/><\/figure>\n\n\n\n<figure class=\"wp-block-image size-full wp-container-content-a7057f16\"><img decoding=\"async\" width=\"640\" height=\"640\" src=\"https:\/\/www.cofidur-groupe.com\/wp-content\/uploads\/2025\/04\/1-3.png\" alt=\"1\" class=\"wp-image-3178\" style=\"aspect-ratio:3\/2;object-fit:cover\" srcset=\"https:\/\/www.cofidur-groupe.com\/wp-content\/uploads\/2025\/04\/1-3.png 640w, https:\/\/www.cofidur-groupe.com\/wp-content\/uploads\/2025\/04\/1-3-300x300.png 300w, https:\/\/www.cofidur-groupe.com\/wp-content\/uploads\/2025\/04\/1-3-150x150.png 150w\" sizes=\"(max-width: 640px) 100vw, 640px\" \/><\/figure>\n\n\n\n<figure class=\"wp-block-image size-full\"><img decoding=\"async\" width=\"640\" height=\"640\" src=\"https:\/\/www.cofidur-groupe.com\/wp-content\/uploads\/2025\/04\/2-3.png\" alt=\"2\" class=\"wp-image-3179\" style=\"aspect-ratio:3\/2;object-fit:cover\" srcset=\"https:\/\/www.cofidur-groupe.com\/wp-content\/uploads\/2025\/04\/2-3.png 640w, https:\/\/www.cofidur-groupe.com\/wp-content\/uploads\/2025\/04\/2-3-300x300.png 300w, https:\/\/www.cofidur-groupe.com\/wp-content\/uploads\/2025\/04\/2-3-150x150.png 150w\" sizes=\"(max-width: 640px) 100vw, 640px\" \/><\/figure>\n\n\n\n<figure class=\"wp-block-image size-full wp-container-content-a7057f16\"><img decoding=\"async\" width=\"609\" height=\"465\" src=\"https:\/\/www.cofidur-groupe.com\/wp-content\/uploads\/2025\/04\/3-3-e1743755348741.png\" alt=\"3\" class=\"wp-image-3180\" style=\"aspect-ratio:3\/2;object-fit:cover\" srcset=\"https:\/\/www.cofidur-groupe.com\/wp-content\/uploads\/2025\/04\/3-3-e1743755348741.png 609w, https:\/\/www.cofidur-groupe.com\/wp-content\/uploads\/2025\/04\/3-3-e1743755348741-300x229.png 300w\" sizes=\"(max-width: 609px) 100vw, 609px\" \/><\/figure>\n<\/div>\n<\/div>\n<\/div>\n\n<p><\/p>\n","protected":false},"excerpt":{"rendered":"","protected":false},"author":3,"featured_media":0,"parent":0,"menu_order":5,"comment_status":"closed","ping_status":"closed","template":"","meta":{"_acf_changed":false,"footnotes":""},"class_list":["post-8164","page","type-page","status-publish","hentry"],"acf":[],"yoast_head":"<!-- This site is optimized with the Yoast SEO plugin v27.5 - https:\/\/yoast.com\/product\/yoast-seo-wordpress\/ -->\n<title>Lo sport, insieme - Groupe Cofidur<\/title>\n<meta name=\"robots\" content=\"index, follow, max-snippet:-1, max-image-preview:large, max-video-preview:-1\" \/>\n<link rel=\"canonical\" href=\"https:\/\/www.cofidur-groupe.com\/it\/lo-sport-insieme\/\" \/>\n<meta property=\"og:locale\" content=\"it_IT\" \/>\n<meta property=\"og:type\" content=\"article\" \/>\n<meta property=\"og:title\" content=\"Lo sport, insieme - Groupe Cofidur\" \/>\n<meta property=\"og:url\" content=\"https:\/\/www.cofidur-groupe.com\/it\/lo-sport-insieme\/\" \/>\n<meta property=\"og:site_name\" content=\"Groupe Cofidur\" \/>\n<meta property=\"article:modified_time\" content=\"2026-03-03T13:31:12+00:00\" \/>\n<meta property=\"og:image\" content=\"https:\/\/www.cofidur-groupe.com\/wp-content\/uploads\/2025\/05\/IMG_5870-3.jpg\" \/>\n<meta name=\"twitter:card\" content=\"summary_large_image\" \/>\n<script type=\"application\/ld+json\" class=\"yoast-schema-graph\">{\"@context\":\"https:\\\/\\\/schema.org\",\"@graph\":[{\"@type\":\"WebPage\",\"@id\":\"https:\\\/\\\/www.cofidur-groupe.com\\\/it\\\/lo-sport-insieme\\\/\",\"url\":\"https:\\\/\\\/www.cofidur-groupe.com\\\/it\\\/lo-sport-insieme\\\/\",\"name\":\"Lo sport, insieme - Groupe Cofidur\",\"isPartOf\":{\"@id\":\"https:\\\/\\\/www.cofidur-groupe.com\\\/it\\\/#website\"},\"primaryImageOfPage\":{\"@id\":\"https:\\\/\\\/www.cofidur-groupe.com\\\/it\\\/lo-sport-insieme\\\/#primaryimage\"},\"image\":{\"@id\":\"https:\\\/\\\/www.cofidur-groupe.com\\\/it\\\/lo-sport-insieme\\\/#primaryimage\"},\"thumbnailUrl\":\"https:\\\/\\\/www.cofidur-groupe.com\\\/wp-content\\\/uploads\\\/2025\\\/05\\\/IMG_5870-3.jpg\",\"datePublished\":\"2025-04-04T08:59:38+00:00\",\"dateModified\":\"2026-03-03T13:31:12+00:00\",\"breadcrumb\":{\"@id\":\"https:\\\/\\\/www.cofidur-groupe.com\\\/it\\\/lo-sport-insieme\\\/#breadcrumb\"},\"inLanguage\":\"it-IT\",\"potentialAction\":[{\"@type\":\"ReadAction\",\"target\":[\"https:\\\/\\\/www.cofidur-groupe.com\\\/it\\\/lo-sport-insieme\\\/\"]}]},{\"@type\":\"ImageObject\",\"inLanguage\":\"it-IT\",\"@id\":\"https:\\\/\\\/www.cofidur-groupe.com\\\/it\\\/lo-sport-insieme\\\/#primaryimage\",\"url\":\"https:\\\/\\\/www.cofidur-groupe.com\\\/wp-content\\\/uploads\\\/2025\\\/05\\\/IMG_5870-3.jpg\",\"contentUrl\":\"https:\\\/\\\/www.cofidur-groupe.com\\\/wp-content\\\/uploads\\\/2025\\\/05\\\/IMG_5870-3.jpg\"},{\"@type\":\"BreadcrumbList\",\"@id\":\"https:\\\/\\\/www.cofidur-groupe.com\\\/it\\\/lo-sport-insieme\\\/#breadcrumb\",\"itemListElement\":[{\"@type\":\"ListItem\",\"position\":1,\"name\":\"Groupe Cofidur\",\"item\":\"https:\\\/\\\/www.cofidur-groupe.com\\\/it\\\/\"},{\"@type\":\"ListItem\",\"position\":2,\"name\":\"Lo sport, insieme\"}]},{\"@type\":\"WebSite\",\"@id\":\"https:\\\/\\\/www.cofidur-groupe.com\\\/it\\\/#website\",\"url\":\"https:\\\/\\\/www.cofidur-groupe.com\\\/it\\\/\",\"name\":\"Groupe Cofidur\",\"description\":\"\",\"publisher\":{\"@id\":\"https:\\\/\\\/www.cofidur-groupe.com\\\/it\\\/#organization\"},\"potentialAction\":[{\"@type\":\"SearchAction\",\"target\":{\"@type\":\"EntryPoint\",\"urlTemplate\":\"https:\\\/\\\/www.cofidur-groupe.com\\\/it\\\/?s={search_term_string}\"},\"query-input\":{\"@type\":\"PropertyValueSpecification\",\"valueRequired\":true,\"valueName\":\"search_term_string\"}}],\"inLanguage\":\"it-IT\"},{\"@type\":\"Organization\",\"@id\":\"https:\\\/\\\/www.cofidur-groupe.com\\\/it\\\/#organization\",\"name\":\"Groupe Cofidur\",\"url\":\"https:\\\/\\\/www.cofidur-groupe.com\\\/it\\\/\",\"logo\":{\"@type\":\"ImageObject\",\"inLanguage\":\"it-IT\",\"@id\":\"https:\\\/\\\/www.cofidur-groupe.com\\\/it\\\/#\\\/schema\\\/logo\\\/image\\\/\",\"url\":\"https:\\\/\\\/www.cofidur-groupe.com\\\/wp-content\\\/uploads\\\/2024\\\/12\\\/logo_cofidur.svg\",\"contentUrl\":\"https:\\\/\\\/www.cofidur-groupe.com\\\/wp-content\\\/uploads\\\/2024\\\/12\\\/logo_cofidur.svg\",\"caption\":\"Groupe Cofidur\"},\"image\":{\"@id\":\"https:\\\/\\\/www.cofidur-groupe.com\\\/it\\\/#\\\/schema\\\/logo\\\/image\\\/\"},\"sameAs\":[\"https:\\\/\\\/www.linkedin.com\\\/company\\\/cofidur-ems\"]}]}<\/script>\n<!-- \/ Yoast SEO plugin. -->","yoast_head_json":{"title":"Lo sport, insieme - Groupe Cofidur","robots":{"index":"index","follow":"follow","max-snippet":"max-snippet:-1","max-image-preview":"max-image-preview:large","max-video-preview":"max-video-preview:-1"},"canonical":"https:\/\/www.cofidur-groupe.com\/it\/lo-sport-insieme\/","og_locale":"it_IT","og_type":"article","og_title":"Lo sport, insieme - Groupe Cofidur","og_url":"https:\/\/www.cofidur-groupe.com\/it\/lo-sport-insieme\/","og_site_name":"Groupe Cofidur","article_modified_time":"2026-03-03T13:31:12+00:00","og_image":[{"url":"https:\/\/www.cofidur-groupe.com\/wp-content\/uploads\/2025\/05\/IMG_5870-3.jpg","type":"","width":"","height":""}],"twitter_card":"summary_large_image","schema":{"@context":"https:\/\/schema.org","@graph":[{"@type":"WebPage","@id":"https:\/\/www.cofidur-groupe.com\/it\/lo-sport-insieme\/","url":"https:\/\/www.cofidur-groupe.com\/it\/lo-sport-insieme\/","name":"Lo sport, insieme - Groupe Cofidur","isPartOf":{"@id":"https:\/\/www.cofidur-groupe.com\/it\/#website"},"primaryImageOfPage":{"@id":"https:\/\/www.cofidur-groupe.com\/it\/lo-sport-insieme\/#primaryimage"},"image":{"@id":"https:\/\/www.cofidur-groupe.com\/it\/lo-sport-insieme\/#primaryimage"},"thumbnailUrl":"https:\/\/www.cofidur-groupe.com\/wp-content\/uploads\/2025\/05\/IMG_5870-3.jpg","datePublished":"2025-04-04T08:59:38+00:00","dateModified":"2026-03-03T13:31:12+00:00","breadcrumb":{"@id":"https:\/\/www.cofidur-groupe.com\/it\/lo-sport-insieme\/#breadcrumb"},"inLanguage":"it-IT","potentialAction":[{"@type":"ReadAction","target":["https:\/\/www.cofidur-groupe.com\/it\/lo-sport-insieme\/"]}]},{"@type":"ImageObject","inLanguage":"it-IT","@id":"https:\/\/www.cofidur-groupe.com\/it\/lo-sport-insieme\/#primaryimage","url":"https:\/\/www.cofidur-groupe.com\/wp-content\/uploads\/2025\/05\/IMG_5870-3.jpg","contentUrl":"https:\/\/www.cofidur-groupe.com\/wp-content\/uploads\/2025\/05\/IMG_5870-3.jpg"},{"@type":"BreadcrumbList","@id":"https:\/\/www.cofidur-groupe.com\/it\/lo-sport-insieme\/#breadcrumb","itemListElement":[{"@type":"ListItem","position":1,"name":"Groupe Cofidur","item":"https:\/\/www.cofidur-groupe.com\/it\/"},{"@type":"ListItem","position":2,"name":"Lo sport, insieme"}]},{"@type":"WebSite","@id":"https:\/\/www.cofidur-groupe.com\/it\/#website","url":"https:\/\/www.cofidur-groupe.com\/it\/","name":"Groupe Cofidur","description":"","publisher":{"@id":"https:\/\/www.cofidur-groupe.com\/it\/#organization"},"potentialAction":[{"@type":"SearchAction","target":{"@type":"EntryPoint","urlTemplate":"https:\/\/www.cofidur-groupe.com\/it\/?s={search_term_string}"},"query-input":{"@type":"PropertyValueSpecification","valueRequired":true,"valueName":"search_term_string"}}],"inLanguage":"it-IT"},{"@type":"Organization","@id":"https:\/\/www.cofidur-groupe.com\/it\/#organization","name":"Groupe Cofidur","url":"https:\/\/www.cofidur-groupe.com\/it\/","logo":{"@type":"ImageObject","inLanguage":"it-IT","@id":"https:\/\/www.cofidur-groupe.com\/it\/#\/schema\/logo\/image\/","url":"https:\/\/www.cofidur-groupe.com\/wp-content\/uploads\/2024\/12\/logo_cofidur.svg","contentUrl":"https:\/\/www.cofidur-groupe.com\/wp-content\/uploads\/2024\/12\/logo_cofidur.svg","caption":"Groupe Cofidur"},"image":{"@id":"https:\/\/www.cofidur-groupe.com\/it\/#\/schema\/logo\/image\/"},"sameAs":["https:\/\/www.linkedin.com\/company\/cofidur-ems"]}]}},"_links":{"self":[{"href":"https:\/\/www.cofidur-groupe.com\/it\/wp-json\/wp\/v2\/pages\/8164","targetHints":{"allow":["GET"]}}],"collection":[{"href":"https:\/\/www.cofidur-groupe.com\/it\/wp-json\/wp\/v2\/pages"}],"about":[{"href":"https:\/\/www.cofidur-groupe.com\/it\/wp-json\/wp\/v2\/types\/page"}],"author":[{"embeddable":true,"href":"https:\/\/www.cofidur-groupe.com\/it\/wp-json\/wp\/v2\/users\/3"}],"replies":[{"embeddable":true,"href":"https:\/\/www.cofidur-groupe.com\/it\/wp-json\/wp\/v2\/comments?post=8164"}],"version-history":[{"count":8,"href":"https:\/\/www.cofidur-groupe.com\/it\/wp-json\/wp\/v2\/pages\/8164\/revisions"}],"predecessor-version":[{"id":10576,"href":"https:\/\/www.cofidur-groupe.com\/it\/wp-json\/wp\/v2\/pages\/8164\/revisions\/10576"}],"wp:attachment":[{"href":"https:\/\/www.cofidur-groupe.com\/it\/wp-json\/wp\/v2\/media?parent=8164"}],"curies":[{"name":"wp","href":"https:\/\/api.w.org\/{rel}","templated":true}]}}