{"id":8184,"date":"2024-07-02T15:01:55","date_gmt":"2024-07-02T13:01:55","guid":{"rendered":"https:\/\/www.cofidur-groupe.com\/informativa-sui-cookie\/"},"modified":"2025-08-07T11:26:59","modified_gmt":"2025-08-07T09:26:59","slug":"informativa-sui-cookie","status":"publish","type":"page","link":"https:\/\/www.cofidur-groupe.com\/it\/informativa-sui-cookie\/","title":{"rendered":"Informativa sui cookie"},"content":{"rendered":"<section class=\"banner_page \"><div class=\"inner\"><p id=\"breadcrumbs\"><span><span><a href=\"https:\/\/www.cofidur-groupe.com\/it\/\">Groupe Cofidur<\/a><\/span><\/span><\/p><div class=\"banner_page_container banner_width \"><h1 class=\"title-deco\">Informativa sui cookie<\/h1><p class=\"\">Quando visitate il sito nomdusite.fr, le informazioni relative alla navigazione del vostro terminale (computer, tablet, smartphone, ecc.) possono essere registrate in file &#8220;cookie&#8221; installati sul vostro terminale, in base alle scelte che avete fatto e che potete modificare in qualsiasi momento.<\/p><\/div><\/div><\/section>\n<div style=\"height:5rem\" aria-hidden=\"true\" class=\"wp-block-spacer\"><\/div>\n\n<div class=\"wp-block-group is-layout-constrained wp-block-group-is-layout-constrained\">\n<h2 class=\"wp-block-heading\"><strong>1. Definizione di cookie\u00a0<\/strong><\/h2>\n\n\n\n<p>Un cookie \u00e8 un file di testo che pu\u00f2 essere salvato, in base alle scelte dell&#8217;Utente, in uno spazio di memoria dedicato sul suo terminale quando consulta un servizio online utilizzando il software del browser. Un file cookie consente al suo mittente di identificare il terminale in cui \u00e8 memorizzato, per tutta la durata della sua validit\u00e0 o della sua conservazione.<\/p>\n\n\n\n<h2 class=\"wp-block-heading\"><strong>2. Quali cookie vengono utilizzati e per quali scopi?\u00a0<\/strong><\/h2>\n\n\n\n<p>Nell&#8217;ambito del funzionamento del Sito, l&#8217;Utente \u00e8 informato che utilizziamo, direttamente o indirettamente, i cookie elencati di seguito.<\/p>\n\n\n\n<h3 class=\"wp-block-heading\"><strong>2.1 Cookie di performance per misurare l&#8217;audience del sito<\/strong><\/h3>\n\n\n\n<p>Questi cookie ci consentono di raccogliere informazioni sul modo in cui l&#8217;Utente utilizza il Sito (ad esempio, le pagine del Sito che vengono consultate pi\u00f9 frequentemente). Questi cookie ci consentono di elaborare statistiche e determinare i volumi di visite e l\u2019utilizzo delle varie componenti del nostro Sito (sezioni e contenuti visitati, percorsi effettuati), aiutandoci a migliorare l&#8217;interesse e l&#8217;ergonomia dei nostri servizi.<\/p>\n\n\n\n<figure class=\"wp-block-table\"><table class=\"has-fixed-layout\"><tbody><tr><td>Nome del cookie<\/td><td>Scopo(i)<\/td><td>Scadenza\u00a0<\/td><\/tr><tr><td>Google Analytics<\/td><td>Analisi del traffico<\/td><td>13 mesi<\/td><\/tr><tr><td>Google Recaptcha<\/td><td>Verificare che l&#8217;Utente non sia un robot<\/td><td>Tempo di connessione<\/td><\/tr><\/tbody><\/table><\/figure>\n\n\n\n<h2 class=\"wp-block-heading\"><strong>3. Per quanto tempo vengono conservati i cookie?\u00a0<\/strong><\/h2>\n\n\n\n<p>Vi informiamo che l&#8217;uso dei cookie pu\u00f2 essere limitato alla durata della vostra navigazione sul Sito con cancellazione automatica quando lasciate il Sito (cookie di sessione) o pu\u00f2 essere conservato per un periodo di tempo definito dopo la vostra visita al Sito (cookie persistenti). In ogni caso, i cookie vengono conservati per un periodo non superiore a tredici (13) mesi.\u00a0<\/p>\n\n\n\n<h2 class=\"wp-block-heading\"><strong>4. Come potete esprimere le vostre scelte in merito all\u2019installazione dei cookie?\u00a0<\/strong><\/h2>\n\n\n\n<h3 class=\"wp-block-heading\"><strong>4.1 Consenso all\u2019installazione dei cookie del sito web<\/strong><\/h3>\n\n\n\n<p>L\u2019installazione dei cookie \u00e8 subordinata all&#8217;espressa volont\u00e0 dell&#8217;Utente, che pu\u00f2 esprimere e modificare in qualsiasi momento, attraverso le scelte offerte dal software del suo browser. L\u2019installazione e la lettura dei cookie non verr\u00e0 effettuata:<\/p>\n\n\n\n<ul class=\"wp-block-list\">\n<li>Se l&#8217;Utente accede al Sito (home page o direttamente ad un&#8217;altra pagina del Sito) e non prosegue la navigazione; oppure<\/li>\n\n\n\n<li>Se l&#8217;Utente clicca sul link del banner che gli consente di impostare i parametri per i Cookies e, se del caso, rifiuta l\u2019installazione dei Cookies.<\/li>\n<\/ul>\n\n\n\n<h3 class=\"wp-block-heading\"><strong>4.2 Consenso generale al deposito dei cookie<\/strong><\/h3>\n\n\n\n<p>Potete rifiutarvi di accettare i cookie in qualsiasi momento configurando il vostro browser.\u00a0<\/p>\n\n\n\n<p>Si tenga presente che la disinstallazione di un cookie o l&#8217;opposizione all&#8217;installazione di cookie sulle apparecchiature dell&#8217;Utente pu\u00f2 alterare l&#8217;esperienza di navigazione e impedire all&#8217;Utente di usufruire di alcuni servizi del Sito.<\/p>\n\n\n\n<p>Per gestire i cookie e le vostre scelte, la configurazione di ogni browser \u00e8 diversa.\u00a0<\/p>\n\n\n\n<p>Per aiutarvi nella gestione dei cookie, ecco le istruzioni riferite ai browser pi\u00f9 utilizzati:<\/p>\n\n\n\n<p>Windows Internet Explorer\u00ae :<\/p>\n\n\n\n<figure class=\"wp-block-embed\"><div class=\"wp-block-embed__wrapper\">\nhttps:\/\/support.microsoft.com\/fr-fr\/help\/17442\/windows-internet-explorer-delete-manage-cookies\n<\/div><\/figure>\n\n\n\n<p>Mozilla Firefox:\u00a0<\/p>\n\n\n\n<figure class=\"wp-block-embed\"><div class=\"wp-block-embed__wrapper\">\nhttps:\/\/support.mozilla.org\/fr\/kb\/activer-desactiver-cookies\n<\/div><\/figure>\n\n\n\n<p>Google Chrome:\u00a0<\/p>\n\n\n\n<figure class=\"wp-block-embed\"><div class=\"wp-block-embed__wrapper\">\nhttps:\/\/support.google.com\/chrome\/answer\/95647?hl=fr\n<\/div><\/figure>\n\n\n\n<p>Apple:\u00a0<\/p>\n\n\n\n<p><a href=\"http:\/\/support.apple.com\/kb\/HT1677?viewlocale=fr_FR&amp;locale=fr_FR\">http:\/\/support.apple.com\/kb\/HT1677?viewlocale=fr_FR&amp;locale=fr_FR<\/a><\/p>\n\n\n\n<p>Per ulteriori informazioni sugli strumenti di controllo dei cookie, consultate il sito web della Commission Nationale de l&#8217;Informatique et des Libert\u00e9s (CNIL) cliccando sul seguente link: https: <a href=\"https:\/\/www.cnil.fr\/fr\/cookies-et-autres-traceurs\/comment-se-proteger\/maitriser-votre-navigateur\">\/\/www.cnil.fr\/fr\/cookies-et-autres-traceurs\/comment-se-proteger\/maitriser-votre-navigateur<\/a><\/p>\n<\/div>\n\n<div style=\"height:10rem\" aria-hidden=\"true\" class=\"wp-block-spacer\"><\/div>\n","protected":false},"excerpt":{"rendered":"<p>1. Definizione di cookie\u00a0 Un cookie \u00e8 un file di testo che pu\u00f2 essere salvato, in base alle scelte dell&#8217;Utente, in uno spazio di memoria dedicato sul suo terminale quando consulta un servizio online utilizzando il software del browser. Un file cookie consente al suo mittente di identificare il terminale in cui \u00e8 memorizzato, per [&hellip;]<\/p>\n","protected":false},"author":2,"featured_media":0,"parent":0,"menu_order":9,"comment_status":"closed","ping_status":"closed","template":"","meta":{"_acf_changed":false,"footnotes":""},"class_list":["post-8184","page","type-page","status-publish","hentry"],"acf":[],"yoast_head":"<!-- This site is optimized with the Yoast SEO plugin v27.5 - https:\/\/yoast.com\/product\/yoast-seo-wordpress\/ -->\n<title>Informativa sui cookie - Groupe Cofidur<\/title>\n<meta name=\"description\" content=\"Leggete la nostra Politica sui cookie per scoprire come utilizziamo i cookie sul nostro sito per migliorare la vostra esperienza utente e personalizzare la vostra navigazione. Visualizzate i dettagli e gestite le vostre preferenze.\" \/>\n<meta name=\"robots\" content=\"index, follow, max-snippet:-1, max-image-preview:large, max-video-preview:-1\" \/>\n<link rel=\"canonical\" href=\"https:\/\/www.cofidur-groupe.com\/it\/informativa-sui-cookie\/\" \/>\n<meta property=\"og:locale\" content=\"it_IT\" \/>\n<meta property=\"og:type\" content=\"article\" \/>\n<meta property=\"og:title\" content=\"Informativa sui cookie - Groupe Cofidur\" \/>\n<meta property=\"og:description\" content=\"Leggete la nostra Politica sui cookie per scoprire come utilizziamo i cookie sul nostro sito per migliorare la vostra esperienza utente e personalizzare la vostra navigazione. Visualizzate i dettagli e gestite le vostre preferenze.\" \/>\n<meta property=\"og:url\" content=\"https:\/\/www.cofidur-groupe.com\/it\/informativa-sui-cookie\/\" \/>\n<meta property=\"og:site_name\" content=\"Groupe Cofidur\" \/>\n<meta property=\"article:modified_time\" content=\"2025-08-07T09:26:59+00:00\" \/>\n<meta property=\"og:image\" content=\"https:\/\/www.cofidur-groupe.com\/wp-content\/uploads\/2025\/01\/cofidur-site.jpg\" \/>\n\t<meta property=\"og:image:width\" content=\"1200\" \/>\n\t<meta property=\"og:image:height\" content=\"675\" \/>\n\t<meta property=\"og:image:type\" content=\"image\/jpeg\" \/>\n<meta name=\"twitter:card\" content=\"summary_large_image\" \/>\n<meta name=\"twitter:label1\" content=\"Tempo di lettura stimato\" \/>\n\t<meta name=\"twitter:data1\" content=\"3 minuti\" \/>\n<script type=\"application\/ld+json\" class=\"yoast-schema-graph\">{\"@context\":\"https:\\\/\\\/schema.org\",\"@graph\":[{\"@type\":\"WebPage\",\"@id\":\"https:\\\/\\\/www.cofidur-groupe.com\\\/it\\\/informativa-sui-cookie\\\/\",\"url\":\"https:\\\/\\\/www.cofidur-groupe.com\\\/it\\\/informativa-sui-cookie\\\/\",\"name\":\"Informativa sui cookie - Groupe Cofidur\",\"isPartOf\":{\"@id\":\"https:\\\/\\\/www.cofidur-groupe.com\\\/it\\\/#website\"},\"datePublished\":\"2024-07-02T13:01:55+00:00\",\"dateModified\":\"2025-08-07T09:26:59+00:00\",\"description\":\"Leggete la nostra Politica sui cookie per scoprire come utilizziamo i cookie sul nostro sito per migliorare la vostra esperienza utente e personalizzare la vostra navigazione. Visualizzate i dettagli e gestite le vostre preferenze.\",\"breadcrumb\":{\"@id\":\"https:\\\/\\\/www.cofidur-groupe.com\\\/it\\\/informativa-sui-cookie\\\/#breadcrumb\"},\"inLanguage\":\"it-IT\",\"potentialAction\":[{\"@type\":\"ReadAction\",\"target\":[\"https:\\\/\\\/www.cofidur-groupe.com\\\/it\\\/informativa-sui-cookie\\\/\"]}]},{\"@type\":\"BreadcrumbList\",\"@id\":\"https:\\\/\\\/www.cofidur-groupe.com\\\/it\\\/informativa-sui-cookie\\\/#breadcrumb\",\"itemListElement\":[{\"@type\":\"ListItem\",\"position\":1,\"name\":\"Groupe Cofidur\",\"item\":\"https:\\\/\\\/www.cofidur-groupe.com\\\/it\\\/\"},{\"@type\":\"ListItem\",\"position\":2,\"name\":\"Informativa sui cookie\"}]},{\"@type\":\"WebSite\",\"@id\":\"https:\\\/\\\/www.cofidur-groupe.com\\\/it\\\/#website\",\"url\":\"https:\\\/\\\/www.cofidur-groupe.com\\\/it\\\/\",\"name\":\"Groupe Cofidur\",\"description\":\"\",\"publisher\":{\"@id\":\"https:\\\/\\\/www.cofidur-groupe.com\\\/it\\\/#organization\"},\"potentialAction\":[{\"@type\":\"SearchAction\",\"target\":{\"@type\":\"EntryPoint\",\"urlTemplate\":\"https:\\\/\\\/www.cofidur-groupe.com\\\/it\\\/?s={search_term_string}\"},\"query-input\":{\"@type\":\"PropertyValueSpecification\",\"valueRequired\":true,\"valueName\":\"search_term_string\"}}],\"inLanguage\":\"it-IT\"},{\"@type\":\"Organization\",\"@id\":\"https:\\\/\\\/www.cofidur-groupe.com\\\/it\\\/#organization\",\"name\":\"Groupe Cofidur\",\"url\":\"https:\\\/\\\/www.cofidur-groupe.com\\\/it\\\/\",\"logo\":{\"@type\":\"ImageObject\",\"inLanguage\":\"it-IT\",\"@id\":\"https:\\\/\\\/www.cofidur-groupe.com\\\/it\\\/#\\\/schema\\\/logo\\\/image\\\/\",\"url\":\"https:\\\/\\\/www.cofidur-groupe.com\\\/wp-content\\\/uploads\\\/2024\\\/12\\\/logo_cofidur.svg\",\"contentUrl\":\"https:\\\/\\\/www.cofidur-groupe.com\\\/wp-content\\\/uploads\\\/2024\\\/12\\\/logo_cofidur.svg\",\"caption\":\"Groupe Cofidur\"},\"image\":{\"@id\":\"https:\\\/\\\/www.cofidur-groupe.com\\\/it\\\/#\\\/schema\\\/logo\\\/image\\\/\"},\"sameAs\":[\"https:\\\/\\\/www.linkedin.com\\\/company\\\/cofidur-ems\"]}]}<\/script>\n<!-- \/ Yoast SEO plugin. -->","yoast_head_json":{"title":"Informativa sui cookie - Groupe Cofidur","description":"Leggete la nostra Politica sui cookie per scoprire come utilizziamo i cookie sul nostro sito per migliorare la vostra esperienza utente e personalizzare la vostra navigazione. Visualizzate i dettagli e gestite le vostre preferenze.","robots":{"index":"index","follow":"follow","max-snippet":"max-snippet:-1","max-image-preview":"max-image-preview:large","max-video-preview":"max-video-preview:-1"},"canonical":"https:\/\/www.cofidur-groupe.com\/it\/informativa-sui-cookie\/","og_locale":"it_IT","og_type":"article","og_title":"Informativa sui cookie - Groupe Cofidur","og_description":"Leggete la nostra Politica sui cookie per scoprire come utilizziamo i cookie sul nostro sito per migliorare la vostra esperienza utente e personalizzare la vostra navigazione. Visualizzate i dettagli e gestite le vostre preferenze.","og_url":"https:\/\/www.cofidur-groupe.com\/it\/informativa-sui-cookie\/","og_site_name":"Groupe Cofidur","article_modified_time":"2025-08-07T09:26:59+00:00","og_image":[{"width":1200,"height":675,"url":"https:\/\/www.cofidur-groupe.com\/wp-content\/uploads\/2025\/01\/cofidur-site.jpg","type":"image\/jpeg"}],"twitter_card":"summary_large_image","twitter_misc":{"Tempo di lettura stimato":"3 minuti"},"schema":{"@context":"https:\/\/schema.org","@graph":[{"@type":"WebPage","@id":"https:\/\/www.cofidur-groupe.com\/it\/informativa-sui-cookie\/","url":"https:\/\/www.cofidur-groupe.com\/it\/informativa-sui-cookie\/","name":"Informativa sui cookie - Groupe Cofidur","isPartOf":{"@id":"https:\/\/www.cofidur-groupe.com\/it\/#website"},"datePublished":"2024-07-02T13:01:55+00:00","dateModified":"2025-08-07T09:26:59+00:00","description":"Leggete la nostra Politica sui cookie per scoprire come utilizziamo i cookie sul nostro sito per migliorare la vostra esperienza utente e personalizzare la vostra navigazione. Visualizzate i dettagli e gestite le vostre preferenze.","breadcrumb":{"@id":"https:\/\/www.cofidur-groupe.com\/it\/informativa-sui-cookie\/#breadcrumb"},"inLanguage":"it-IT","potentialAction":[{"@type":"ReadAction","target":["https:\/\/www.cofidur-groupe.com\/it\/informativa-sui-cookie\/"]}]},{"@type":"BreadcrumbList","@id":"https:\/\/www.cofidur-groupe.com\/it\/informativa-sui-cookie\/#breadcrumb","itemListElement":[{"@type":"ListItem","position":1,"name":"Groupe Cofidur","item":"https:\/\/www.cofidur-groupe.com\/it\/"},{"@type":"ListItem","position":2,"name":"Informativa sui cookie"}]},{"@type":"WebSite","@id":"https:\/\/www.cofidur-groupe.com\/it\/#website","url":"https:\/\/www.cofidur-groupe.com\/it\/","name":"Groupe Cofidur","description":"","publisher":{"@id":"https:\/\/www.cofidur-groupe.com\/it\/#organization"},"potentialAction":[{"@type":"SearchAction","target":{"@type":"EntryPoint","urlTemplate":"https:\/\/www.cofidur-groupe.com\/it\/?s={search_term_string}"},"query-input":{"@type":"PropertyValueSpecification","valueRequired":true,"valueName":"search_term_string"}}],"inLanguage":"it-IT"},{"@type":"Organization","@id":"https:\/\/www.cofidur-groupe.com\/it\/#organization","name":"Groupe Cofidur","url":"https:\/\/www.cofidur-groupe.com\/it\/","logo":{"@type":"ImageObject","inLanguage":"it-IT","@id":"https:\/\/www.cofidur-groupe.com\/it\/#\/schema\/logo\/image\/","url":"https:\/\/www.cofidur-groupe.com\/wp-content\/uploads\/2024\/12\/logo_cofidur.svg","contentUrl":"https:\/\/www.cofidur-groupe.com\/wp-content\/uploads\/2024\/12\/logo_cofidur.svg","caption":"Groupe Cofidur"},"image":{"@id":"https:\/\/www.cofidur-groupe.com\/it\/#\/schema\/logo\/image\/"},"sameAs":["https:\/\/www.linkedin.com\/company\/cofidur-ems"]}]}},"_links":{"self":[{"href":"https:\/\/www.cofidur-groupe.com\/it\/wp-json\/wp\/v2\/pages\/8184","targetHints":{"allow":["GET"]}}],"collection":[{"href":"https:\/\/www.cofidur-groupe.com\/it\/wp-json\/wp\/v2\/pages"}],"about":[{"href":"https:\/\/www.cofidur-groupe.com\/it\/wp-json\/wp\/v2\/types\/page"}],"author":[{"embeddable":true,"href":"https:\/\/www.cofidur-groupe.com\/it\/wp-json\/wp\/v2\/users\/2"}],"replies":[{"embeddable":true,"href":"https:\/\/www.cofidur-groupe.com\/it\/wp-json\/wp\/v2\/comments?post=8184"}],"version-history":[{"count":3,"href":"https:\/\/www.cofidur-groupe.com\/it\/wp-json\/wp\/v2\/pages\/8184\/revisions"}],"predecessor-version":[{"id":8662,"href":"https:\/\/www.cofidur-groupe.com\/it\/wp-json\/wp\/v2\/pages\/8184\/revisions\/8662"}],"wp:attachment":[{"href":"https:\/\/www.cofidur-groupe.com\/it\/wp-json\/wp\/v2\/media?parent=8184"}],"curies":[{"name":"wp","href":"https:\/\/api.w.org\/{rel}","templated":true}]}}