{"id":8190,"date":"2024-07-02T10:53:20","date_gmt":"2024-07-02T08:53:20","guid":{"rendered":"https:\/\/www.cofidur-groupe.com\/politica-sulla-privacy\/"},"modified":"2025-08-07T11:26:59","modified_gmt":"2025-08-07T09:26:59","slug":"politica-sulla-privacy","status":"publish","type":"page","link":"https:\/\/www.cofidur-groupe.com\/it\/politica-sulla-privacy\/","title":{"rendered":"Politica sulla privacy"},"content":{"rendered":"<section class=\"banner_page \"><div class=\"inner\"><p id=\"breadcrumbs\"><span><span><a href=\"https:\/\/www.cofidur-groupe.com\/it\/\">Groupe Cofidur<\/a><\/span><\/span><\/p><div class=\"banner_page_container banner_width \"><h1 class=\"title-deco\">Politica sulla privacy<\/h1><p class=\"\">L\u2019azienda COFIDUR EMS si impegna a garantire il miglior livello di protezione dei vostri dati personali.<\/p><\/div><\/div><\/section>\n<div style=\"height:50px\" aria-hidden=\"true\" class=\"wp-block-spacer\"><\/div>\n\n<div class=\"wp-block-group is-layout-constrained wp-block-group-is-layout-constrained\">\n<h2 class=\"wp-block-heading\"><strong>Chi raccoglie i tuoi dati personali?<\/strong><\/h2>\n\n\n\n<p>Il responsabile del trattamento effettuato sul sito www.COFIDUR EMS.fr \u00e8:<br\/>Gilles Delaunay<\/p>\n\n\n\n<p>Cofidur EMS<br\/>COFIDUR EMS<br\/>79 RUE SAINT MELAINE<br\/>53000 LAVAL<\/p>\n\n\n\n<p>La societ\u00e0 COFIDUR EMS, in qualit\u00e0 di titolare del trattamento, si impegna a rispettare le disposizioni della legge n\u00b078-17 del 6 gennaio 1978 e successive modifiche, relativa all&#8217;informatica, ai file e alle libert\u00e0 riguardo al trattamento automatizzato dei dati personali effettuato, nonch\u00e9 Regolamento (UE) n\u00b02016\/679 del 27 aprile 2016 dalla sua applicazione il 25 maggio 2018.<\/p>\n\n\n\n<h2 class=\"wp-block-heading\"><strong>A chi vengono trasmessi i tuoi dati personali?<\/strong><\/h2>\n\n\n\n<p>I dati vengono trasmessi unicamente al personale addetto dell\u2019azienda COFIDUR EMS.<\/p>\n\n\n\n<h2 class=\"wp-block-heading\"><strong>Quali sono le finalit\u00e0 del trattamento dei dati personali raccolti?<\/strong><\/h2>\n\n\n\n<p>L\u2019azienda COFIDUR EMS raccoglie e registra i dati personali dei suoi utenti Internet (clienti, potenziali clienti e prescrittori) per effettuare i seguenti trattamenti:<\/p>\n\n\n\n<ul class=\"wp-block-list\">\n<li>Creazione e gestione dell\u2019account cliente<\/li>\n\n\n\n<li>Informazioni su servizi nuovi o modificati<\/li>\n\n\n\n<li>Risposta alle domande e invio di proposte commerciali via e-mail (a seguito della sua richiesta)<\/li>\n\n\n\n<li>Elaborazione di statistiche commerciali<\/li>\n<\/ul>\n\n\n\n<p>Ad eccezione delle operazioni di prospezione commerciale, COFIDUR EMS ritiene che tutti i trattamenti di cui sopra siano necessari per l&#8217;esecuzione di tali servizi. Le operazioni di prospezione commerciale si basano sul consenso dell&#8217;interessato al trattamento dei suoi dati.<\/p>\n\n\n\n<h2 class=\"wp-block-heading\">Per quanto tempo saranno conservati i tuoi dati?<strong><\/strong><\/h2>\n\n\n\n<p>COFIDUR EMS conserver\u00e0 i tuoi dati personali per i seguenti periodi:<\/p>\n\n\n\n<p>Tutti i dati personali raccolti dall&#8217;utente &#8220;cliente&#8221; saranno conservati per l&#8217;intera durata del rapporto commerciale e per un periodo di 5 anni dalla fine di tale rapporto commerciale (ad esempio, dalla data dell\u2019ultimo acquisto, ecc.), Tutti i dati personali dell&#8217;utente \u201cprospetto o prescrittore&#8221; che sono stati raccolti saranno conservati per 3 anni dall&#8217;ultimo contatto da parte dell&#8217;utente Internet (ad esempio, la richiesta di informazioni su un prodotto, un clic su un link ipertestuale, ecc.).<\/p>\n\n\n\n<h2 class=\"wp-block-heading\"><strong>Quali sono i diritti di accesso ai dati personali e come si possono esercitare?<\/strong><\/h2>\n\n\n\n<p>Chiunque utilizzi il servizio pu\u00f2 esercitare il diritto di accesso, rettifica, opposizione e cancellazione dei propri dati ai sensi degli articoli da 38 a 40 della legge francese del 6 gennaio 1978. Ai sensi del Regolamento 2016\/679 del 27 aprile 2016, le persone fisiche possono esercitare il diritto alla limitazione del trattamento, alla cancellazione dei propri dati e alla trasferibilit\u00e0 a partire dal 25 maggio 2018. Tali diritti possono essere esercitati nei confronti dell\u2019azienda COFIDUR EMS che ha raccolto i dati personali di seguito riportati, scrivendoci:<\/p>\n\n\n\n<p>Tramite posta a:<\/p>\n\n\n\n<p><br\/>COFIDUR EMS<br\/>79 RUE SAINT MELAINE<br\/>53000 LAVAL<\/p>\n\n\n\n<p>COFIDUR EMS invier\u00e0 una risposta entro un massimo di 1 mese dall&#8217;esercizio del diritto. In caso di risposta insoddisfacente, l&#8217;interessato pu\u00f2 rivolgersi alla \u00a0<a href=\"https:\/\/www.cnil.fr\/\">CNIL<\/a><\/p>\n<\/div>\n\n<div style=\"height:100px\" aria-hidden=\"true\" class=\"wp-block-spacer\"><\/div>\n","protected":false},"excerpt":{"rendered":"<p>Chi raccoglie i tuoi dati personali? Il responsabile del trattamento effettuato sul sito www.COFIDUR EMS.fr \u00e8:Gilles Delaunay Cofidur EMSCOFIDUR EMS79 RUE SAINT MELAINE53000 LAVAL La societ\u00e0 COFIDUR EMS, in qualit\u00e0 di titolare del trattamento, si impegna a rispettare le disposizioni della legge n\u00b078-17 del 6 gennaio 1978 e successive modifiche, relativa all&#8217;informatica, ai file e [&hellip;]<\/p>\n","protected":false},"author":2,"featured_media":0,"parent":0,"menu_order":8,"comment_status":"closed","ping_status":"closed","template":"","meta":{"_acf_changed":false,"footnotes":""},"class_list":["post-8190","page","type-page","status-publish","hentry"],"acf":[],"yoast_head":"<!-- This site is optimized with the Yoast SEO plugin v27.5 - https:\/\/yoast.com\/product\/yoast-seo-wordpress\/ -->\n<title>Politica sulla privacy - Groupe Cofidur<\/title>\n<meta name=\"description\" content=\"Consultate la nostra Informativa sulla privacy per capire come raccogliamo, utilizziamo e proteggiamo i vostri dati personali. Per saperne di pi\u00f9 sui vostri diritti e sulle nostre pratiche di riservatezza.\" \/>\n<meta name=\"robots\" content=\"index, follow, max-snippet:-1, max-image-preview:large, max-video-preview:-1\" \/>\n<link rel=\"canonical\" href=\"https:\/\/www.cofidur-groupe.com\/it\/politica-sulla-privacy\/\" \/>\n<meta property=\"og:locale\" content=\"it_IT\" \/>\n<meta property=\"og:type\" content=\"article\" \/>\n<meta property=\"og:title\" content=\"Politica sulla privacy - Groupe Cofidur\" \/>\n<meta property=\"og:description\" content=\"Consultate la nostra Informativa sulla privacy per capire come raccogliamo, utilizziamo e proteggiamo i vostri dati personali. Per saperne di pi\u00f9 sui vostri diritti e sulle nostre pratiche di riservatezza.\" \/>\n<meta property=\"og:url\" content=\"https:\/\/www.cofidur-groupe.com\/it\/politica-sulla-privacy\/\" \/>\n<meta property=\"og:site_name\" content=\"Groupe Cofidur\" \/>\n<meta property=\"article:modified_time\" content=\"2025-08-07T09:26:59+00:00\" \/>\n<meta property=\"og:image\" content=\"https:\/\/www.cofidur-groupe.com\/wp-content\/uploads\/2025\/01\/cofidur-site.jpg\" \/>\n\t<meta property=\"og:image:width\" content=\"1200\" \/>\n\t<meta property=\"og:image:height\" content=\"675\" \/>\n\t<meta property=\"og:image:type\" content=\"image\/jpeg\" \/>\n<meta name=\"twitter:card\" content=\"summary_large_image\" \/>\n<meta name=\"twitter:label1\" content=\"Tempo di lettura stimato\" \/>\n\t<meta name=\"twitter:data1\" content=\"2 minuti\" \/>\n<script type=\"application\/ld+json\" class=\"yoast-schema-graph\">{\"@context\":\"https:\\\/\\\/schema.org\",\"@graph\":[{\"@type\":\"WebPage\",\"@id\":\"https:\\\/\\\/www.cofidur-groupe.com\\\/it\\\/politica-sulla-privacy\\\/\",\"url\":\"https:\\\/\\\/www.cofidur-groupe.com\\\/it\\\/politica-sulla-privacy\\\/\",\"name\":\"Politica sulla privacy - Groupe Cofidur\",\"isPartOf\":{\"@id\":\"https:\\\/\\\/www.cofidur-groupe.com\\\/it\\\/#website\"},\"datePublished\":\"2024-07-02T08:53:20+00:00\",\"dateModified\":\"2025-08-07T09:26:59+00:00\",\"description\":\"Consultate la nostra Informativa sulla privacy per capire come raccogliamo, utilizziamo e proteggiamo i vostri dati personali. Per saperne di pi\u00f9 sui vostri diritti e sulle nostre pratiche di riservatezza.\",\"breadcrumb\":{\"@id\":\"https:\\\/\\\/www.cofidur-groupe.com\\\/it\\\/politica-sulla-privacy\\\/#breadcrumb\"},\"inLanguage\":\"it-IT\",\"potentialAction\":[{\"@type\":\"ReadAction\",\"target\":[\"https:\\\/\\\/www.cofidur-groupe.com\\\/it\\\/politica-sulla-privacy\\\/\"]}]},{\"@type\":\"BreadcrumbList\",\"@id\":\"https:\\\/\\\/www.cofidur-groupe.com\\\/it\\\/politica-sulla-privacy\\\/#breadcrumb\",\"itemListElement\":[{\"@type\":\"ListItem\",\"position\":1,\"name\":\"Groupe Cofidur\",\"item\":\"https:\\\/\\\/www.cofidur-groupe.com\\\/it\\\/\"},{\"@type\":\"ListItem\",\"position\":2,\"name\":\"Politica sulla privacy\"}]},{\"@type\":\"WebSite\",\"@id\":\"https:\\\/\\\/www.cofidur-groupe.com\\\/it\\\/#website\",\"url\":\"https:\\\/\\\/www.cofidur-groupe.com\\\/it\\\/\",\"name\":\"Groupe Cofidur\",\"description\":\"\",\"publisher\":{\"@id\":\"https:\\\/\\\/www.cofidur-groupe.com\\\/it\\\/#organization\"},\"potentialAction\":[{\"@type\":\"SearchAction\",\"target\":{\"@type\":\"EntryPoint\",\"urlTemplate\":\"https:\\\/\\\/www.cofidur-groupe.com\\\/it\\\/?s={search_term_string}\"},\"query-input\":{\"@type\":\"PropertyValueSpecification\",\"valueRequired\":true,\"valueName\":\"search_term_string\"}}],\"inLanguage\":\"it-IT\"},{\"@type\":\"Organization\",\"@id\":\"https:\\\/\\\/www.cofidur-groupe.com\\\/it\\\/#organization\",\"name\":\"Groupe Cofidur\",\"url\":\"https:\\\/\\\/www.cofidur-groupe.com\\\/it\\\/\",\"logo\":{\"@type\":\"ImageObject\",\"inLanguage\":\"it-IT\",\"@id\":\"https:\\\/\\\/www.cofidur-groupe.com\\\/it\\\/#\\\/schema\\\/logo\\\/image\\\/\",\"url\":\"https:\\\/\\\/www.cofidur-groupe.com\\\/wp-content\\\/uploads\\\/2024\\\/12\\\/logo_cofidur.svg\",\"contentUrl\":\"https:\\\/\\\/www.cofidur-groupe.com\\\/wp-content\\\/uploads\\\/2024\\\/12\\\/logo_cofidur.svg\",\"caption\":\"Groupe Cofidur\"},\"image\":{\"@id\":\"https:\\\/\\\/www.cofidur-groupe.com\\\/it\\\/#\\\/schema\\\/logo\\\/image\\\/\"},\"sameAs\":[\"https:\\\/\\\/www.linkedin.com\\\/company\\\/cofidur-ems\"]}]}<\/script>\n<!-- \/ Yoast SEO plugin. -->","yoast_head_json":{"title":"Politica sulla privacy - Groupe Cofidur","description":"Consultate la nostra Informativa sulla privacy per capire come raccogliamo, utilizziamo e proteggiamo i vostri dati personali. Per saperne di pi\u00f9 sui vostri diritti e sulle nostre pratiche di riservatezza.","robots":{"index":"index","follow":"follow","max-snippet":"max-snippet:-1","max-image-preview":"max-image-preview:large","max-video-preview":"max-video-preview:-1"},"canonical":"https:\/\/www.cofidur-groupe.com\/it\/politica-sulla-privacy\/","og_locale":"it_IT","og_type":"article","og_title":"Politica sulla privacy - Groupe Cofidur","og_description":"Consultate la nostra Informativa sulla privacy per capire come raccogliamo, utilizziamo e proteggiamo i vostri dati personali. Per saperne di pi\u00f9 sui vostri diritti e sulle nostre pratiche di riservatezza.","og_url":"https:\/\/www.cofidur-groupe.com\/it\/politica-sulla-privacy\/","og_site_name":"Groupe Cofidur","article_modified_time":"2025-08-07T09:26:59+00:00","og_image":[{"width":1200,"height":675,"url":"https:\/\/www.cofidur-groupe.com\/wp-content\/uploads\/2025\/01\/cofidur-site.jpg","type":"image\/jpeg"}],"twitter_card":"summary_large_image","twitter_misc":{"Tempo di lettura stimato":"2 minuti"},"schema":{"@context":"https:\/\/schema.org","@graph":[{"@type":"WebPage","@id":"https:\/\/www.cofidur-groupe.com\/it\/politica-sulla-privacy\/","url":"https:\/\/www.cofidur-groupe.com\/it\/politica-sulla-privacy\/","name":"Politica sulla privacy - Groupe Cofidur","isPartOf":{"@id":"https:\/\/www.cofidur-groupe.com\/it\/#website"},"datePublished":"2024-07-02T08:53:20+00:00","dateModified":"2025-08-07T09:26:59+00:00","description":"Consultate la nostra Informativa sulla privacy per capire come raccogliamo, utilizziamo e proteggiamo i vostri dati personali. Per saperne di pi\u00f9 sui vostri diritti e sulle nostre pratiche di riservatezza.","breadcrumb":{"@id":"https:\/\/www.cofidur-groupe.com\/it\/politica-sulla-privacy\/#breadcrumb"},"inLanguage":"it-IT","potentialAction":[{"@type":"ReadAction","target":["https:\/\/www.cofidur-groupe.com\/it\/politica-sulla-privacy\/"]}]},{"@type":"BreadcrumbList","@id":"https:\/\/www.cofidur-groupe.com\/it\/politica-sulla-privacy\/#breadcrumb","itemListElement":[{"@type":"ListItem","position":1,"name":"Groupe Cofidur","item":"https:\/\/www.cofidur-groupe.com\/it\/"},{"@type":"ListItem","position":2,"name":"Politica sulla privacy"}]},{"@type":"WebSite","@id":"https:\/\/www.cofidur-groupe.com\/it\/#website","url":"https:\/\/www.cofidur-groupe.com\/it\/","name":"Groupe Cofidur","description":"","publisher":{"@id":"https:\/\/www.cofidur-groupe.com\/it\/#organization"},"potentialAction":[{"@type":"SearchAction","target":{"@type":"EntryPoint","urlTemplate":"https:\/\/www.cofidur-groupe.com\/it\/?s={search_term_string}"},"query-input":{"@type":"PropertyValueSpecification","valueRequired":true,"valueName":"search_term_string"}}],"inLanguage":"it-IT"},{"@type":"Organization","@id":"https:\/\/www.cofidur-groupe.com\/it\/#organization","name":"Groupe Cofidur","url":"https:\/\/www.cofidur-groupe.com\/it\/","logo":{"@type":"ImageObject","inLanguage":"it-IT","@id":"https:\/\/www.cofidur-groupe.com\/it\/#\/schema\/logo\/image\/","url":"https:\/\/www.cofidur-groupe.com\/wp-content\/uploads\/2024\/12\/logo_cofidur.svg","contentUrl":"https:\/\/www.cofidur-groupe.com\/wp-content\/uploads\/2024\/12\/logo_cofidur.svg","caption":"Groupe Cofidur"},"image":{"@id":"https:\/\/www.cofidur-groupe.com\/it\/#\/schema\/logo\/image\/"},"sameAs":["https:\/\/www.linkedin.com\/company\/cofidur-ems"]}]}},"_links":{"self":[{"href":"https:\/\/www.cofidur-groupe.com\/it\/wp-json\/wp\/v2\/pages\/8190","targetHints":{"allow":["GET"]}}],"collection":[{"href":"https:\/\/www.cofidur-groupe.com\/it\/wp-json\/wp\/v2\/pages"}],"about":[{"href":"https:\/\/www.cofidur-groupe.com\/it\/wp-json\/wp\/v2\/types\/page"}],"author":[{"embeddable":true,"href":"https:\/\/www.cofidur-groupe.com\/it\/wp-json\/wp\/v2\/users\/2"}],"replies":[{"embeddable":true,"href":"https:\/\/www.cofidur-groupe.com\/it\/wp-json\/wp\/v2\/comments?post=8190"}],"version-history":[{"count":3,"href":"https:\/\/www.cofidur-groupe.com\/it\/wp-json\/wp\/v2\/pages\/8190\/revisions"}],"predecessor-version":[{"id":8668,"href":"https:\/\/www.cofidur-groupe.com\/it\/wp-json\/wp\/v2\/pages\/8190\/revisions\/8668"}],"wp:attachment":[{"href":"https:\/\/www.cofidur-groupe.com\/it\/wp-json\/wp\/v2\/media?parent=8190"}],"curies":[{"name":"wp","href":"https:\/\/api.w.org\/{rel}","templated":true}]}}